{"id":980,"date":"2017-07-22T07:19:07","date_gmt":"2017-07-22T07:19:07","guid":{"rendered":"http:\/\/broise-art.fr\/journal\/?page_id=980"},"modified":"2023-02-03T17:36:16","modified_gmt":"2023-02-03T17:36:16","slug":"zarathoustra","status":"publish","type":"page","link":"https:\/\/broise-art.fr\/journal\/menu_rivages\/zarathoustra\/","title":{"rendered":"Zarathoustra"},"content":{"rendered":"\t\t<div data-elementor-type=\"wp-post\" data-elementor-id=\"980\" class=\"elementor elementor-980\" data-elementor-post-type=\"page\">\n\t\t\t\t\t\t<section class=\"elementor-section elementor-top-section elementor-element elementor-element-672d668b elementor-section-boxed elementor-section-height-default elementor-section-height-default\" data-id=\"672d668b\" data-element_type=\"section\">\n\t\t\t\t\t\t<div class=\"elementor-container elementor-column-gap-default\">\n\t\t\t\t\t<div class=\"elementor-column elementor-col-100 elementor-top-column elementor-element elementor-element-5c1367cc\" data-id=\"5c1367cc\" data-element_type=\"column\">\n\t\t\t<div class=\"elementor-widget-wrap elementor-element-populated\">\n\t\t\t\t\t\t<div class=\"elementor-element elementor-element-29888c91 elementor-position-top elementor-widget elementor-widget-image-box\" data-id=\"29888c91\" data-element_type=\"widget\" data-widget_type=\"image-box.default\">\n\t\t\t\t<div class=\"elementor-widget-container\">\n\t\t\t\t\t<div class=\"elementor-image-box-wrapper\"><figure class=\"elementor-image-box-img\"><a href=\"https:\/\/broise-art.fr\/journal\/wp-content\/uploads\/2017\/07\/Zarathoustra-2-sur-3.jpg\" target=\"_blank\" tabindex=\"-1\"><img fetchpriority=\"high\" decoding=\"async\" width=\"669\" height=\"1000\" src=\"https:\/\/broise-art.fr\/journal\/wp-content\/uploads\/2017\/07\/Zarathoustra-2-sur-3.jpg\" class=\"attachment-full size-full wp-image-983\" alt=\"Zarathoustra. Oeuvre originale: tirage Fine Art de l&#039;artiste Christian Broise\" srcset=\"https:\/\/broise-art.fr\/journal\/wp-content\/uploads\/2017\/07\/Zarathoustra-2-sur-3.jpg 669w, https:\/\/broise-art.fr\/journal\/wp-content\/uploads\/2017\/07\/Zarathoustra-2-sur-3-201x300.jpg 201w\" sizes=\"(max-width: 669px) 100vw, 669px\" \/><\/a><\/figure><div class=\"elementor-image-box-content\"><h3 class=\"elementor-image-box-title\"><a href=\"https:\/\/broise-art.fr\/journal\/wp-content\/uploads\/2017\/07\/Zarathoustra-2-sur-3.jpg\" target=\"_blank\">Zarathoustra. Version 1<\/a><\/h3><p class=\"elementor-image-box-description\">Zarathoustra. Tirage pigmentaire<\/p><\/div><\/div>\t\t\t\t<\/div>\n\t\t\t\t<\/div>\n\t\t\t\t\t<\/div>\n\t\t<\/div>\n\t\t\t\t\t<\/div>\n\t\t<\/section>\n\t\t\t\t<section class=\"elementor-section elementor-top-section elementor-element elementor-element-4178b387 elementor-section-full_width elementor-section-height-default elementor-section-height-default\" data-id=\"4178b387\" data-element_type=\"section\">\n\t\t\t\t\t\t<div class=\"elementor-container elementor-column-gap-default\">\n\t\t\t\t\t<div class=\"elementor-column elementor-col-100 elementor-top-column elementor-element elementor-element-514b8c74\" data-id=\"514b8c74\" data-element_type=\"column\">\n\t\t\t<div class=\"elementor-widget-wrap elementor-element-populated\">\n\t\t\t\t\t\t<div class=\"elementor-element elementor-element-6a75bcb6 elementor-widget elementor-widget-text-editor\" data-id=\"6a75bcb6\" data-element_type=\"widget\" data-widget_type=\"text-editor.default\">\n\t\t\t\t<div class=\"elementor-widget-container\">\n\t\t\t\t\t\t\t\t\t<p style=\"text-align: justify;\">Je vous le dis : il faut porter encore en soi un chaos, pour pouvoir mettre au monde une \u00e9toile dansante. Je vous le dis : vous portez en vous un chaos.<\/p><p style=\"text-align: justify;\">Nietzsche, <em>Ainsi parlait Zarathoustra<\/em><\/p>\t\t\t\t\t\t\t\t<\/div>\n\t\t\t\t<\/div>\n\t\t\t\t\t<\/div>\n\t\t<\/div>\n\t\t\t\t\t<\/div>\n\t\t<\/section>\n\t\t\t\t<section class=\"elementor-section elementor-top-section elementor-element elementor-element-34ab37e9 elementor-section-boxed elementor-section-height-default elementor-section-height-default\" data-id=\"34ab37e9\" data-element_type=\"section\">\n\t\t\t\t\t\t<div class=\"elementor-container elementor-column-gap-default\">\n\t\t\t\t\t<div class=\"elementor-column elementor-col-100 elementor-top-column elementor-element elementor-element-5a01a876\" data-id=\"5a01a876\" data-element_type=\"column\">\n\t\t\t<div class=\"elementor-widget-wrap elementor-element-populated\">\n\t\t\t\t\t\t<div class=\"elementor-element elementor-element-b89bb4f elementor-position-top elementor-widget elementor-widget-image-box\" data-id=\"b89bb4f\" data-element_type=\"widget\" data-widget_type=\"image-box.default\">\n\t\t\t\t<div class=\"elementor-widget-container\">\n\t\t\t\t\t<div class=\"elementor-image-box-wrapper\"><figure class=\"elementor-image-box-img\"><a href=\"https:\/\/broise-art.fr\/journal\/wp-content\/uploads\/2017\/07\/Zarathoustra-3-sur-3.jpg\" target=\"_blank\" tabindex=\"-1\"><img decoding=\"async\" width=\"1000\" height=\"669\" src=\"https:\/\/broise-art.fr\/journal\/wp-content\/uploads\/2017\/07\/Zarathoustra-3-sur-3.jpg\" class=\"attachment-full size-full wp-image-984\" alt=\"Zarathoustra. Oeuvre originale: tirage Fine Art de l&#039;artiste Christian Broise\" srcset=\"https:\/\/broise-art.fr\/journal\/wp-content\/uploads\/2017\/07\/Zarathoustra-3-sur-3.jpg 1000w, https:\/\/broise-art.fr\/journal\/wp-content\/uploads\/2017\/07\/Zarathoustra-3-sur-3-300x201.jpg 300w, https:\/\/broise-art.fr\/journal\/wp-content\/uploads\/2017\/07\/Zarathoustra-3-sur-3-768x514.jpg 768w\" sizes=\"(max-width: 1000px) 100vw, 1000px\" \/><\/a><\/figure><div class=\"elementor-image-box-content\"><h3 class=\"elementor-image-box-title\"><a href=\"https:\/\/broise-art.fr\/journal\/wp-content\/uploads\/2017\/07\/Zarathoustra-3-sur-3.jpg\" target=\"_blank\">Version 2<\/a><\/h3><p class=\"elementor-image-box-description\">Tirage pigmentaire<\/p><\/div><\/div>\t\t\t\t<\/div>\n\t\t\t\t<\/div>\n\t\t\t\t\t<\/div>\n\t\t<\/div>\n\t\t\t\t\t<\/div>\n\t\t<\/section>\n\t\t\t\t<section class=\"elementor-section elementor-top-section elementor-element elementor-element-4f6e304 elementor-section-boxed elementor-section-height-default elementor-section-height-default\" data-id=\"4f6e304\" data-element_type=\"section\">\n\t\t\t\t\t\t<div class=\"elementor-container elementor-column-gap-default\">\n\t\t\t\t\t<div class=\"elementor-column elementor-col-100 elementor-top-column elementor-element elementor-element-8da9b46\" data-id=\"8da9b46\" data-element_type=\"column\">\n\t\t\t<div class=\"elementor-widget-wrap elementor-element-populated\">\n\t\t\t\t\t\t<div class=\"elementor-element elementor-element-abd220e elementor-position-top elementor-widget elementor-widget-image-box\" data-id=\"abd220e\" data-element_type=\"widget\" data-widget_type=\"image-box.default\">\n\t\t\t\t<div class=\"elementor-widget-container\">\n\t\t\t\t\t<div class=\"elementor-image-box-wrapper\"><figure class=\"elementor-image-box-img\"><a href=\"https:\/\/broise-art.fr\/journal\/wp-content\/uploads\/2017\/07\/Zarathoustra-1-sur-3.jpg\" target=\"_blank\" tabindex=\"-1\"><img decoding=\"async\" width=\"1000\" height=\"669\" src=\"https:\/\/broise-art.fr\/journal\/wp-content\/uploads\/2017\/07\/Zarathoustra-1-sur-3.jpg\" class=\"attachment-full size-full wp-image-982\" alt=\"Zarathoustra. Oeuvre originale: tirage Fine Art de l&#039;artiste Christian Broise\" srcset=\"https:\/\/broise-art.fr\/journal\/wp-content\/uploads\/2017\/07\/Zarathoustra-1-sur-3.jpg 1000w, https:\/\/broise-art.fr\/journal\/wp-content\/uploads\/2017\/07\/Zarathoustra-1-sur-3-300x201.jpg 300w, https:\/\/broise-art.fr\/journal\/wp-content\/uploads\/2017\/07\/Zarathoustra-1-sur-3-768x514.jpg 768w\" sizes=\"(max-width: 1000px) 100vw, 1000px\" \/><\/a><\/figure><div class=\"elementor-image-box-content\"><h3 class=\"elementor-image-box-title\"><a href=\"https:\/\/broise-art.fr\/journal\/wp-content\/uploads\/2017\/07\/Zarathoustra-1-sur-3.jpg\" target=\"_blank\">Version 3<\/a><\/h3><p class=\"elementor-image-box-description\">Tirage pigmentaire<\/p><\/div><\/div>\t\t\t\t<\/div>\n\t\t\t\t<\/div>\n\t\t\t\t\t<\/div>\n\t\t<\/div>\n\t\t\t\t\t<\/div>\n\t\t<\/section>\n\t\t\t\t<section class=\"elementor-section elementor-top-section elementor-element elementor-element-66307ed elementor-section-full_width elementor-section-height-default elementor-section-height-default\" data-id=\"66307ed\" data-element_type=\"section\">\n\t\t\t\t\t\t<div class=\"elementor-container elementor-column-gap-default\">\n\t\t\t\t\t<div class=\"elementor-column elementor-col-100 elementor-top-column elementor-element elementor-element-01ecfbb\" data-id=\"01ecfbb\" data-element_type=\"column\">\n\t\t\t<div class=\"elementor-widget-wrap elementor-element-populated\">\n\t\t\t\t\t\t<div class=\"elementor-element elementor-element-6307288 elementor-widget elementor-widget-text-editor\" data-id=\"6307288\" data-element_type=\"widget\" data-widget_type=\"text-editor.default\">\n\t\t\t\t<div class=\"elementor-widget-container\">\n\t\t\t\t\t\t\t\t\t<p style=\"text-align: justify;\">On est artiste \u00e0 la condition que l&rsquo;on sente comme un contenu, comme la \u00ab\u00a0chose elle m\u00eame\u00a0\u00bb, ce que les non-artistes appellent la forme. De ce fait, on appartient \u00e0 un monde renvers\u00e9, car maintenant, tout contenu nous appara\u00eet comme purement formel &#8211; y compris notre vie.<\/p><p style=\"text-align: justify;\">Friedrich Nietzsche, <em>Der Wille zur Macht<\/em> (Stuttgart, Kr\u00f6ner, 1930), p. 552. Trad.fr.: La volont\u00e9 de puissance (Paris, Gallimard, 1942),t.Ip.338. Cit\u00e9 par Herbert Marcuse, <em>La dimension esth\u00e9tique, pour une critique de l&rsquo;esth\u00e9tique marxiste<\/em> (Seuil, 1979),p.53\/54.<\/p>\t\t\t\t\t\t\t\t<\/div>\n\t\t\t\t<\/div>\n\t\t\t\t\t<\/div>\n\t\t<\/div>\n\t\t\t\t\t<\/div>\n\t\t<\/section>\n\t\t\t\t<\/div>\n\t\t","protected":false},"excerpt":{"rendered":"<p>Zarathoustra. Version 1 Zarathoustra. Tirage pigmentaire Je vous le dis : il faut porter encore en soi un chaos, pour pouvoir mettre au monde une \u00e9toile dansante. Je vous le dis : vous portez en vous un chaos. Nietzsche, Ainsi parlait Zarathoustra Version 2 Tirage pigmentaire Version 3 Tirage pigmentaire On est artiste \u00e0 la [&hellip;]<\/p>\n","protected":false},"author":1,"featured_media":0,"parent":4702,"menu_order":0,"comment_status":"closed","ping_status":"closed","template":"","meta":{"_seopress_robots_primary_cat":"","_seopress_titles_title":"Zarathoustra. Oeuvre originale: tirage Fine Art de l&#039;artiste Christian Broise","_seopress_titles_desc":"Impression pigmentaire sur le th\u00e8me \u00ab Zarathoustra \u00bb par l&#039;artiste Christian Broise. L\u2019\u0153uvre est le r\u00e9sultat d&#039;un travail bas\u00e9 sur l&#039;exploitation du mat\u00e9riau photographique. Le tirage est effectu\u00e9 par l&#039;artiste lui-m\u00eame et donne lieu \u00e0 une s\u00e9rie de 7 exemplaires maximum (tous formats confondus), certifi\u00e9s et sign\u00e9s.","_seopress_robots_index":"","footnotes":""},"class_list":["post-980","page","type-page","status-publish","hentry","entry"],"_links":{"self":[{"href":"https:\/\/broise-art.fr\/journal\/wp-json\/wp\/v2\/pages\/980","targetHints":{"allow":["GET"]}}],"collection":[{"href":"https:\/\/broise-art.fr\/journal\/wp-json\/wp\/v2\/pages"}],"about":[{"href":"https:\/\/broise-art.fr\/journal\/wp-json\/wp\/v2\/types\/page"}],"author":[{"embeddable":true,"href":"https:\/\/broise-art.fr\/journal\/wp-json\/wp\/v2\/users\/1"}],"replies":[{"embeddable":true,"href":"https:\/\/broise-art.fr\/journal\/wp-json\/wp\/v2\/comments?post=980"}],"version-history":[{"count":20,"href":"https:\/\/broise-art.fr\/journal\/wp-json\/wp\/v2\/pages\/980\/revisions"}],"predecessor-version":[{"id":6644,"href":"https:\/\/broise-art.fr\/journal\/wp-json\/wp\/v2\/pages\/980\/revisions\/6644"}],"up":[{"embeddable":true,"href":"https:\/\/broise-art.fr\/journal\/wp-json\/wp\/v2\/pages\/4702"}],"wp:attachment":[{"href":"https:\/\/broise-art.fr\/journal\/wp-json\/wp\/v2\/media?parent=980"}],"curies":[{"name":"wp","href":"https:\/\/api.w.org\/{rel}","templated":true}]}}