{"id":944,"date":"2017-07-20T17:49:47","date_gmt":"2017-07-20T17:49:47","guid":{"rendered":"http:\/\/broise-art.fr\/journal\/?page_id=944"},"modified":"2023-09-03T14:39:05","modified_gmt":"2023-09-03T14:39:05","slug":"dedale-1","status":"publish","type":"page","link":"https:\/\/broise-art.fr\/journal\/dedales\/dedale-1\/","title":{"rendered":"D\u00e9dale"},"content":{"rendered":"\t\t<div data-elementor-type=\"wp-post\" data-elementor-id=\"944\" class=\"elementor elementor-944\" data-elementor-post-type=\"page\">\n\t\t\t\t\t\t<section class=\"elementor-section elementor-top-section elementor-element elementor-element-edhkthf elementor-section-full_width elementor-section-height-default elementor-section-height-default\" data-id=\"edhkthf\" data-element_type=\"section\">\n\t\t\t\t\t\t<div class=\"elementor-container elementor-column-gap-default\">\n\t\t\t\t\t<div class=\"elementor-column elementor-col-100 elementor-top-column elementor-element elementor-element-jrmwuji\" data-id=\"jrmwuji\" data-element_type=\"column\">\n\t\t\t<div class=\"elementor-widget-wrap elementor-element-populated\">\n\t\t\t\t\t\t<section class=\"elementor-section elementor-inner-section elementor-element elementor-element-a8d0f39 elementor-section-boxed elementor-section-height-default elementor-section-height-default\" data-id=\"a8d0f39\" data-element_type=\"section\">\n\t\t\t\t\t\t<div class=\"elementor-container elementor-column-gap-default\">\n\t\t\t\t\t<div class=\"elementor-column elementor-col-50 elementor-inner-column elementor-element elementor-element-8bcca43\" data-id=\"8bcca43\" data-element_type=\"column\">\n\t\t\t<div class=\"elementor-widget-wrap elementor-element-populated\">\n\t\t\t\t\t\t<div class=\"elementor-element elementor-element-24f2e12 elementor-widget elementor-widget-image\" data-id=\"24f2e12\" data-element_type=\"widget\" data-widget_type=\"image.default\">\n\t\t\t\t<div class=\"elementor-widget-container\">\n\t\t\t\t\t\t\t\t\t\t\t\t<figure class=\"wp-caption\">\n\t\t\t\t\t\t\t\t\t\t\t<a href=\"https:\/\/broise-art.fr\/journal\/wp-content\/uploads\/2017\/07\/D\u00e9dale_1-1-sur-4.jpg\" data-elementor-open-lightbox=\"yes\" data-elementor-lightbox-title=\"D\u00e9dale_1 (1 sur 4)\" data-elementor-lightbox-description=\"Impression pigmentaire  sur le th\u00e8me \u00ab D\u00e9dale \u00bb par l&#039;artiste Christian Broise. L\u2019\u0153uvre est le r\u00e9sultat d&#039;un travail bas\u00e9 sur l&#039;exploitation  du mat\u00e9riau photographique. Le tirage est effectu\u00e9 par l&#039;artiste lui-m\u00eame et donne lieu \u00e0 une s\u00e9rie de 7 exemplaires maximum (tous formats confondus), certifi\u00e9s et sign\u00e9s.\" data-e-action-hash=\"#elementor-action%3Aaction%3Dlightbox%26settings%3DeyJpZCI6MTAxNSwidXJsIjoiaHR0cHM6XC9cL2Jyb2lzZS1hcnQuZnJcL2pvdXJuYWxcL3dwLWNvbnRlbnRcL3VwbG9hZHNcLzIwMTdcLzA3XC9EXHUwMGU5ZGFsZV8xLTEtc3VyLTQuanBnIn0%3D\">\n\t\t\t\t\t\t\t<img fetchpriority=\"high\" decoding=\"async\" width=\"1000\" height=\"669\" src=\"https:\/\/broise-art.fr\/journal\/wp-content\/uploads\/2017\/07\/D\u00e9dale_1-1-sur-4.jpg\" class=\"attachment-large size-large wp-image-1015\" alt=\"D\u00e9dale. Oeuvre originale: tirage Fine Art de l&#039;artiste Christian Broise\" srcset=\"https:\/\/broise-art.fr\/journal\/wp-content\/uploads\/2017\/07\/D\u00e9dale_1-1-sur-4.jpg 1000w, https:\/\/broise-art.fr\/journal\/wp-content\/uploads\/2017\/07\/D\u00e9dale_1-1-sur-4-300x201.jpg 300w, https:\/\/broise-art.fr\/journal\/wp-content\/uploads\/2017\/07\/D\u00e9dale_1-1-sur-4-768x514.jpg 768w\" sizes=\"(max-width: 1000px) 100vw, 1000px\" \/>\t\t\t\t\t\t\t\t<\/a>\n\t\t\t\t\t\t\t\t\t\t\t<figcaption class=\"widget-image-caption wp-caption-text\">D\u00e9dale 1<\/figcaption>\n\t\t\t\t\t\t\t\t\t\t<\/figure>\n\t\t\t\t\t\t\t\t\t<\/div>\n\t\t\t\t<\/div>\n\t\t\t\t\t<\/div>\n\t\t<\/div>\n\t\t\t\t<div class=\"elementor-column elementor-col-50 elementor-inner-column elementor-element elementor-element-f90e982\" data-id=\"f90e982\" data-element_type=\"column\">\n\t\t\t<div class=\"elementor-widget-wrap elementor-element-populated\">\n\t\t\t\t\t\t<div class=\"elementor-element elementor-element-c7d584a elementor-widget elementor-widget-image\" data-id=\"c7d584a\" data-element_type=\"widget\" data-widget_type=\"image.default\">\n\t\t\t\t<div class=\"elementor-widget-container\">\n\t\t\t\t\t\t\t\t\t\t\t\t<figure class=\"wp-caption\">\n\t\t\t\t\t\t\t\t\t\t\t<a href=\"https:\/\/broise-art.fr\/journal\/wp-content\/uploads\/2018\/07\/DedaleI-2.jpg\" data-elementor-open-lightbox=\"yes\" data-elementor-lightbox-title=\"DedaleI-2\" data-e-action-hash=\"#elementor-action%3Aaction%3Dlightbox%26settings%3DeyJpZCI6MjgyNiwidXJsIjoiaHR0cHM6XC9cL2Jyb2lzZS1hcnQuZnJcL2pvdXJuYWxcL3dwLWNvbnRlbnRcL3VwbG9hZHNcLzIwMThcLzA3XC9EZWRhbGVJLTIuanBnIn0%3D\">\n\t\t\t\t\t\t\t<img decoding=\"async\" width=\"1000\" height=\"747\" src=\"https:\/\/broise-art.fr\/journal\/wp-content\/uploads\/2018\/07\/DedaleI-2.jpg\" class=\"attachment-large size-large wp-image-2826\" alt=\"D\u00e9dale. Oeuvre originale: tirage Fine Art de l&#039;artiste Christian Broise\" srcset=\"https:\/\/broise-art.fr\/journal\/wp-content\/uploads\/2018\/07\/DedaleI-2.jpg 1000w, https:\/\/broise-art.fr\/journal\/wp-content\/uploads\/2018\/07\/DedaleI-2-300x224.jpg 300w, https:\/\/broise-art.fr\/journal\/wp-content\/uploads\/2018\/07\/DedaleI-2-768x574.jpg 768w\" sizes=\"(max-width: 1000px) 100vw, 1000px\" \/>\t\t\t\t\t\t\t\t<\/a>\n\t\t\t\t\t\t\t\t\t\t\t<figcaption class=\"widget-image-caption wp-caption-text\">D\u00e9dale 2<\/figcaption>\n\t\t\t\t\t\t\t\t\t\t<\/figure>\n\t\t\t\t\t\t\t\t\t<\/div>\n\t\t\t\t<\/div>\n\t\t\t\t\t<\/div>\n\t\t<\/div>\n\t\t\t\t\t<\/div>\n\t\t<\/section>\n\t\t\t\t<section class=\"elementor-section elementor-inner-section elementor-element elementor-element-f3bfc71 elementor-section-boxed elementor-section-height-default elementor-section-height-default\" data-id=\"f3bfc71\" data-element_type=\"section\">\n\t\t\t\t\t\t<div class=\"elementor-container elementor-column-gap-default\">\n\t\t\t\t\t<div class=\"elementor-column elementor-col-50 elementor-inner-column elementor-element elementor-element-5f7beaf\" data-id=\"5f7beaf\" data-element_type=\"column\">\n\t\t\t<div class=\"elementor-widget-wrap elementor-element-populated\">\n\t\t\t\t\t\t<div class=\"elementor-element elementor-element-741eb96 elementor-widget elementor-widget-image\" data-id=\"741eb96\" data-element_type=\"widget\" data-widget_type=\"image.default\">\n\t\t\t\t<div class=\"elementor-widget-container\">\n\t\t\t\t\t\t\t\t\t\t\t\t<figure class=\"wp-caption\">\n\t\t\t\t\t\t\t\t\t\t\t<a href=\"https:\/\/broise-art.fr\/journal\/wp-content\/uploads\/2017\/07\/D\u00e9dale_1-3-sur-4.jpg\" data-elementor-open-lightbox=\"yes\" data-elementor-lightbox-title=\"D\u00e9dale_1 (3 sur 4)\" data-elementor-lightbox-description=\"Impression pigmentaire  sur le th\u00e8me \u00ab D\u00e9dale \u00bb par l&#039;artiste Christian Broise. L\u2019\u0153uvre est le r\u00e9sultat d&#039;un travail bas\u00e9 sur l&#039;exploitation  du mat\u00e9riau photographique. Le tirage est effectu\u00e9 par l&#039;artiste lui-m\u00eame et donne lieu \u00e0 une s\u00e9rie de 7 exemplaires maximum (tous formats confondus), certifi\u00e9s et sign\u00e9s.\" data-e-action-hash=\"#elementor-action%3Aaction%3Dlightbox%26settings%3DeyJpZCI6MTAxNywidXJsIjoiaHR0cHM6XC9cL2Jyb2lzZS1hcnQuZnJcL2pvdXJuYWxcL3dwLWNvbnRlbnRcL3VwbG9hZHNcLzIwMTdcLzA3XC9EXHUwMGU5ZGFsZV8xLTMtc3VyLTQuanBnIn0%3D\">\n\t\t\t\t\t\t\t<img decoding=\"async\" width=\"1000\" height=\"667\" src=\"https:\/\/broise-art.fr\/journal\/wp-content\/uploads\/2017\/07\/D\u00e9dale_1-3-sur-4.jpg\" class=\"attachment-large size-large wp-image-1017\" alt=\"D\u00e9dale. Oeuvre originale: tirage Fine Art de l&#039;artiste Christian Broise\" srcset=\"https:\/\/broise-art.fr\/journal\/wp-content\/uploads\/2017\/07\/D\u00e9dale_1-3-sur-4.jpg 1000w, https:\/\/broise-art.fr\/journal\/wp-content\/uploads\/2017\/07\/D\u00e9dale_1-3-sur-4-300x200.jpg 300w, https:\/\/broise-art.fr\/journal\/wp-content\/uploads\/2017\/07\/D\u00e9dale_1-3-sur-4-768x512.jpg 768w\" sizes=\"(max-width: 1000px) 100vw, 1000px\" \/>\t\t\t\t\t\t\t\t<\/a>\n\t\t\t\t\t\t\t\t\t\t\t<figcaption class=\"widget-image-caption wp-caption-text\">D\u00e9dale 3<\/figcaption>\n\t\t\t\t\t\t\t\t\t\t<\/figure>\n\t\t\t\t\t\t\t\t\t<\/div>\n\t\t\t\t<\/div>\n\t\t\t\t\t<\/div>\n\t\t<\/div>\n\t\t\t\t<div class=\"elementor-column elementor-col-50 elementor-inner-column elementor-element elementor-element-f7f914f\" data-id=\"f7f914f\" data-element_type=\"column\">\n\t\t\t<div class=\"elementor-widget-wrap elementor-element-populated\">\n\t\t\t\t\t\t<div class=\"elementor-element elementor-element-86185c1 elementor-widget elementor-widget-image\" data-id=\"86185c1\" data-element_type=\"widget\" data-widget_type=\"image.default\">\n\t\t\t\t<div class=\"elementor-widget-container\">\n\t\t\t\t\t\t\t\t\t\t\t\t<figure class=\"wp-caption\">\n\t\t\t\t\t\t\t\t\t\t\t<a href=\"https:\/\/broise-art.fr\/journal\/wp-content\/uploads\/2017\/07\/D\u00e9dale_1-4-sur-4.jpg\" data-elementor-open-lightbox=\"yes\" data-elementor-lightbox-title=\"D\u00e9dale_1 (4 sur 4)\" data-elementor-lightbox-description=\"Impression pigmentaire  sur le th\u00e8me \u00ab D\u00e9dale \u00bb par l&#039;artiste Christian Broise. L\u2019\u0153uvre est le r\u00e9sultat d&#039;un travail bas\u00e9 sur l&#039;exploitation  du mat\u00e9riau photographique. Le tirage est effectu\u00e9 par l&#039;artiste lui-m\u00eame et donne lieu \u00e0 une s\u00e9rie de 7 exemplaires maximum (tous formats confondus), certifi\u00e9s et sign\u00e9s.\" data-e-action-hash=\"#elementor-action%3Aaction%3Dlightbox%26settings%3DeyJpZCI6MTAxOCwidXJsIjoiaHR0cHM6XC9cL2Jyb2lzZS1hcnQuZnJcL2pvdXJuYWxcL3dwLWNvbnRlbnRcL3VwbG9hZHNcLzIwMTdcLzA3XC9EXHUwMGU5ZGFsZV8xLTQtc3VyLTQuanBnIn0%3D\">\n\t\t\t\t\t\t\t<img loading=\"lazy\" decoding=\"async\" width=\"1000\" height=\"667\" src=\"https:\/\/broise-art.fr\/journal\/wp-content\/uploads\/2017\/07\/D\u00e9dale_1-4-sur-4.jpg\" class=\"attachment-large size-large wp-image-1018\" alt=\"D\u00e9dale. Oeuvre originale: tirage Fine Art de l&#039;artiste Christian Broise\" srcset=\"https:\/\/broise-art.fr\/journal\/wp-content\/uploads\/2017\/07\/D\u00e9dale_1-4-sur-4.jpg 1000w, https:\/\/broise-art.fr\/journal\/wp-content\/uploads\/2017\/07\/D\u00e9dale_1-4-sur-4-300x200.jpg 300w, https:\/\/broise-art.fr\/journal\/wp-content\/uploads\/2017\/07\/D\u00e9dale_1-4-sur-4-768x512.jpg 768w\" sizes=\"(max-width: 1000px) 100vw, 1000px\" \/>\t\t\t\t\t\t\t\t<\/a>\n\t\t\t\t\t\t\t\t\t\t\t<figcaption class=\"widget-image-caption wp-caption-text\">D\u00e9dale 4<\/figcaption>\n\t\t\t\t\t\t\t\t\t\t<\/figure>\n\t\t\t\t\t\t\t\t\t<\/div>\n\t\t\t\t<\/div>\n\t\t\t\t\t<\/div>\n\t\t<\/div>\n\t\t\t\t\t<\/div>\n\t\t<\/section>\n\t\t\t\t\t<\/div>\n\t\t<\/div>\n\t\t\t\t\t<\/div>\n\t\t<\/section>\n\t\t\t\t<section class=\"elementor-section elementor-top-section elementor-element elementor-element-iskgsqm elementor-section-height-min-height elementor-section-content-middle elementor-section-boxed elementor-section-height-default elementor-section-items-middle\" data-id=\"iskgsqm\" data-element_type=\"section\">\n\t\t\t\t\t\t<div class=\"elementor-container elementor-column-gap-default\">\n\t\t\t\t\t<div class=\"elementor-column elementor-col-100 elementor-top-column elementor-element elementor-element-ghminhu\" data-id=\"ghminhu\" data-element_type=\"column\">\n\t\t\t<div class=\"elementor-widget-wrap elementor-element-populated\">\n\t\t\t\t\t\t<div class=\"elementor-element elementor-element-vo48row elementor-widget elementor-widget-video\" data-id=\"vo48row\" data-element_type=\"widget\" data-settings=\"{&quot;video_type&quot;:&quot;vimeo&quot;}\" data-widget_type=\"video.default\">\n\t\t\t\t<div class=\"elementor-widget-container\">\n\t\t\t\t\t\t\t<div class=\"elementor-wrapper elementor-open-inline\">\n\t\t\t<iframe class=\"elementor-video-iframe\" allowfullscreen allow=\"clipboard-write\" title=\"Lecteur vid\u00e9o vimeo\" src=\"https:\/\/player.vimeo.com\/video\/44465877?color&amp;autopause=0&amp;loop=0&amp;muted=0&amp;title=1&amp;portrait=1&amp;byline=1#t=\"><\/iframe>\t\t<\/div>\n\t\t\t\t\t\t<\/div>\n\t\t\t\t<\/div>\n\t\t\t\t<div class=\"elementor-element elementor-element-mmmyjnc elementor-widget elementor-widget-text-editor\" data-id=\"mmmyjnc\" data-element_type=\"widget\" data-widget_type=\"text-editor.default\">\n\t\t\t\t<div class=\"elementor-widget-container\">\n\t\t\t\t\t\t\t\t\t<p style=\"text-align: justify;\">(&#8230;) &#8230;depuis lors, la solitude ne me fait plus souffrir, parce que je sais que mon r\u00e9dempteur existe, et qu&rsquo;\u00e0 la fin il se l\u00e8vera sur la poussi\u00e8re. Si je pouvais entendre toutes les rumeurs du monde, je percevrais le bruit de ses pas. Pourvu qu&rsquo;il me conduise dans un lieu o\u00f9 il y aura moins de galeries et moins de portes.<\/p><p style=\"text-align: justify;\">Borg\u00e8s<\/p>\t\t\t\t\t\t\t\t<\/div>\n\t\t\t\t<\/div>\n\t\t\t\t\t<\/div>\n\t\t<\/div>\n\t\t\t\t\t<\/div>\n\t\t<\/section>\n\t\t\t\t<section class=\"elementor-section elementor-top-section elementor-element elementor-element-b91149b elementor-section-boxed elementor-section-height-default elementor-section-height-default\" data-id=\"b91149b\" data-element_type=\"section\">\n\t\t\t\t\t\t<div class=\"elementor-container elementor-column-gap-default\">\n\t\t\t\t\t<div class=\"elementor-column elementor-col-50 elementor-top-column elementor-element elementor-element-df41b74\" data-id=\"df41b74\" data-element_type=\"column\">\n\t\t\t<div class=\"elementor-widget-wrap elementor-element-populated\">\n\t\t\t\t\t\t<div class=\"elementor-element elementor-element-c25b93d elementor-widget elementor-widget-image\" data-id=\"c25b93d\" data-element_type=\"widget\" data-widget_type=\"image.default\">\n\t\t\t\t<div class=\"elementor-widget-container\">\n\t\t\t\t\t\t\t\t\t\t\t\t<figure class=\"wp-caption\">\n\t\t\t\t\t\t\t\t\t\t\t<a href=\"https:\/\/broise-art.fr\/journal\/wp-content\/uploads\/2023\/09\/Dedale-5.jpg\" data-elementor-open-lightbox=\"yes\" data-elementor-lightbox-title=\"Dedale 5\" data-elementor-lightbox-description=\"D\u00e9dale V. Oeuvre originale: tirage Fine Art de Christian Broise\" data-e-action-hash=\"#elementor-action%3Aaction%3Dlightbox%26settings%3DeyJpZCI6Njg3NSwidXJsIjoiaHR0cHM6XC9cL2Jyb2lzZS1hcnQuZnJcL2pvdXJuYWxcL3dwLWNvbnRlbnRcL3VwbG9hZHNcLzIwMjNcLzA5XC9EZWRhbGUtNS5qcGcifQ%3D%3D\">\n\t\t\t\t\t\t\t<img loading=\"lazy\" decoding=\"async\" width=\"1000\" height=\"669\" src=\"https:\/\/broise-art.fr\/journal\/wp-content\/uploads\/2023\/09\/Dedale-5.jpg\" class=\"attachment-large size-large wp-image-6875\" alt=\"D\u00e9dale V. Oeuvre originale: tirage Fine Art de Christian Broise\" srcset=\"https:\/\/broise-art.fr\/journal\/wp-content\/uploads\/2023\/09\/Dedale-5.jpg 1000w, https:\/\/broise-art.fr\/journal\/wp-content\/uploads\/2023\/09\/Dedale-5-300x201.jpg 300w, https:\/\/broise-art.fr\/journal\/wp-content\/uploads\/2023\/09\/Dedale-5-768x514.jpg 768w\" sizes=\"(max-width: 1000px) 100vw, 1000px\" \/>\t\t\t\t\t\t\t\t<\/a>\n\t\t\t\t\t\t\t\t\t\t\t<figcaption class=\"widget-image-caption wp-caption-text\">D\u00e9dale 5<\/figcaption>\n\t\t\t\t\t\t\t\t\t\t<\/figure>\n\t\t\t\t\t\t\t\t\t<\/div>\n\t\t\t\t<\/div>\n\t\t\t\t<div class=\"elementor-element elementor-element-7d14a67 elementor-widget elementor-widget-image\" data-id=\"7d14a67\" data-element_type=\"widget\" data-widget_type=\"image.default\">\n\t\t\t\t<div class=\"elementor-widget-container\">\n\t\t\t\t\t\t\t\t\t\t\t\t<figure class=\"wp-caption\">\n\t\t\t\t\t\t\t\t\t\t\t<a href=\"https:\/\/broise-art.fr\/journal\/wp-content\/uploads\/2017\/07\/D\u00e9dale_II-1-sur-2.jpg\" data-elementor-open-lightbox=\"yes\" data-elementor-lightbox-title=\"D\u00e9dale_II (1 sur 2)\" data-elementor-lightbox-description=\"Impression pigmentaire  sur le th\u00e8me \u00ab D\u00e9dale \u00bb par l&#039;artiste Christian Broise. L\u2019\u0153uvre est le r\u00e9sultat d&#039;un travail bas\u00e9 sur l&#039;exploitation  du mat\u00e9riau photographique. Le tirage est effectu\u00e9 par l&#039;artiste lui-m\u00eame et donne lieu \u00e0 une s\u00e9rie de 7 exemplaires maximum (tous formats confondus), certifi\u00e9s et sign\u00e9s.\" data-e-action-hash=\"#elementor-action%3Aaction%3Dlightbox%26settings%3DeyJpZCI6OTM1LCJ1cmwiOiJodHRwczpcL1wvYnJvaXNlLWFydC5mclwvam91cm5hbFwvd3AtY29udGVudFwvdXBsb2Fkc1wvMjAxN1wvMDdcL0RcdTAwZTlkYWxlX0lJLTEtc3VyLTIuanBnIn0%3D\">\n\t\t\t\t\t\t\t<img loading=\"lazy\" decoding=\"async\" width=\"1000\" height=\"668\" src=\"https:\/\/broise-art.fr\/journal\/wp-content\/uploads\/2017\/07\/D\u00e9dale_II-1-sur-2.jpg\" class=\"attachment-large size-large wp-image-935\" alt=\"D\u00e9dale. Oeuvre originale: tirage Fine Art de l&#039;artiste Christian Broise\" srcset=\"https:\/\/broise-art.fr\/journal\/wp-content\/uploads\/2017\/07\/D\u00e9dale_II-1-sur-2.jpg 1000w, https:\/\/broise-art.fr\/journal\/wp-content\/uploads\/2017\/07\/D\u00e9dale_II-1-sur-2-300x200.jpg 300w, https:\/\/broise-art.fr\/journal\/wp-content\/uploads\/2017\/07\/D\u00e9dale_II-1-sur-2-768x513.jpg 768w\" sizes=\"(max-width: 1000px) 100vw, 1000px\" \/>\t\t\t\t\t\t\t\t<\/a>\n\t\t\t\t\t\t\t\t\t\t\t<figcaption class=\"widget-image-caption wp-caption-text\">D\u00e9dale 7<\/figcaption>\n\t\t\t\t\t\t\t\t\t\t<\/figure>\n\t\t\t\t\t\t\t\t\t<\/div>\n\t\t\t\t<\/div>\n\t\t\t\t\t<\/div>\n\t\t<\/div>\n\t\t\t\t<div class=\"elementor-column elementor-col-50 elementor-top-column elementor-element elementor-element-6feb5bd\" data-id=\"6feb5bd\" data-element_type=\"column\">\n\t\t\t<div class=\"elementor-widget-wrap elementor-element-populated\">\n\t\t\t\t\t\t<div class=\"elementor-element elementor-element-abdb739 elementor-widget elementor-widget-image\" data-id=\"abdb739\" data-element_type=\"widget\" data-widget_type=\"image.default\">\n\t\t\t\t<div class=\"elementor-widget-container\">\n\t\t\t\t\t\t\t\t\t\t\t\t<figure class=\"wp-caption\">\n\t\t\t\t\t\t\t\t\t\t\t<a href=\"https:\/\/broise-art.fr\/journal\/wp-content\/uploads\/2023\/09\/Dedale-6.jpg\" data-elementor-open-lightbox=\"yes\" data-elementor-lightbox-title=\"D\u00e9dale 6\" data-elementor-lightbox-description=\"D\u00e9dale VI. Oeuvre originale: tirage Fine Art de Christian Broise\" data-e-action-hash=\"#elementor-action%3Aaction%3Dlightbox%26settings%3DeyJpZCI6Njg3NiwidXJsIjoiaHR0cHM6XC9cL2Jyb2lzZS1hcnQuZnJcL2pvdXJuYWxcL3dwLWNvbnRlbnRcL3VwbG9hZHNcLzIwMjNcLzA5XC9EZWRhbGUtNi5qcGcifQ%3D%3D\">\n\t\t\t\t\t\t\t<img loading=\"lazy\" decoding=\"async\" width=\"1000\" height=\"669\" src=\"https:\/\/broise-art.fr\/journal\/wp-content\/uploads\/2023\/09\/Dedale-6.jpg\" class=\"attachment-large size-large wp-image-6876\" alt=\"D\u00e9dale VI. Oeuvre originale: tirage Fine Art de Christian Broise\" srcset=\"https:\/\/broise-art.fr\/journal\/wp-content\/uploads\/2023\/09\/Dedale-6.jpg 1000w, https:\/\/broise-art.fr\/journal\/wp-content\/uploads\/2023\/09\/Dedale-6-300x201.jpg 300w, https:\/\/broise-art.fr\/journal\/wp-content\/uploads\/2023\/09\/Dedale-6-768x514.jpg 768w\" sizes=\"(max-width: 1000px) 100vw, 1000px\" \/>\t\t\t\t\t\t\t\t<\/a>\n\t\t\t\t\t\t\t\t\t\t\t<figcaption class=\"widget-image-caption wp-caption-text\">D\u00e9dale 6<\/figcaption>\n\t\t\t\t\t\t\t\t\t\t<\/figure>\n\t\t\t\t\t\t\t\t\t<\/div>\n\t\t\t\t<\/div>\n\t\t\t\t<div class=\"elementor-element elementor-element-53f32bf elementor-widget elementor-widget-image\" data-id=\"53f32bf\" data-element_type=\"widget\" data-widget_type=\"image.default\">\n\t\t\t\t<div class=\"elementor-widget-container\">\n\t\t\t\t\t\t\t\t\t\t\t\t<figure class=\"wp-caption\">\n\t\t\t\t\t\t\t\t\t\t\t<a href=\"https:\/\/broise-art.fr\/journal\/wp-content\/uploads\/2017\/07\/D\u00e9dale_II-2-sur-2.jpg\" data-elementor-open-lightbox=\"yes\" data-elementor-lightbox-title=\"D\u00e9dale_II (2 sur 2)\" data-elementor-lightbox-description=\"Impression pigmentaire  sur le th\u00e8me \u00ab D\u00e9dale \u00bb par l&#039;artiste Christian Broise. L\u2019\u0153uvre est le r\u00e9sultat d&#039;un travail bas\u00e9 sur l&#039;exploitation  du mat\u00e9riau photographique. Le tirage est effectu\u00e9 par l&#039;artiste lui-m\u00eame et donne lieu \u00e0 une s\u00e9rie de 7 exemplaires maximum (tous formats confondus), certifi\u00e9s et sign\u00e9s.\" data-e-action-hash=\"#elementor-action%3Aaction%3Dlightbox%26settings%3DeyJpZCI6OTM2LCJ1cmwiOiJodHRwczpcL1wvYnJvaXNlLWFydC5mclwvam91cm5hbFwvd3AtY29udGVudFwvdXBsb2Fkc1wvMjAxN1wvMDdcL0RcdTAwZTlkYWxlX0lJLTItc3VyLTIuanBnIn0%3D\">\n\t\t\t\t\t\t\t<img loading=\"lazy\" decoding=\"async\" width=\"1000\" height=\"668\" src=\"https:\/\/broise-art.fr\/journal\/wp-content\/uploads\/2017\/07\/D\u00e9dale_II-2-sur-2.jpg\" class=\"attachment-large size-large wp-image-936\" alt=\"D\u00e9dale. Oeuvre originale: tirage Fine Art de l&#039;artiste Christian Broise\" srcset=\"https:\/\/broise-art.fr\/journal\/wp-content\/uploads\/2017\/07\/D\u00e9dale_II-2-sur-2.jpg 1000w, https:\/\/broise-art.fr\/journal\/wp-content\/uploads\/2017\/07\/D\u00e9dale_II-2-sur-2-300x200.jpg 300w, https:\/\/broise-art.fr\/journal\/wp-content\/uploads\/2017\/07\/D\u00e9dale_II-2-sur-2-768x513.jpg 768w\" sizes=\"(max-width: 1000px) 100vw, 1000px\" \/>\t\t\t\t\t\t\t\t<\/a>\n\t\t\t\t\t\t\t\t\t\t\t<figcaption class=\"widget-image-caption wp-caption-text\">D\u00e9dale 8<\/figcaption>\n\t\t\t\t\t\t\t\t\t\t<\/figure>\n\t\t\t\t\t\t\t\t\t<\/div>\n\t\t\t\t<\/div>\n\t\t\t\t\t<\/div>\n\t\t<\/div>\n\t\t\t\t\t<\/div>\n\t\t<\/section>\n\t\t\t\t<section class=\"elementor-section elementor-top-section elementor-element elementor-element-1923c3d elementor-section-boxed elementor-section-height-default elementor-section-height-default\" data-id=\"1923c3d\" data-element_type=\"section\">\n\t\t\t\t\t\t<div class=\"elementor-container elementor-column-gap-default\">\n\t\t\t\t\t<div class=\"elementor-column elementor-col-100 elementor-top-column elementor-element elementor-element-bd89511\" data-id=\"bd89511\" data-element_type=\"column\">\n\t\t\t<div class=\"elementor-widget-wrap elementor-element-populated\">\n\t\t\t\t\t\t<div class=\"elementor-element elementor-element-9425ac2 elementor-widget elementor-widget-text-editor\" data-id=\"9425ac2\" data-element_type=\"widget\" data-widget_type=\"text-editor.default\">\n\t\t\t\t<div class=\"elementor-widget-container\">\n\t\t\t\t\t\t\t\t\t<p style=\"text-align: justify;\">Pas de d\u00e9tours. J&rsquo;aime la peinture qui fait face. J&rsquo;aime l&rsquo;aborder de front, sans les lignes de fuite d&rsquo;une vue perpective.<\/p><p style=\"text-align: justify;\">Pierre Soulages, Pierre Soulages,<em> Outrenoir<\/em>. Entretien avec Fran\u00e7oise Jaunin, Lausanne, la biblioth\u00e8que des Arts, 2012, p.45.<\/p>\t\t\t\t\t\t\t\t<\/div>\n\t\t\t\t<\/div>\n\t\t\t\t\t<\/div>\n\t\t<\/div>\n\t\t\t\t\t<\/div>\n\t\t<\/section>\n\t\t\t\t<\/div>\n\t\t","protected":false},"excerpt":{"rendered":"<p>D\u00e9dale 1 D\u00e9dale 2 D\u00e9dale 3 D\u00e9dale 4 https:\/\/vimeo.com\/44465877 (&#8230;) &#8230;depuis lors, la solitude ne me fait plus souffrir, parce que je sais que mon r\u00e9dempteur existe, et qu&rsquo;\u00e0 la fin il se l\u00e8vera sur la poussi\u00e8re. Si je pouvais entendre toutes les rumeurs du monde, je percevrais le bruit de ses pas. Pourvu qu&rsquo;il [&hellip;]<\/p>\n","protected":false},"author":1,"featured_media":0,"parent":4615,"menu_order":0,"comment_status":"closed","ping_status":"closed","template":"","meta":{"_seopress_robots_primary_cat":"","_seopress_titles_title":"D\u00e9dale. Oeuvre originale: tirage Fine Art de l&#039;artiste Christian Broise","_seopress_titles_desc":"Impression pigmentaire sur le th\u00e8me \u00ab D\u00e9dale \u00bb par l&#039;artiste Christian Broise. L\u2019\u0153uvre est le r\u00e9sultat d&#039;un travail bas\u00e9 sur l&#039;exploitation du mat\u00e9riau photographique. Le tirage est effectu\u00e9 par l&#039;artiste lui-m\u00eame et donne lieu \u00e0 une s\u00e9rie de 7 exemplaires maximum (tous formats confondus), certifi\u00e9s et sign\u00e9s.","_seopress_robots_index":"","footnotes":""},"class_list":["post-944","page","type-page","status-publish","hentry","entry"],"_links":{"self":[{"href":"https:\/\/broise-art.fr\/journal\/wp-json\/wp\/v2\/pages\/944","targetHints":{"allow":["GET"]}}],"collection":[{"href":"https:\/\/broise-art.fr\/journal\/wp-json\/wp\/v2\/pages"}],"about":[{"href":"https:\/\/broise-art.fr\/journal\/wp-json\/wp\/v2\/types\/page"}],"author":[{"embeddable":true,"href":"https:\/\/broise-art.fr\/journal\/wp-json\/wp\/v2\/users\/1"}],"replies":[{"embeddable":true,"href":"https:\/\/broise-art.fr\/journal\/wp-json\/wp\/v2\/comments?post=944"}],"version-history":[{"count":37,"href":"https:\/\/broise-art.fr\/journal\/wp-json\/wp\/v2\/pages\/944\/revisions"}],"predecessor-version":[{"id":6880,"href":"https:\/\/broise-art.fr\/journal\/wp-json\/wp\/v2\/pages\/944\/revisions\/6880"}],"up":[{"embeddable":true,"href":"https:\/\/broise-art.fr\/journal\/wp-json\/wp\/v2\/pages\/4615"}],"wp:attachment":[{"href":"https:\/\/broise-art.fr\/journal\/wp-json\/wp\/v2\/media?parent=944"}],"curies":[{"name":"wp","href":"https:\/\/api.w.org\/{rel}","templated":true}]}}