{"id":826,"date":"2017-07-19T15:16:07","date_gmt":"2017-07-19T15:16:07","guid":{"rendered":"http:\/\/broise-art.fr\/journal\/?page_id=826"},"modified":"2023-02-03T17:13:02","modified_gmt":"2023-02-03T17:13:02","slug":"sodome-et-gomorrhe","status":"publish","type":"page","link":"https:\/\/broise-art.fr\/journal\/enfers\/sodome-et-gomorrhe\/","title":{"rendered":"Sodome et Gomorrhe"},"content":{"rendered":"\t\t<div data-elementor-type=\"wp-post\" data-elementor-id=\"826\" class=\"elementor elementor-826\" data-elementor-post-type=\"page\">\n\t\t\t\t\t\t<section class=\"elementor-section elementor-top-section elementor-element elementor-element-edhkthf elementor-section-full_width elementor-section-height-default elementor-section-height-default\" data-id=\"edhkthf\" data-element_type=\"section\">\n\t\t\t\t\t\t<div class=\"elementor-container elementor-column-gap-default\">\n\t\t\t\t\t<div class=\"elementor-column elementor-col-100 elementor-top-column elementor-element elementor-element-jrmwuji\" data-id=\"jrmwuji\" data-element_type=\"column\">\n\t\t\t<div class=\"elementor-widget-wrap elementor-element-populated\">\n\t\t\t\t\t\t<div class=\"elementor-element elementor-element-qfyrolz elementor-position-top elementor-widget elementor-widget-image-box\" data-id=\"qfyrolz\" data-element_type=\"widget\" data-widget_type=\"image-box.default\">\n\t\t\t\t<div class=\"elementor-widget-container\">\n\t\t\t\t\t<div class=\"elementor-image-box-wrapper\"><figure class=\"elementor-image-box-img\"><a href=\"https:\/\/broise-art.fr\/journal\/wp-content\/uploads\/2017\/12\/sodome-et-gomorrhe-1.jpg\" target=\"_blank\" tabindex=\"-1\"><img fetchpriority=\"high\" decoding=\"async\" width=\"1000\" height=\"1000\" src=\"https:\/\/broise-art.fr\/journal\/wp-content\/uploads\/2017\/12\/sodome-et-gomorrhe-1.jpg\" class=\"attachment-full size-full wp-image-1378\" alt=\"Sodome et Gomorrhe. Oeuvre originale\u00a0:tirage Fine Art de l&#039;artiste Christian Broise\" srcset=\"https:\/\/broise-art.fr\/journal\/wp-content\/uploads\/2017\/12\/sodome-et-gomorrhe-1.jpg 1000w, https:\/\/broise-art.fr\/journal\/wp-content\/uploads\/2017\/12\/sodome-et-gomorrhe-1-150x150.jpg 150w, https:\/\/broise-art.fr\/journal\/wp-content\/uploads\/2017\/12\/sodome-et-gomorrhe-1-300x300.jpg 300w, https:\/\/broise-art.fr\/journal\/wp-content\/uploads\/2017\/12\/sodome-et-gomorrhe-1-768x768.jpg 768w\" sizes=\"(max-width: 1000px) 100vw, 1000px\" \/><\/a><\/figure><div class=\"elementor-image-box-content\"><h3 class=\"elementor-image-box-title\"><a href=\"https:\/\/broise-art.fr\/journal\/wp-content\/uploads\/2017\/12\/sodome-et-gomorrhe-1.jpg\" target=\"_blank\">Sodome et Gomorrhe 1<\/a><\/h3><p class=\"elementor-image-box-description\">Sodome et Gomorrhe, impression pigmentaire<\/p><\/div><\/div>\t\t\t\t<\/div>\n\t\t\t\t<\/div>\n\t\t\t\t<div class=\"elementor-element elementor-element-c745dce elementor-position-top elementor-widget elementor-widget-image-box\" data-id=\"c745dce\" data-element_type=\"widget\" data-widget_type=\"image-box.default\">\n\t\t\t\t<div class=\"elementor-widget-container\">\n\t\t\t\t\t<div class=\"elementor-image-box-wrapper\"><figure class=\"elementor-image-box-img\"><a href=\"https:\/\/broise-art.fr\/journal\/wp-content\/uploads\/2018\/04\/sodome-et-gomorrhe-2.jpg\" target=\"_blank\" tabindex=\"-1\"><img decoding=\"async\" width=\"1000\" height=\"1000\" src=\"https:\/\/broise-art.fr\/journal\/wp-content\/uploads\/2018\/04\/sodome-et-gomorrhe-2.jpg\" class=\"attachment-full size-full wp-image-2325\" alt=\"Sodome et Gomorrhe. Oeuvre originale\u00a0:tirage Fine Art de l&#039;artiste Christian Broise\" srcset=\"https:\/\/broise-art.fr\/journal\/wp-content\/uploads\/2018\/04\/sodome-et-gomorrhe-2.jpg 1000w, https:\/\/broise-art.fr\/journal\/wp-content\/uploads\/2018\/04\/sodome-et-gomorrhe-2-150x150.jpg 150w, https:\/\/broise-art.fr\/journal\/wp-content\/uploads\/2018\/04\/sodome-et-gomorrhe-2-300x300.jpg 300w, https:\/\/broise-art.fr\/journal\/wp-content\/uploads\/2018\/04\/sodome-et-gomorrhe-2-768x768.jpg 768w\" sizes=\"(max-width: 1000px) 100vw, 1000px\" \/><\/a><\/figure><div class=\"elementor-image-box-content\"><h3 class=\"elementor-image-box-title\"><a href=\"https:\/\/broise-art.fr\/journal\/wp-content\/uploads\/2018\/04\/sodome-et-gomorrhe-2.jpg\" target=\"_blank\">Sodome et Gomorrhe 2<\/a><\/h3><p class=\"elementor-image-box-description\">Sodome et Gomorrhe, impression pigmentaire<\/p><\/div><\/div>\t\t\t\t<\/div>\n\t\t\t\t<\/div>\n\t\t\t\t\t<\/div>\n\t\t<\/div>\n\t\t\t\t\t<\/div>\n\t\t<\/section>\n\t\t\t\t<section class=\"elementor-section elementor-top-section elementor-element elementor-element-cvgivnc elementor-section-full_width elementor-section-height-default elementor-section-height-default\" data-id=\"cvgivnc\" data-element_type=\"section\">\n\t\t\t\t\t\t<div class=\"elementor-container elementor-column-gap-default\">\n\t\t\t\t\t<div class=\"elementor-column elementor-col-100 elementor-top-column elementor-element elementor-element-xvufeob\" data-id=\"xvufeob\" data-element_type=\"column\">\n\t\t\t<div class=\"elementor-widget-wrap elementor-element-populated\">\n\t\t\t\t\t\t<div class=\"elementor-element elementor-element-mmmyjnc elementor-widget elementor-widget-text-editor\" data-id=\"mmmyjnc\" data-element_type=\"widget\" data-widget_type=\"text-editor.default\">\n\t\t\t\t<div class=\"elementor-widget-container\">\n\t\t\t\t\t\t\t\t\t<p>Les gens croient en la r\u00e9alit\u00e9 des photographies, mais pas \u00e0 la r\u00e9alit\u00e9 des peintures, remarque Duane Michals. Cela donne un avantage aux photographes.<\/p><p>L&rsquo;ennui, c&rsquo;est que les photographes aussi croient en la r\u00e9alit\u00e9 des photographies.<\/p><p>Cit\u00e9 par Fran\u00e7ois Soulages, Esth\u00e9tique de la photographie, Nathan photographie, 1998, p.69<\/p>\t\t\t\t\t\t\t\t<\/div>\n\t\t\t\t<\/div>\n\t\t\t\t\t<\/div>\n\t\t<\/div>\n\t\t\t\t\t<\/div>\n\t\t<\/section>\n\t\t\t\t<\/div>\n\t\t","protected":false},"excerpt":{"rendered":"<p>Sodome et Gomorrhe 1 Sodome et Gomorrhe, impression pigmentaire Sodome et Gomorrhe 2 Sodome et Gomorrhe, impression pigmentaire Les gens croient en la r\u00e9alit\u00e9 des photographies, mais pas \u00e0 la r\u00e9alit\u00e9 des peintures, remarque Duane Michals. Cela donne un avantage aux photographes. L&rsquo;ennui, c&rsquo;est que les photographes aussi croient en la r\u00e9alit\u00e9 des photographies. Cit\u00e9 [&hellip;]<\/p>\n","protected":false},"author":1,"featured_media":0,"parent":4617,"menu_order":0,"comment_status":"closed","ping_status":"closed","template":"","meta":{"_seopress_robots_primary_cat":"","_seopress_titles_title":"Sodome et Gomorrhe. Oeuvre originale: Fine Art: artiste Christian Broise","_seopress_titles_desc":"Impression pigmentaire sur le th\u00e8me \u00ab Sodome et Gomorrhe \u00bb par l&#039;artiste Christian Broise. L\u2019\u0153uvre est le r\u00e9sultat d&#039;un travail bas\u00e9 sur l&#039;exploitation du mat\u00e9riau photographique. Le tirage est effectu\u00e9 par l&#039;artiste et donne lieu \u00e0 une s\u00e9rie de 7 exemplaires maximum (tous formats confondus), certifi\u00e9s et sign\u00e9s.","_seopress_robots_index":"","footnotes":""},"class_list":["post-826","page","type-page","status-publish","hentry","entry"],"_links":{"self":[{"href":"https:\/\/broise-art.fr\/journal\/wp-json\/wp\/v2\/pages\/826","targetHints":{"allow":["GET"]}}],"collection":[{"href":"https:\/\/broise-art.fr\/journal\/wp-json\/wp\/v2\/pages"}],"about":[{"href":"https:\/\/broise-art.fr\/journal\/wp-json\/wp\/v2\/types\/page"}],"author":[{"embeddable":true,"href":"https:\/\/broise-art.fr\/journal\/wp-json\/wp\/v2\/users\/1"}],"replies":[{"embeddable":true,"href":"https:\/\/broise-art.fr\/journal\/wp-json\/wp\/v2\/comments?post=826"}],"version-history":[{"count":22,"href":"https:\/\/broise-art.fr\/journal\/wp-json\/wp\/v2\/pages\/826\/revisions"}],"predecessor-version":[{"id":6562,"href":"https:\/\/broise-art.fr\/journal\/wp-json\/wp\/v2\/pages\/826\/revisions\/6562"}],"up":[{"embeddable":true,"href":"https:\/\/broise-art.fr\/journal\/wp-json\/wp\/v2\/pages\/4617"}],"wp:attachment":[{"href":"https:\/\/broise-art.fr\/journal\/wp-json\/wp\/v2\/media?parent=826"}],"curies":[{"name":"wp","href":"https:\/\/api.w.org\/{rel}","templated":true}]}}