{"id":771,"date":"2017-07-18T17:35:45","date_gmt":"2017-07-18T17:35:45","guid":{"rendered":"http:\/\/broise-art.fr\/journal\/?page_id=771"},"modified":"2023-09-05T16:48:03","modified_gmt":"2023-09-05T16:48:03","slug":"tentation","status":"publish","type":"page","link":"https:\/\/broise-art.fr\/journal\/menu_rivages\/tentation\/","title":{"rendered":"Tentation"},"content":{"rendered":"\t\t<div data-elementor-type=\"wp-post\" data-elementor-id=\"771\" class=\"elementor elementor-771\" data-elementor-post-type=\"page\">\n\t\t\t\t\t\t<section class=\"elementor-section elementor-top-section elementor-element elementor-element-zfgghbm elementor-section-full_width elementor-section-height-default elementor-section-height-default\" data-id=\"zfgghbm\" data-element_type=\"section\">\n\t\t\t\t\t\t<div class=\"elementor-container elementor-column-gap-default\">\n\t\t\t\t\t<div class=\"elementor-column elementor-col-100 elementor-top-column elementor-element elementor-element-jngxekg\" data-id=\"jngxekg\" data-element_type=\"column\">\n\t\t\t<div class=\"elementor-widget-wrap elementor-element-populated\">\n\t\t\t\t\t\t<div class=\"elementor-element elementor-element-mvhlyoq elementor-position-top elementor-widget elementor-widget-image-box\" data-id=\"mvhlyoq\" data-element_type=\"widget\" data-widget_type=\"image-box.default\">\n\t\t\t\t<div class=\"elementor-widget-container\">\n\t\t\t\t\t<div class=\"elementor-image-box-wrapper\"><figure class=\"elementor-image-box-img\"><a href=\"https:\/\/broise-art.fr\/journal\/wp-content\/uploads\/2017\/07\/Tentation-3-sur-3.jpg\" target=\"_blank\" tabindex=\"-1\"><img fetchpriority=\"high\" decoding=\"async\" width=\"1000\" height=\"670\" src=\"https:\/\/broise-art.fr\/journal\/wp-content\/uploads\/2017\/07\/Tentation-3-sur-3.jpg\" class=\"attachment-full size-full wp-image-775\" alt=\"Tentation. Oeuvre originale: tirage Fine Art de l&#039;artiste Christian Broise\" srcset=\"https:\/\/broise-art.fr\/journal\/wp-content\/uploads\/2017\/07\/Tentation-3-sur-3.jpg 1000w, https:\/\/broise-art.fr\/journal\/wp-content\/uploads\/2017\/07\/Tentation-3-sur-3-300x201.jpg 300w, https:\/\/broise-art.fr\/journal\/wp-content\/uploads\/2017\/07\/Tentation-3-sur-3-768x515.jpg 768w\" sizes=\"(max-width: 1000px) 100vw, 1000px\" \/><\/a><\/figure><div class=\"elementor-image-box-content\"><h3 class=\"elementor-image-box-title\"><a href=\"https:\/\/broise-art.fr\/journal\/wp-content\/uploads\/2017\/07\/Tentation-3-sur-3.jpg\" target=\"_blank\">Tentation 1<\/a><\/h3><\/div><\/div>\t\t\t\t<\/div>\n\t\t\t\t<\/div>\n\t\t\t\t\t<\/div>\n\t\t<\/div>\n\t\t\t\t\t<\/div>\n\t\t<\/section>\n\t\t\t\t<section class=\"elementor-section elementor-top-section elementor-element elementor-element-f671n57 elementor-section-full_width elementor-section-height-default elementor-section-height-default\" data-id=\"f671n57\" data-element_type=\"section\">\n\t\t\t\t\t\t<div class=\"elementor-container elementor-column-gap-default\">\n\t\t\t\t\t<div class=\"elementor-column elementor-col-100 elementor-top-column elementor-element elementor-element-g4l2qhn\" data-id=\"g4l2qhn\" data-element_type=\"column\">\n\t\t\t<div class=\"elementor-widget-wrap elementor-element-populated\">\n\t\t\t\t\t\t<div class=\"elementor-element elementor-element-sh4xqxo elementor-position-top elementor-widget elementor-widget-image-box\" data-id=\"sh4xqxo\" data-element_type=\"widget\" data-widget_type=\"image-box.default\">\n\t\t\t\t<div class=\"elementor-widget-container\">\n\t\t\t\t\t<div class=\"elementor-image-box-wrapper\"><figure class=\"elementor-image-box-img\"><a href=\"https:\/\/broise-art.fr\/journal\/wp-content\/uploads\/2017\/07\/Tentation-2-sur-3.jpg\" target=\"_blank\" tabindex=\"-1\"><img decoding=\"async\" width=\"1000\" height=\"670\" src=\"https:\/\/broise-art.fr\/journal\/wp-content\/uploads\/2017\/07\/Tentation-2-sur-3.jpg\" class=\"attachment-full size-full wp-image-774\" alt=\"Tentation. Oeuvre originale: tirage Fine Art de l&#039;artiste Christian Broise\" srcset=\"https:\/\/broise-art.fr\/journal\/wp-content\/uploads\/2017\/07\/Tentation-2-sur-3.jpg 1000w, https:\/\/broise-art.fr\/journal\/wp-content\/uploads\/2017\/07\/Tentation-2-sur-3-300x201.jpg 300w, https:\/\/broise-art.fr\/journal\/wp-content\/uploads\/2017\/07\/Tentation-2-sur-3-768x515.jpg 768w\" sizes=\"(max-width: 1000px) 100vw, 1000px\" \/><\/a><\/figure><div class=\"elementor-image-box-content\"><h3 class=\"elementor-image-box-title\"><a href=\"https:\/\/broise-art.fr\/journal\/wp-content\/uploads\/2017\/07\/Tentation-2-sur-3.jpg\" target=\"_blank\">Tentation 2<\/a><\/h3><\/div><\/div>\t\t\t\t<\/div>\n\t\t\t\t<\/div>\n\t\t\t\t\t<\/div>\n\t\t<\/div>\n\t\t\t\t\t<\/div>\n\t\t<\/section>\n\t\t\t\t<section class=\"elementor-section elementor-top-section elementor-element elementor-element-eta0b02 elementor-section-full_width elementor-section-height-default elementor-section-height-default\" data-id=\"eta0b02\" data-element_type=\"section\">\n\t\t\t\t\t\t<div class=\"elementor-container elementor-column-gap-default\">\n\t\t\t\t\t<div class=\"elementor-column elementor-col-100 elementor-top-column elementor-element elementor-element-rsud1rb\" data-id=\"rsud1rb\" data-element_type=\"column\">\n\t\t\t<div class=\"elementor-widget-wrap elementor-element-populated\">\n\t\t\t\t\t\t<div class=\"elementor-element elementor-element-clkgh5d elementor-position-top elementor-widget elementor-widget-image-box\" data-id=\"clkgh5d\" data-element_type=\"widget\" data-widget_type=\"image-box.default\">\n\t\t\t\t<div class=\"elementor-widget-container\">\n\t\t\t\t\t<div class=\"elementor-image-box-wrapper\"><figure class=\"elementor-image-box-img\"><a href=\"https:\/\/broise-art.fr\/journal\/wp-content\/uploads\/2017\/07\/Tentation-1-sur-3.jpg\" target=\"_blank\" tabindex=\"-1\"><img decoding=\"async\" width=\"768\" height=\"514\" src=\"https:\/\/broise-art.fr\/journal\/wp-content\/uploads\/2017\/07\/Tentation-1-sur-3-768x514.jpg\" class=\"attachment-medium_large size-medium_large wp-image-773\" alt=\"Tentation. Oeuvre originale: tirage Fine Art de l&#039;artiste Christian Broise\" srcset=\"https:\/\/broise-art.fr\/journal\/wp-content\/uploads\/2017\/07\/Tentation-1-sur-3-768x514.jpg 768w, https:\/\/broise-art.fr\/journal\/wp-content\/uploads\/2017\/07\/Tentation-1-sur-3-300x201.jpg 300w, https:\/\/broise-art.fr\/journal\/wp-content\/uploads\/2017\/07\/Tentation-1-sur-3.jpg 1000w\" sizes=\"(max-width: 768px) 100vw, 768px\" \/><\/a><\/figure><div class=\"elementor-image-box-content\"><h3 class=\"elementor-image-box-title\"><a href=\"https:\/\/broise-art.fr\/journal\/wp-content\/uploads\/2017\/07\/Tentation-1-sur-3.jpg\" target=\"_blank\">Tentation 3<\/a><\/h3><\/div><\/div>\t\t\t\t<\/div>\n\t\t\t\t<\/div>\n\t\t\t\t\t<\/div>\n\t\t<\/div>\n\t\t\t\t\t<\/div>\n\t\t<\/section>\n\t\t\t\t<section class=\"elementor-section elementor-top-section elementor-element elementor-element-kowiopj elementor-section-full_width elementor-section-height-default elementor-section-height-default\" data-id=\"kowiopj\" data-element_type=\"section\">\n\t\t\t\t\t\t<div class=\"elementor-container elementor-column-gap-default\">\n\t\t\t\t\t<div class=\"elementor-column elementor-col-100 elementor-top-column elementor-element elementor-element-ygdybld\" data-id=\"ygdybld\" data-element_type=\"column\">\n\t\t\t<div class=\"elementor-widget-wrap elementor-element-populated\">\n\t\t\t\t\t\t<div class=\"elementor-element elementor-element-460d7af elementor-widget elementor-widget-image\" data-id=\"460d7af\" data-element_type=\"widget\" data-widget_type=\"image.default\">\n\t\t\t\t<div class=\"elementor-widget-container\">\n\t\t\t\t\t\t\t\t\t\t\t\t<figure class=\"wp-caption\">\n\t\t\t\t\t\t\t\t\t\t\t<a href=\"https:\/\/broise-art.fr\/journal\/wp-content\/uploads\/2023\/09\/Tentation-4.jpg\" data-elementor-open-lightbox=\"yes\" data-elementor-lightbox-title=\"Tentation 4\" data-elementor-lightbox-description=\"Tentation 4. Oeuvre originale: tirage Fine Art de Christian Broise\" data-e-action-hash=\"#elementor-action%3Aaction%3Dlightbox%26settings%3DeyJpZCI6Njg4MiwidXJsIjoiaHR0cHM6XC9cL2Jyb2lzZS1hcnQuZnJcL2pvdXJuYWxcL3dwLWNvbnRlbnRcL3VwbG9hZHNcLzIwMjNcLzA5XC9UZW50YXRpb24tNC5qcGcifQ%3D%3D\">\n\t\t\t\t\t\t\t<img loading=\"lazy\" decoding=\"async\" width=\"768\" height=\"514\" src=\"https:\/\/broise-art.fr\/journal\/wp-content\/uploads\/2023\/09\/Tentation-4-768x514.jpg\" class=\"attachment-medium_large size-medium_large wp-image-6882\" alt=\"Tentation 4. Oeuvre originale: tirage Fine Art de Christian Broise\" srcset=\"https:\/\/broise-art.fr\/journal\/wp-content\/uploads\/2023\/09\/Tentation-4-768x514.jpg 768w, https:\/\/broise-art.fr\/journal\/wp-content\/uploads\/2023\/09\/Tentation-4-300x201.jpg 300w, https:\/\/broise-art.fr\/journal\/wp-content\/uploads\/2023\/09\/Tentation-4.jpg 1000w\" sizes=\"(max-width: 768px) 100vw, 768px\" \/>\t\t\t\t\t\t\t\t<\/a>\n\t\t\t\t\t\t\t\t\t\t\t<figcaption class=\"widget-image-caption wp-caption-text\">Tentation 4<\/figcaption>\n\t\t\t\t\t\t\t\t\t\t<\/figure>\n\t\t\t\t\t\t\t\t\t<\/div>\n\t\t\t\t<\/div>\n\t\t\t\t<div class=\"elementor-element elementor-element-22e0487 elementor-widget elementor-widget-image\" data-id=\"22e0487\" data-element_type=\"widget\" data-widget_type=\"image.default\">\n\t\t\t\t<div class=\"elementor-widget-container\">\n\t\t\t\t\t\t\t\t\t\t\t\t<figure class=\"wp-caption\">\n\t\t\t\t\t\t\t\t\t\t\t<a href=\"https:\/\/broise-art.fr\/journal\/wp-content\/uploads\/2023\/09\/Tentation-5.jpg\" data-elementor-open-lightbox=\"yes\" data-elementor-lightbox-title=\"Tentation 5\" data-elementor-lightbox-description=\"Tentation 5. Oeuvre originale: tirage Fine Art de Christian Broise\" data-e-action-hash=\"#elementor-action%3Aaction%3Dlightbox%26settings%3DeyJpZCI6Njg4MywidXJsIjoiaHR0cHM6XC9cL2Jyb2lzZS1hcnQuZnJcL2pvdXJuYWxcL3dwLWNvbnRlbnRcL3VwbG9hZHNcLzIwMjNcLzA5XC9UZW50YXRpb24tNS5qcGcifQ%3D%3D\">\n\t\t\t\t\t\t\t<img loading=\"lazy\" decoding=\"async\" width=\"768\" height=\"514\" src=\"https:\/\/broise-art.fr\/journal\/wp-content\/uploads\/2023\/09\/Tentation-5-768x514.jpg\" class=\"attachment-medium_large size-medium_large wp-image-6883\" alt=\"Tentation 5. Oeuvre originale: tirage Fine Art de Christian Broise\" srcset=\"https:\/\/broise-art.fr\/journal\/wp-content\/uploads\/2023\/09\/Tentation-5-768x514.jpg 768w, https:\/\/broise-art.fr\/journal\/wp-content\/uploads\/2023\/09\/Tentation-5-300x201.jpg 300w, https:\/\/broise-art.fr\/journal\/wp-content\/uploads\/2023\/09\/Tentation-5.jpg 1000w\" sizes=\"(max-width: 768px) 100vw, 768px\" \/>\t\t\t\t\t\t\t\t<\/a>\n\t\t\t\t\t\t\t\t\t\t\t<figcaption class=\"widget-image-caption wp-caption-text\">Tentation 5<\/figcaption>\n\t\t\t\t\t\t\t\t\t\t<\/figure>\n\t\t\t\t\t\t\t\t\t<\/div>\n\t\t\t\t<\/div>\n\t\t\t\t<div class=\"elementor-element elementor-element-l06xrp0 elementor-position-top elementor-widget elementor-widget-image-box\" data-id=\"l06xrp0\" data-element_type=\"widget\" data-widget_type=\"image-box.default\">\n\t\t\t\t<div class=\"elementor-widget-container\">\n\t\t\t\t\t<div class=\"elementor-image-box-wrapper\"><figure class=\"elementor-image-box-img\"><a href=\"https:\/\/broise-art.fr\/journal\/wp-content\/uploads\/2017\/07\/Tentation-6.jpg\" target=\"_blank\" tabindex=\"-1\"><img loading=\"lazy\" decoding=\"async\" width=\"1000\" height=\"669\" src=\"https:\/\/broise-art.fr\/journal\/wp-content\/uploads\/2017\/07\/Tentation-6.jpg\" class=\"attachment-full size-full wp-image-776\" alt=\"Tentation. Oeuvre originale: tirage Fine Art de l&#039;artiste Christian Broise\" srcset=\"https:\/\/broise-art.fr\/journal\/wp-content\/uploads\/2017\/07\/Tentation-6.jpg 1000w, https:\/\/broise-art.fr\/journal\/wp-content\/uploads\/2017\/07\/Tentation-6-300x201.jpg 300w, https:\/\/broise-art.fr\/journal\/wp-content\/uploads\/2017\/07\/Tentation-6-768x514.jpg 768w\" sizes=\"(max-width: 1000px) 100vw, 1000px\" \/><\/a><\/figure><div class=\"elementor-image-box-content\"><h3 class=\"elementor-image-box-title\"><a href=\"https:\/\/broise-art.fr\/journal\/wp-content\/uploads\/2017\/07\/Tentation-6.jpg\" target=\"_blank\">Tentation 6<\/a><\/h3><\/div><\/div>\t\t\t\t<\/div>\n\t\t\t\t<\/div>\n\t\t\t\t\t<\/div>\n\t\t<\/div>\n\t\t\t\t\t<\/div>\n\t\t<\/section>\n\t\t\t\t<\/div>\n\t\t","protected":false},"excerpt":{"rendered":"<p>Tentation 1 Tentation 2 Tentation 3 Tentation 4 Tentation 5 Tentation 6<\/p>\n","protected":false},"author":1,"featured_media":0,"parent":4702,"menu_order":0,"comment_status":"closed","ping_status":"closed","template":"","meta":{"_seopress_robots_primary_cat":"","_seopress_titles_title":"Tentation. Oeuvre originale: tirage Fine Art de l&#039;artiste Christian Broise","_seopress_titles_desc":"Impression pigmentaire sur le th\u00e8me \u00ab Tentation \u00bb par l&#039;artiste Christian Broise. L\u2019\u0153uvre est le r\u00e9sultat d&#039;un travail bas\u00e9 sur l&#039;exploitation du mat\u00e9riau photographique. Le tirage est effectu\u00e9 par l&#039;artiste lui-m\u00eame et donne lieu \u00e0 une s\u00e9rie de 7 exemplaires maximum (tous formats confondus), certifi\u00e9s et sign\u00e9s.","_seopress_robots_index":"","footnotes":""},"class_list":["post-771","page","type-page","status-publish","hentry","entry"],"_links":{"self":[{"href":"https:\/\/broise-art.fr\/journal\/wp-json\/wp\/v2\/pages\/771","targetHints":{"allow":["GET"]}}],"collection":[{"href":"https:\/\/broise-art.fr\/journal\/wp-json\/wp\/v2\/pages"}],"about":[{"href":"https:\/\/broise-art.fr\/journal\/wp-json\/wp\/v2\/types\/page"}],"author":[{"embeddable":true,"href":"https:\/\/broise-art.fr\/journal\/wp-json\/wp\/v2\/users\/1"}],"replies":[{"embeddable":true,"href":"https:\/\/broise-art.fr\/journal\/wp-json\/wp\/v2\/comments?post=771"}],"version-history":[{"count":47,"href":"https:\/\/broise-art.fr\/journal\/wp-json\/wp\/v2\/pages\/771\/revisions"}],"predecessor-version":[{"id":6912,"href":"https:\/\/broise-art.fr\/journal\/wp-json\/wp\/v2\/pages\/771\/revisions\/6912"}],"up":[{"embeddable":true,"href":"https:\/\/broise-art.fr\/journal\/wp-json\/wp\/v2\/pages\/4702"}],"wp:attachment":[{"href":"https:\/\/broise-art.fr\/journal\/wp-json\/wp\/v2\/media?parent=771"}],"curies":[{"name":"wp","href":"https:\/\/api.w.org\/{rel}","templated":true}]}}