{"id":754,"date":"2017-07-18T09:15:46","date_gmt":"2017-07-18T09:15:46","guid":{"rendered":"http:\/\/broise-art.fr\/journal\/?page_id=754"},"modified":"2023-02-03T17:33:14","modified_gmt":"2023-02-03T17:33:14","slug":"mineurs","status":"publish","type":"page","link":"https:\/\/broise-art.fr\/journal\/dedales\/mineurs\/","title":{"rendered":"Mineurs"},"content":{"rendered":"\t\t<div data-elementor-type=\"wp-post\" data-elementor-id=\"754\" class=\"elementor elementor-754\" data-elementor-post-type=\"page\">\n\t\t\t\t\t\t<section class=\"elementor-section elementor-top-section elementor-element elementor-element-zfgghbm elementor-section-full_width elementor-section-height-default elementor-section-height-default\" data-id=\"zfgghbm\" data-element_type=\"section\">\n\t\t\t\t\t\t<div class=\"elementor-container elementor-column-gap-default\">\n\t\t\t\t\t<div class=\"elementor-column elementor-col-100 elementor-top-column elementor-element elementor-element-jngxekg\" data-id=\"jngxekg\" data-element_type=\"column\">\n\t\t\t<div class=\"elementor-widget-wrap elementor-element-populated\">\n\t\t\t\t\t\t<div class=\"elementor-element elementor-element-6e7981e elementor-widget elementor-widget-text-editor\" data-id=\"6e7981e\" data-element_type=\"widget\" data-widget_type=\"text-editor.default\">\n\t\t\t\t<div class=\"elementor-widget-container\">\n\t\t\t\t\t\t\t\t\t<p>Mineurs. Sujet trait\u00e9 dans le cadre d&rsquo;un exposition organis\u00e9e par la librairie <em>Artsbook<\/em> de La Mure (38850), <em>10 kilom\u00e8tres \u00e0 la ronde<\/em>.\u00a0R\u00e9alis\u00e9 en partie \u00e0 partir de clich\u00e9s pris au mus\u00e9e \u00ab\u00a0<a href=\"https:\/\/www.mine-image.com\/fr\/acces.html\" target=\"_blank\" rel=\"noopener\">la mine image<\/a>\u00a0\u00bb de la Motte-d&rsquo;Aveillans, 38870.\u00a0<\/p>\t\t\t\t\t\t\t\t<\/div>\n\t\t\t\t<\/div>\n\t\t\t\t<div class=\"elementor-element elementor-element-mvhlyoq elementor-position-top elementor-widget elementor-widget-image-box\" data-id=\"mvhlyoq\" data-element_type=\"widget\" data-widget_type=\"image-box.default\">\n\t\t\t\t<div class=\"elementor-widget-container\">\n\t\t\t\t\t<div class=\"elementor-image-box-wrapper\"><figure class=\"elementor-image-box-img\"><a href=\"https:\/\/broise-art.fr\/journal\/wp-content\/uploads\/2017\/07\/Mineurs-1-sur3.jpg\" target=\"_blank\" tabindex=\"-1\"><img fetchpriority=\"high\" decoding=\"async\" width=\"669\" height=\"1000\" src=\"https:\/\/broise-art.fr\/journal\/wp-content\/uploads\/2017\/07\/Mineurs-1-sur3.jpg\" class=\"attachment-full size-full wp-image-755\" alt=\"Mineurs. Oeuvre originale\u00a0: tirage Fine Art de l&#039;artiste Christian Broise\" srcset=\"https:\/\/broise-art.fr\/journal\/wp-content\/uploads\/2017\/07\/Mineurs-1-sur3.jpg 669w, https:\/\/broise-art.fr\/journal\/wp-content\/uploads\/2017\/07\/Mineurs-1-sur3-201x300.jpg 201w\" sizes=\"(max-width: 669px) 100vw, 669px\" \/><\/a><\/figure><div class=\"elementor-image-box-content\"><h3 class=\"elementor-image-box-title\"><a href=\"https:\/\/broise-art.fr\/journal\/wp-content\/uploads\/2017\/07\/Mineurs-1-sur3.jpg\" target=\"_blank\">Mineurs 1<\/a><\/h3><p class=\"elementor-image-box-description\">Mineurs. Impression pigmentaire <\/p><\/div><\/div>\t\t\t\t<\/div>\n\t\t\t\t<\/div>\n\t\t\t\t\t<\/div>\n\t\t<\/div>\n\t\t\t\t\t<\/div>\n\t\t<\/section>\n\t\t\t\t<section class=\"elementor-section elementor-top-section elementor-element elementor-element-vcxvnzj elementor-section-full_width elementor-section-height-default elementor-section-height-default\" data-id=\"vcxvnzj\" data-element_type=\"section\">\n\t\t\t\t\t\t<div class=\"elementor-container elementor-column-gap-default\">\n\t\t\t\t\t<div class=\"elementor-column elementor-col-100 elementor-top-column elementor-element elementor-element-cycanrd\" data-id=\"cycanrd\" data-element_type=\"column\">\n\t\t\t<div class=\"elementor-widget-wrap elementor-element-populated\">\n\t\t\t\t\t\t<div class=\"elementor-element elementor-element-qgyrwpi elementor-widget elementor-widget-spacer\" data-id=\"qgyrwpi\" data-element_type=\"widget\" data-widget_type=\"spacer.default\">\n\t\t\t\t<div class=\"elementor-widget-container\">\n\t\t\t\t\t\t\t<div class=\"elementor-spacer\">\n\t\t\t<div class=\"elementor-spacer-inner\"><\/div>\n\t\t<\/div>\n\t\t\t\t\t\t<\/div>\n\t\t\t\t<\/div>\n\t\t\t\t<div class=\"elementor-element elementor-element-lpqktsl elementor-position-top elementor-widget elementor-widget-image-box\" data-id=\"lpqktsl\" data-element_type=\"widget\" data-widget_type=\"image-box.default\">\n\t\t\t\t<div class=\"elementor-widget-container\">\n\t\t\t\t\t<div class=\"elementor-image-box-wrapper\"><figure class=\"elementor-image-box-img\"><img decoding=\"async\" width=\"243\" height=\"400\" src=\"https:\/\/broise-art.fr\/journal\/wp-content\/uploads\/2017\/07\/monet.jpeg\" class=\"attachment-full size-full wp-image-758\" alt=\"\" srcset=\"https:\/\/broise-art.fr\/journal\/wp-content\/uploads\/2017\/07\/monet.jpeg 243w, https:\/\/broise-art.fr\/journal\/wp-content\/uploads\/2017\/07\/monet-182x300.jpeg 182w\" sizes=\"(max-width: 243px) 100vw, 243px\" \/><\/figure><div class=\"elementor-image-box-content\"><h3 class=\"elementor-image-box-title\">Monet Claude, 1878, Rue Montorgueil, f\u00eate nationale du 30 juin<\/h3><\/div><\/div>\t\t\t\t<\/div>\n\t\t\t\t<\/div>\n\t\t\t\t\t<\/div>\n\t\t<\/div>\n\t\t\t\t\t<\/div>\n\t\t<\/section>\n\t\t\t\t<section class=\"elementor-section elementor-top-section elementor-element elementor-element-tqmyltk elementor-section-height-min-height elementor-section-content-middle elementor-section-boxed elementor-section-height-default elementor-section-items-middle\" data-id=\"tqmyltk\" data-element_type=\"section\">\n\t\t\t\t\t\t<div class=\"elementor-container elementor-column-gap-default\">\n\t\t\t\t\t<div class=\"elementor-column elementor-col-100 elementor-top-column elementor-element elementor-element-brbkqmn\" data-id=\"brbkqmn\" data-element_type=\"column\">\n\t\t\t<div class=\"elementor-widget-wrap elementor-element-populated\">\n\t\t\t\t\t\t<div class=\"elementor-element elementor-element-wuofsuz elementor-widget elementor-widget-text-editor\" data-id=\"wuofsuz\" data-element_type=\"widget\" data-widget_type=\"text-editor.default\">\n\t\t\t\t<div class=\"elementor-widget-container\">\n\t\t\t\t\t\t\t\t\t<p>\u00ab\u00a0L&rsquo;art, comme le r\u00e9el, est ce qui toujours d\u00e9borde.\u00a0\u00bb<\/p><p style=\"text-align: left;\">Jean-Claude Lemagny , Noirs et mythes in L&rsquo;ombre et le temps, essais sur la photographie comme art. Essais et recherches, Nathan, 1992, p.259<\/p>\t\t\t\t\t\t\t\t<\/div>\n\t\t\t\t<\/div>\n\t\t\t\t\t<\/div>\n\t\t<\/div>\n\t\t\t\t\t<\/div>\n\t\t<\/section>\n\t\t\t\t<section class=\"elementor-section elementor-top-section elementor-element elementor-element-lhpvvin elementor-section-full_width elementor-section-height-default elementor-section-height-default\" data-id=\"lhpvvin\" data-element_type=\"section\">\n\t\t\t\t\t\t<div class=\"elementor-container elementor-column-gap-default\">\n\t\t\t\t\t<div class=\"elementor-column elementor-col-100 elementor-top-column elementor-element elementor-element-fpxtnxs\" data-id=\"fpxtnxs\" data-element_type=\"column\">\n\t\t\t<div class=\"elementor-widget-wrap elementor-element-populated\">\n\t\t\t\t\t\t<div class=\"elementor-element elementor-element-kjtigyd elementor-position-top elementor-widget elementor-widget-image-box\" data-id=\"kjtigyd\" data-element_type=\"widget\" data-widget_type=\"image-box.default\">\n\t\t\t\t<div class=\"elementor-widget-container\">\n\t\t\t\t\t<div class=\"elementor-image-box-wrapper\"><figure class=\"elementor-image-box-img\"><a href=\"https:\/\/broise-art.fr\/journal\/wp-content\/uploads\/2017\/07\/Mineurs-2-sur-3.jpg\" target=\"_blank\" tabindex=\"-1\"><img decoding=\"async\" width=\"669\" height=\"1000\" src=\"https:\/\/broise-art.fr\/journal\/wp-content\/uploads\/2017\/07\/Mineurs-2-sur-3.jpg\" class=\"attachment-full size-full wp-image-756\" alt=\"Mineurs. Oeuvre originale\u00a0: tirage Fine Art de l&#039;artiste Christian Broise\" srcset=\"https:\/\/broise-art.fr\/journal\/wp-content\/uploads\/2017\/07\/Mineurs-2-sur-3.jpg 669w, https:\/\/broise-art.fr\/journal\/wp-content\/uploads\/2017\/07\/Mineurs-2-sur-3-201x300.jpg 201w\" sizes=\"(max-width: 669px) 100vw, 669px\" \/><\/a><\/figure><div class=\"elementor-image-box-content\"><h3 class=\"elementor-image-box-title\"><a href=\"https:\/\/broise-art.fr\/journal\/wp-content\/uploads\/2017\/07\/Mineurs-2-sur-3.jpg\" target=\"_blank\">Mineurs 2<\/a><\/h3><p class=\"elementor-image-box-description\">Tirage pigmentaire<\/p><\/div><\/div>\t\t\t\t<\/div>\n\t\t\t\t<\/div>\n\t\t\t\t\t<\/div>\n\t\t<\/div>\n\t\t\t\t\t<\/div>\n\t\t<\/section>\n\t\t\t\t<section class=\"elementor-section elementor-top-section elementor-element elementor-element-hgebuju elementor-section-full_width elementor-section-height-default elementor-section-height-default\" data-id=\"hgebuju\" data-element_type=\"section\">\n\t\t\t\t\t\t<div class=\"elementor-container elementor-column-gap-default\">\n\t\t\t\t\t<div class=\"elementor-column elementor-col-100 elementor-top-column elementor-element elementor-element-lidmlty\" data-id=\"lidmlty\" data-element_type=\"column\">\n\t\t\t<div class=\"elementor-widget-wrap elementor-element-populated\">\n\t\t\t\t\t\t<div class=\"elementor-element elementor-element-qrdqvni elementor-position-top elementor-widget elementor-widget-image-box\" data-id=\"qrdqvni\" data-element_type=\"widget\" data-widget_type=\"image-box.default\">\n\t\t\t\t<div class=\"elementor-widget-container\">\n\t\t\t\t\t<div class=\"elementor-image-box-wrapper\"><figure class=\"elementor-image-box-img\"><a href=\"https:\/\/broise-art.fr\/journal\/wp-content\/uploads\/2017\/07\/Mineurs-3-sur-3.jpg\" target=\"_blank\" tabindex=\"-1\"><img loading=\"lazy\" decoding=\"async\" width=\"716\" height=\"1000\" src=\"https:\/\/broise-art.fr\/journal\/wp-content\/uploads\/2017\/07\/Mineurs-3-sur-3.jpg\" class=\"attachment-full size-full wp-image-757\" alt=\"Mineurs. Oeuvre originale\u00a0: tirage Fine Art de l&#039;artiste Christian Broise\" srcset=\"https:\/\/broise-art.fr\/journal\/wp-content\/uploads\/2017\/07\/Mineurs-3-sur-3.jpg 716w, https:\/\/broise-art.fr\/journal\/wp-content\/uploads\/2017\/07\/Mineurs-3-sur-3-215x300.jpg 215w\" sizes=\"(max-width: 716px) 100vw, 716px\" \/><\/a><\/figure><div class=\"elementor-image-box-content\"><h3 class=\"elementor-image-box-title\"><a href=\"https:\/\/broise-art.fr\/journal\/wp-content\/uploads\/2017\/07\/Mineurs-3-sur-3.jpg\" target=\"_blank\">Mineurs 3<\/a><\/h3><p class=\"elementor-image-box-description\">Tirage pigmentaire<\/p><\/div><\/div>\t\t\t\t<\/div>\n\t\t\t\t<\/div>\n\t\t\t\t\t<\/div>\n\t\t<\/div>\n\t\t\t\t\t<\/div>\n\t\t<\/section>\n\t\t\t\t<\/div>\n\t\t","protected":false},"excerpt":{"rendered":"<p>Mineurs. Sujet trait\u00e9 dans le cadre d&rsquo;un exposition organis\u00e9e par la librairie Artsbook de La Mure (38850), 10 kilom\u00e8tres \u00e0 la ronde.\u00a0R\u00e9alis\u00e9 en partie \u00e0 partir de clich\u00e9s pris au mus\u00e9e \u00ab\u00a0la mine image\u00a0\u00bb de la Motte-d&rsquo;Aveillans, 38870.\u00a0 Mineurs 1 Mineurs. Impression pigmentaire Monet Claude, 1878, Rue Montorgueil, f\u00eate nationale du 30 juin \u00ab\u00a0L&rsquo;art, comme [&hellip;]<\/p>\n","protected":false},"author":1,"featured_media":0,"parent":4615,"menu_order":0,"comment_status":"closed","ping_status":"closed","template":"","meta":{"_seopress_robots_primary_cat":"","_seopress_titles_title":"Mineurs. Oeuvre originale\u00a0: tirage Fine Art de l&#039;artiste Christian Broise","_seopress_titles_desc":"Impression pigmentaire sur le th\u00e8me &quot; mineurs &quot; par l&#039;artiste Christian Broise. L\u2019\u0153uvre est le r\u00e9sultat d&#039;un travail bas\u00e9 sur l&#039;exploitation du mat\u00e9riau photographique. Le tirage est effectu\u00e9 par l&#039;artiste lui-m\u00eame et donne lieu \u00e0 une s\u00e9rie de 7 exemplaires maximum (tous formats confondus), certifi\u00e9s et sign\u00e9s.","_seopress_robots_index":"","footnotes":""},"class_list":["post-754","page","type-page","status-publish","hentry","entry"],"_links":{"self":[{"href":"https:\/\/broise-art.fr\/journal\/wp-json\/wp\/v2\/pages\/754","targetHints":{"allow":["GET"]}}],"collection":[{"href":"https:\/\/broise-art.fr\/journal\/wp-json\/wp\/v2\/pages"}],"about":[{"href":"https:\/\/broise-art.fr\/journal\/wp-json\/wp\/v2\/types\/page"}],"author":[{"embeddable":true,"href":"https:\/\/broise-art.fr\/journal\/wp-json\/wp\/v2\/users\/1"}],"replies":[{"embeddable":true,"href":"https:\/\/broise-art.fr\/journal\/wp-json\/wp\/v2\/comments?post=754"}],"version-history":[{"count":23,"href":"https:\/\/broise-art.fr\/journal\/wp-json\/wp\/v2\/pages\/754\/revisions"}],"predecessor-version":[{"id":6632,"href":"https:\/\/broise-art.fr\/journal\/wp-json\/wp\/v2\/pages\/754\/revisions\/6632"}],"up":[{"embeddable":true,"href":"https:\/\/broise-art.fr\/journal\/wp-json\/wp\/v2\/pages\/4615"}],"wp:attachment":[{"href":"https:\/\/broise-art.fr\/journal\/wp-json\/wp\/v2\/media?parent=754"}],"curies":[{"name":"wp","href":"https:\/\/api.w.org\/{rel}","templated":true}]}}