{"id":743,"date":"2017-07-17T09:26:21","date_gmt":"2017-07-17T09:26:21","guid":{"rendered":"http:\/\/broise-art.fr\/journal\/?page_id=743"},"modified":"2022-01-18T10:52:49","modified_gmt":"2022-01-18T10:52:49","slug":"mention-legales-site-christian-broise","status":"publish","type":"page","link":"https:\/\/broise-art.fr\/journal\/mention-legales-site-christian-broise\/","title":{"rendered":"mention l\u00e9gales"},"content":{"rendered":"<p><strong>EDITEUR<\/strong><\/p>\n<p>CHRISTIAN BROISE<\/p>\n<p>500, route de Bunand<\/p>\n<p>73240 Avressieux<\/p>\n<p>t\u00e9l\u00e9phone\u00a0: +33 (0)6 84 99 43 93<\/p>\n<p>Mon pr\u00e9nom.mon nom arobase orange.fr<\/p>\n<p><strong>CREDIT ET HEBERGEMENT<\/strong><\/p>\n<p>Ce site a \u00e9t\u00e9 con\u00e7u et r\u00e9alis\u00e9 par CHRISTIAN BROISE au moyen du CMS WordPress.<\/p>\n<p>L&rsquo;h\u00e9bergement du site est assur\u00e9 par la soci\u00e9t\u00e9 OVH\u00a0 2 rue Kellermann BP 80157 59100 Roubaix\u00a0: <a href=\"http:\/\/www.ovh.com\/\" target=\"_blank\" rel=\"noopener\">http:\/\/www.ovh.com<\/a><\/p>\n<p><strong>OBJET<\/strong><\/p>\n<p>Les domaines \u00a0\u00ab\u00a0<a href=\"http:\/\/www.broise.net\/\">broise.net<\/a>\u00ab\u00a0, \u00ab\u00a0<a href=\"http:\/\/broise.fr\" target=\"_blank\" rel=\"noopener\">broise.fr\u00a0\u00bb \u00a0et \u00ab\u00a0broise-art.fr\u00a0\u00bb, tous\u00a0<\/a>visibles \u00e0 l&rsquo;adresse \u00ab\u00a0http:\/\/www.broise-art.fr\/journal\u00a0\u00bb ont pour objet la pr\u00e9sentation et la promotion du travail artistique de CHRISTIAN BROISE.<\/p>\n<p><strong>DROITS DE PROPRIETES INTELLECTUELLES<\/strong><\/p>\n<p>L&rsquo;ensemble de ce site rel\u00e8ve de la l\u00e9gislation fran\u00e7aise et internationale du droit d&rsquo;auteur et la propri\u00e9t\u00e9 intellectuelle fran\u00e7aise, qui mentionne que les cr\u00e9ations graphiques ou sonores, photos, etc. sont prot\u00e9g\u00e9es du simple fait de leur cr\u00e9ation et de leur originalit\u00e9. Toute utilisation ou extraction d&rsquo;\u00e9l\u00e9ments du site non autoris\u00e9e est illicite et sanctionn\u00e9e p\u00e9nalement par le d\u00e9lit de contrefa\u00e7on<\/p>\n<p>Le site ainsi que les donn\u00e9es qui y figurent telles que marques logos, graphismes, images, textes r\u00e9dactionnels sont prot\u00e9g\u00e9s au titre de la propri\u00e9t\u00e9 intellectuelle. Le site et les informations qui y figurent sont destin\u00e9s \u00e0 l\u2019usage strictement personnel de l\u2019utilisateur et ne peuvent \u00eatre reproduits, ni communiqu\u00e9s \u00e0 des tiers, ni utilis\u00e9s en tout ou partie, \u00e0 quelque fin que ce soit, ni servir \u00e0 la cr\u00e9ation d\u2019\u0153uvres d\u00e9riv\u00e9es. En cons\u00e9quence, l\u2019exploitation non autoris\u00e9e de tout ou partie du site (reproduction, repr\u00e9sentation, publication, etc.) est formellement interdite sauf autorisation expresse \u00e9crite de CHRISTIAN BROISE et engage la responsabilit\u00e9 de l\u2019utilisateur et est susceptible d\u2019entra\u00eener des poursuites judiciaires.<\/p>\n<p><strong>PROTECTIONS DES DONNEES PERSONNELLES<\/strong><\/p>\n<p>Les donn\u00e9es personnelles recueillies sur le site r\u00e9sultent de la communication volontaire d&rsquo;une adresse de courrier \u00e9lectronique lors du d\u00e9p\u00f4t d&rsquo;un message \u00e9lectronique.<br \/>\nLes donn\u00e9es ainsi recueillies ne servent qu&rsquo;\u00e0 transmettre les \u00e9l\u00e9ments d&rsquo;informations demand\u00e9s et n&rsquo;ont pour seul destinataire que CHRISTIAN BROISE aupr\u00e8s duquel peuvent s&rsquo;exercer les droits d&rsquo;acc\u00e8s et de rectification, conform\u00e9ment \u00e0 l&rsquo;article 27 de la loi N\u00b0 78-17 du 6 janvier 1978 relative \u00e0 l&rsquo;informatique, aux fichiers et aux libert\u00e9s.<br \/>\nPour l&rsquo;exercer, adresser votre demande \u00e9crite aupr\u00e8s de CHRISTIAN BROISE \u00e0 l&rsquo;adresse indiqu\u00e9e ci-dessus. Les donn\u00e9es recueillies dans ce cadre ne pourront \u00eatre c\u00e9d\u00e9es \u00e0 des tiers ou communiqu\u00e9es \u00e0 des fins non pr\u00e9vues.<\/p>\n<p><strong>LIENS<\/strong><\/p>\n<p>Le site peut inclure des liens vers d\u2019autres sites ou sources externes. Dans la mesure o\u00f9 CHRISTIAN BROISE ne peut contr\u00f4ler ces sites et sources externes, CHRISTIAN BROISE ne peut \u00eatre tenu pour responsable de la mise \u00e0 disposition de ces sites et sources externes et ne peut supporter aucune responsabilit\u00e9 quant au contenu, publicit\u00e9s, produits, services ou tout autre mat\u00e9riel disponible sur et \u00e0 partir de ces sites ou ces sources externes.<\/p>\n","protected":false},"excerpt":{"rendered":"<p>EDITEUR CHRISTIAN BROISE 500, route de Bunand 73240 Avressieux t\u00e9l\u00e9phone\u00a0: +33 (0)6 84 99 43 93 Mon pr\u00e9nom.mon nom arobase orange.fr CREDIT ET HEBERGEMENT Ce site a \u00e9t\u00e9 con\u00e7u et r\u00e9alis\u00e9 par CHRISTIAN BROISE au moyen du CMS WordPress. L&rsquo;h\u00e9bergement du site est assur\u00e9 par la soci\u00e9t\u00e9 OVH\u00a0 2 rue Kellermann BP 80157 59100 Roubaix\u00a0: [&hellip;]<\/p>\n","protected":false},"author":1,"featured_media":0,"parent":0,"menu_order":0,"comment_status":"closed","ping_status":"closed","template":"","meta":{"_seopress_robots_primary_cat":"","_seopress_titles_title":"Mentions l\u00e9gales du site de Christian Broise","_seopress_titles_desc":"","_seopress_robots_index":"","footnotes":""},"class_list":["post-743","page","type-page","status-publish","hentry","entry"],"_links":{"self":[{"href":"https:\/\/broise-art.fr\/journal\/wp-json\/wp\/v2\/pages\/743","targetHints":{"allow":["GET"]}}],"collection":[{"href":"https:\/\/broise-art.fr\/journal\/wp-json\/wp\/v2\/pages"}],"about":[{"href":"https:\/\/broise-art.fr\/journal\/wp-json\/wp\/v2\/types\/page"}],"author":[{"embeddable":true,"href":"https:\/\/broise-art.fr\/journal\/wp-json\/wp\/v2\/users\/1"}],"replies":[{"embeddable":true,"href":"https:\/\/broise-art.fr\/journal\/wp-json\/wp\/v2\/comments?post=743"}],"version-history":[{"count":7,"href":"https:\/\/broise-art.fr\/journal\/wp-json\/wp\/v2\/pages\/743\/revisions"}],"predecessor-version":[{"id":6311,"href":"https:\/\/broise-art.fr\/journal\/wp-json\/wp\/v2\/pages\/743\/revisions\/6311"}],"wp:attachment":[{"href":"https:\/\/broise-art.fr\/journal\/wp-json\/wp\/v2\/media?parent=743"}],"curies":[{"name":"wp","href":"https:\/\/api.w.org\/{rel}","templated":true}]}}