{"id":719,"date":"2017-07-17T09:04:01","date_gmt":"2017-07-17T09:04:01","guid":{"rendered":"http:\/\/broise-art.fr\/journal\/?page_id=719"},"modified":"2024-10-09T16:48:15","modified_gmt":"2024-10-09T16:48:15","slug":"rivages","status":"publish","type":"page","link":"https:\/\/broise-art.fr\/journal\/menu_rivages\/rivages\/","title":{"rendered":"Rivages"},"content":{"rendered":"\t\t<div data-elementor-type=\"wp-post\" data-elementor-id=\"719\" class=\"elementor elementor-719\" data-elementor-post-type=\"page\">\n\t\t\t\t\t\t<section class=\"elementor-section elementor-top-section elementor-element elementor-element-yozairq elementor-section-full_width elementor-section-height-default elementor-section-height-default\" data-id=\"yozairq\" data-element_type=\"section\">\n\t\t\t\t\t\t<div class=\"elementor-container elementor-column-gap-default\">\n\t\t\t\t\t<div class=\"elementor-column elementor-col-100 elementor-top-column elementor-element elementor-element-sjrtxvu\" data-id=\"sjrtxvu\" data-element_type=\"column\">\n\t\t\t<div class=\"elementor-widget-wrap elementor-element-populated\">\n\t\t\t\t\t\t<div class=\"elementor-element elementor-element-eac693d elementor-widget elementor-widget-spacer\" data-id=\"eac693d\" data-element_type=\"widget\" data-widget_type=\"spacer.default\">\n\t\t\t\t<div class=\"elementor-widget-container\">\n\t\t\t\t\t\t\t<div class=\"elementor-spacer\">\n\t\t\t<div class=\"elementor-spacer-inner\"><\/div>\n\t\t<\/div>\n\t\t\t\t\t\t<\/div>\n\t\t\t\t<\/div>\n\t\t\t\t<div class=\"elementor-element elementor-element-54a3082 elementor-widget elementor-widget-spacer\" data-id=\"54a3082\" data-element_type=\"widget\" data-widget_type=\"spacer.default\">\n\t\t\t\t<div class=\"elementor-widget-container\">\n\t\t\t\t\t\t\t<div class=\"elementor-spacer\">\n\t\t\t<div class=\"elementor-spacer-inner\"><\/div>\n\t\t<\/div>\n\t\t\t\t\t\t<\/div>\n\t\t\t\t<\/div>\n\t\t\t\t<div class=\"elementor-element elementor-element-fkpioil elementor-position-top elementor-widget elementor-widget-image-box\" data-id=\"fkpioil\" data-element_type=\"widget\" data-widget_type=\"image-box.default\">\n\t\t\t\t<div class=\"elementor-widget-container\">\n\t\t\t\t\t<div class=\"elementor-image-box-wrapper\"><figure class=\"elementor-image-box-img\"><a href=\"https:\/\/broise-art.fr\/journal\/wp-content\/uploads\/2017\/07\/Rivage-1.jpg\" target=\"_blank\" tabindex=\"-1\"><img fetchpriority=\"high\" decoding=\"async\" width=\"1000\" height=\"668\" src=\"https:\/\/broise-art.fr\/journal\/wp-content\/uploads\/2017\/07\/Rivage-1.jpg\" class=\"attachment-full size-full wp-image-720\" alt=\"Rivages. Oeuvre originale\u00a0: tirage Fine Art de l&#039;artiste Christian Broise\" srcset=\"https:\/\/broise-art.fr\/journal\/wp-content\/uploads\/2017\/07\/Rivage-1.jpg 1000w, https:\/\/broise-art.fr\/journal\/wp-content\/uploads\/2017\/07\/Rivage-1-300x200.jpg 300w, https:\/\/broise-art.fr\/journal\/wp-content\/uploads\/2017\/07\/Rivage-1-768x513.jpg 768w\" sizes=\"(max-width: 1000px) 100vw, 1000px\" \/><\/a><\/figure><div class=\"elementor-image-box-content\"><h3 class=\"elementor-image-box-title\"><a href=\"https:\/\/broise-art.fr\/journal\/wp-content\/uploads\/2017\/07\/Rivage-1.jpg\" target=\"_blank\">Rivages 1<\/a><\/h3><p class=\"elementor-image-box-description\">Rivages, impression pigmentaire<\/p><\/div><\/div>\t\t\t\t<\/div>\n\t\t\t\t<\/div>\n\t\t\t\t\t<\/div>\n\t\t<\/div>\n\t\t\t\t\t<\/div>\n\t\t<\/section>\n\t\t\t\t<section class=\"elementor-section elementor-top-section elementor-element elementor-element-mrxvedo elementor-section-height-min-height elementor-section-content-middle elementor-section-boxed elementor-section-height-default elementor-section-items-middle\" data-id=\"mrxvedo\" data-element_type=\"section\">\n\t\t\t\t\t\t<div class=\"elementor-container elementor-column-gap-default\">\n\t\t\t\t\t<div class=\"elementor-column elementor-col-100 elementor-top-column elementor-element elementor-element-tpzyafl\" data-id=\"tpzyafl\" data-element_type=\"column\">\n\t\t\t<div class=\"elementor-widget-wrap elementor-element-populated\">\n\t\t\t\t\t\t<div class=\"elementor-element elementor-element-hevsvth elementor-widget elementor-widget-text-editor\" data-id=\"hevsvth\" data-element_type=\"widget\" data-widget_type=\"text-editor.default\">\n\t\t\t\t<div class=\"elementor-widget-container\">\n\t\t\t\t\t\t\t\t\t<p>La mer est le lieu m\u00eame, apor\u00e9tique, de l&rsquo;\u00e9mergence du visuel et de la diffraction infinie du visible, le lieu des formes naissantes, de l&rsquo;\u00e9bauche sans fin, du balbutiement, du babil des formes, de l&rsquo;int\u00e9grit\u00e9 d\u00e9faite, dispers\u00e9e sur les flots.<\/p><p style=\"text-align: left;\">Cl\u00e9lia Nau , <em>Claude Lorrain: scaenographiae solis<\/em>, \u00e9ditions1: 1(ars),2009, p.84<\/p>\t\t\t\t\t\t\t\t<\/div>\n\t\t\t\t<\/div>\n\t\t\t\t\t<\/div>\n\t\t<\/div>\n\t\t\t\t\t<\/div>\n\t\t<\/section>\n\t\t\t\t<section class=\"elementor-section elementor-top-section elementor-element elementor-element-ifvborp elementor-section-full_width elementor-section-height-default elementor-section-height-default\" data-id=\"ifvborp\" data-element_type=\"section\">\n\t\t\t\t\t\t<div class=\"elementor-container elementor-column-gap-default\">\n\t\t\t\t\t<div class=\"elementor-column elementor-col-100 elementor-top-column elementor-element elementor-element-yepbujm\" data-id=\"yepbujm\" data-element_type=\"column\">\n\t\t\t<div class=\"elementor-widget-wrap elementor-element-populated\">\n\t\t\t\t\t\t<div class=\"elementor-element elementor-element-lowldbw elementor-widget elementor-widget-spacer\" data-id=\"lowldbw\" data-element_type=\"widget\" data-widget_type=\"spacer.default\">\n\t\t\t\t<div class=\"elementor-widget-container\">\n\t\t\t\t\t\t\t<div class=\"elementor-spacer\">\n\t\t\t<div class=\"elementor-spacer-inner\"><\/div>\n\t\t<\/div>\n\t\t\t\t\t\t<\/div>\n\t\t\t\t<\/div>\n\t\t\t\t<div class=\"elementor-element elementor-element-lktgelt elementor-position-top elementor-widget elementor-widget-image-box\" data-id=\"lktgelt\" data-element_type=\"widget\" data-widget_type=\"image-box.default\">\n\t\t\t\t<div class=\"elementor-widget-container\">\n\t\t\t\t\t<div class=\"elementor-image-box-wrapper\"><figure class=\"elementor-image-box-img\"><a href=\"https:\/\/broise-art.fr\/journal\/wp-content\/uploads\/2017\/07\/Rivages-5-2015.jpg\" target=\"_blank\" tabindex=\"-1\"><img decoding=\"async\" width=\"1000\" height=\"668\" src=\"https:\/\/broise-art.fr\/journal\/wp-content\/uploads\/2017\/07\/Rivages-5-2015.jpg\" class=\"attachment-full size-full wp-image-721\" alt=\"Rivages. Oeuvre originale\u00a0: tirage Fine Art de l&#039;artiste Christian Broise\" srcset=\"https:\/\/broise-art.fr\/journal\/wp-content\/uploads\/2017\/07\/Rivages-5-2015.jpg 1000w, https:\/\/broise-art.fr\/journal\/wp-content\/uploads\/2017\/07\/Rivages-5-2015-300x200.jpg 300w, https:\/\/broise-art.fr\/journal\/wp-content\/uploads\/2017\/07\/Rivages-5-2015-768x513.jpg 768w\" sizes=\"(max-width: 1000px) 100vw, 1000px\" \/><\/a><\/figure><div class=\"elementor-image-box-content\"><h3 class=\"elementor-image-box-title\"><a href=\"https:\/\/broise-art.fr\/journal\/wp-content\/uploads\/2017\/07\/Rivages-5-2015.jpg\" target=\"_blank\">Rivages 2<\/a><\/h3><\/div><\/div>\t\t\t\t<\/div>\n\t\t\t\t<\/div>\n\t\t\t\t\t<\/div>\n\t\t<\/div>\n\t\t\t\t\t<\/div>\n\t\t<\/section>\n\t\t\t\t<section class=\"elementor-section elementor-top-section elementor-element elementor-element-f95879a elementor-section-boxed elementor-section-height-default elementor-section-height-default\" data-id=\"f95879a\" data-element_type=\"section\">\n\t\t\t\t\t\t<div class=\"elementor-container elementor-column-gap-default\">\n\t\t\t\t\t<div class=\"elementor-column elementor-col-100 elementor-top-column elementor-element elementor-element-06e64e9\" data-id=\"06e64e9\" data-element_type=\"column\">\n\t\t\t<div class=\"elementor-widget-wrap elementor-element-populated\">\n\t\t\t\t\t\t<div class=\"elementor-element elementor-element-20d647a elementor-widget elementor-widget-image\" data-id=\"20d647a\" data-element_type=\"widget\" data-widget_type=\"image.default\">\n\t\t\t\t<div class=\"elementor-widget-container\">\n\t\t\t\t\t\t\t\t\t\t\t\t<figure class=\"wp-caption\">\n\t\t\t\t\t\t\t\t\t\t\t<a href=\"https:\/\/broise-art.fr\/journal\/wp-content\/uploads\/2023\/09\/Triptyque-aux-poissons.jpg\" data-elementor-open-lightbox=\"yes\" data-elementor-lightbox-title=\"Triptyque aux poissons\" data-elementor-lightbox-description=\"Tirage FineArt de Christian Broise. \" data-e-action-hash=\"#elementor-action%3Aaction%3Dlightbox%26settings%3DeyJpZCI6Njk3OSwidXJsIjoiaHR0cHM6XC9cL2Jyb2lzZS1hcnQuZnJcL2pvdXJuYWxcL3dwLWNvbnRlbnRcL3VwbG9hZHNcLzIwMjNcLzA5XC9UcmlwdHlxdWUtYXV4LXBvaXNzb25zLmpwZyJ9\">\n\t\t\t\t\t\t\t<img decoding=\"async\" width=\"1000\" height=\"671\" src=\"https:\/\/broise-art.fr\/journal\/wp-content\/uploads\/2023\/09\/Triptyque-aux-poissons.jpg\" class=\"attachment-full size-full wp-image-6979\" alt=\"Tirage FineArt de Christian Broise.\" srcset=\"https:\/\/broise-art.fr\/journal\/wp-content\/uploads\/2023\/09\/Triptyque-aux-poissons.jpg 1000w, https:\/\/broise-art.fr\/journal\/wp-content\/uploads\/2023\/09\/Triptyque-aux-poissons-300x201.jpg 300w, https:\/\/broise-art.fr\/journal\/wp-content\/uploads\/2023\/09\/Triptyque-aux-poissons-768x515.jpg 768w\" sizes=\"(max-width: 1000px) 100vw, 1000px\" \/>\t\t\t\t\t\t\t\t<\/a>\n\t\t\t\t\t\t\t\t\t\t\t<figcaption class=\"widget-image-caption wp-caption-text\">la femme aux poissons<\/figcaption>\n\t\t\t\t\t\t\t\t\t\t<\/figure>\n\t\t\t\t\t\t\t\t\t<\/div>\n\t\t\t\t<\/div>\n\t\t\t\t\t<\/div>\n\t\t<\/div>\n\t\t\t\t\t<\/div>\n\t\t<\/section>\n\t\t\t\t<section class=\"elementor-section elementor-top-section elementor-element elementor-element-223d937 elementor-section-boxed elementor-section-height-default elementor-section-height-default\" data-id=\"223d937\" data-element_type=\"section\">\n\t\t\t\t\t\t<div class=\"elementor-container elementor-column-gap-default\">\n\t\t\t\t\t<div class=\"elementor-column elementor-col-100 elementor-top-column elementor-element elementor-element-d5faa1d\" data-id=\"d5faa1d\" data-element_type=\"column\">\n\t\t\t<div class=\"elementor-widget-wrap\">\n\t\t\t\t\t\t\t<\/div>\n\t\t<\/div>\n\t\t\t\t\t<\/div>\n\t\t<\/section>\n\t\t\t\t<\/div>\n\t\t","protected":false},"excerpt":{"rendered":"<p>Rivages 1 Rivages, impression pigmentaire La mer est le lieu m\u00eame, apor\u00e9tique, de l&rsquo;\u00e9mergence du visuel et de la diffraction infinie du visible, le lieu des formes naissantes, de l&rsquo;\u00e9bauche sans fin, du balbutiement, du babil des formes, de l&rsquo;int\u00e9grit\u00e9 d\u00e9faite, dispers\u00e9e sur les flots. Cl\u00e9lia Nau , Claude Lorrain: scaenographiae solis, \u00e9ditions1: 1(ars),2009, p.84 [&hellip;]<\/p>\n","protected":false},"author":1,"featured_media":0,"parent":4702,"menu_order":0,"comment_status":"closed","ping_status":"closed","template":"","meta":{"_seopress_robots_primary_cat":"","_seopress_titles_title":"Rivages. Oeuvre originale\u00a0: tirage Fine Art de l&#039;artiste Christian Broise","_seopress_titles_desc":"Impression pigmentaire sur le th\u00e8me \u00ab Rivages \u00bb par l&#039;artiste Christian Broise. L\u2019\u0153uvre est le r\u00e9sultat d&#039;un travail bas\u00e9 sur l&#039;exploitation du mat\u00e9riau photographique. Le tirage est effectu\u00e9 par l&#039;artiste lui-m\u00eame et donne lieu \u00e0 une s\u00e9rie de 7 exemplaires maximum (tous formats confondus), certifi\u00e9s et sign\u00e9s.","_seopress_robots_index":"","footnotes":""},"class_list":["post-719","page","type-page","status-publish","hentry","entry"],"_links":{"self":[{"href":"https:\/\/broise-art.fr\/journal\/wp-json\/wp\/v2\/pages\/719","targetHints":{"allow":["GET"]}}],"collection":[{"href":"https:\/\/broise-art.fr\/journal\/wp-json\/wp\/v2\/pages"}],"about":[{"href":"https:\/\/broise-art.fr\/journal\/wp-json\/wp\/v2\/types\/page"}],"author":[{"embeddable":true,"href":"https:\/\/broise-art.fr\/journal\/wp-json\/wp\/v2\/users\/1"}],"replies":[{"embeddable":true,"href":"https:\/\/broise-art.fr\/journal\/wp-json\/wp\/v2\/comments?post=719"}],"version-history":[{"count":48,"href":"https:\/\/broise-art.fr\/journal\/wp-json\/wp\/v2\/pages\/719\/revisions"}],"predecessor-version":[{"id":7078,"href":"https:\/\/broise-art.fr\/journal\/wp-json\/wp\/v2\/pages\/719\/revisions\/7078"}],"up":[{"embeddable":true,"href":"https:\/\/broise-art.fr\/journal\/wp-json\/wp\/v2\/pages\/4702"}],"wp:attachment":[{"href":"https:\/\/broise-art.fr\/journal\/wp-json\/wp\/v2\/media?parent=719"}],"curies":[{"name":"wp","href":"https:\/\/api.w.org\/{rel}","templated":true}]}}