{"id":7045,"date":"2024-10-09T16:27:52","date_gmt":"2024-10-09T16:27:52","guid":{"rendered":"https:\/\/broise-art.fr\/journal\/?page_id=7045"},"modified":"2024-10-09T16:28:50","modified_gmt":"2024-10-09T16:28:50","slug":"les-poissons-deja-brillent-a-lhorizon","status":"publish","type":"page","link":"https:\/\/broise-art.fr\/journal\/les-poissons-deja-brillent-a-lhorizon\/","title":{"rendered":"Les Poissons d\u00e9j\u00e0 brillent \u00e0 l&rsquo;horizon"},"content":{"rendered":"\t\t<div data-elementor-type=\"wp-page\" data-elementor-id=\"7045\" class=\"elementor elementor-7045\" data-elementor-post-type=\"page\">\n\t\t\t\t\t\t<section class=\"elementor-section elementor-top-section elementor-element elementor-element-45be38c elementor-section-boxed elementor-section-height-default elementor-section-height-default\" data-id=\"45be38c\" data-element_type=\"section\">\n\t\t\t\t\t\t<div class=\"elementor-container elementor-column-gap-default\">\n\t\t\t\t\t<div class=\"elementor-column elementor-col-100 elementor-top-column elementor-element elementor-element-0465a13\" data-id=\"0465a13\" data-element_type=\"column\">\n\t\t\t<div class=\"elementor-widget-wrap elementor-element-populated\">\n\t\t\t\t\t\t<div class=\"elementor-element elementor-element-cbd352d elementor-widget elementor-widget-image\" data-id=\"cbd352d\" data-element_type=\"widget\" data-widget_type=\"image.default\">\n\t\t\t\t<div class=\"elementor-widget-container\">\n\t\t\t\t\t\t\t\t\t\t\t\t<figure class=\"wp-caption\">\n\t\t\t\t\t\t\t\t\t\t\t<a href=\"https:\/\/broise-art.fr\/journal\/wp-content\/uploads\/2024\/07\/Les_poissons_deja_brillent_a_l_horizon.jpg\" data-elementor-open-lightbox=\"yes\" data-elementor-lightbox-title=\"Les poissons d\u00e9j\u00e0 brillent \u00e0 l&#039;horizon\" data-elementor-lightbox-description=\"S\u00e9rie Rivage\" data-e-action-hash=\"#elementor-action%3Aaction%3Dlightbox%26settings%3DeyJpZCI6Njk5NCwidXJsIjoiaHR0cHM6XC9cL2Jyb2lzZS1hcnQuZnJcL2pvdXJuYWxcL3dwLWNvbnRlbnRcL3VwbG9hZHNcLzIwMjRcLzA3XC9MZXNfcG9pc3NvbnNfZGVqYV9icmlsbGVudF9hX2xfaG9yaXpvbi5qcGcifQ%3D%3D\">\n\t\t\t\t\t\t\t<img fetchpriority=\"high\" decoding=\"async\" width=\"1000\" height=\"406\" src=\"https:\/\/broise-art.fr\/journal\/wp-content\/uploads\/2024\/07\/Les_poissons_deja_brillent_a_l_horizon.jpg\" class=\"attachment-large size-large wp-image-6994\" alt=\"Les poissons d\u00e9j\u00e0 brillent \u00e0 l&#039;horizon\" srcset=\"https:\/\/broise-art.fr\/journal\/wp-content\/uploads\/2024\/07\/Les_poissons_deja_brillent_a_l_horizon.jpg 1000w, https:\/\/broise-art.fr\/journal\/wp-content\/uploads\/2024\/07\/Les_poissons_deja_brillent_a_l_horizon-300x122.jpg 300w, https:\/\/broise-art.fr\/journal\/wp-content\/uploads\/2024\/07\/Les_poissons_deja_brillent_a_l_horizon-768x312.jpg 768w\" sizes=\"(max-width: 1000px) 100vw, 1000px\" \/>\t\t\t\t\t\t\t\t<\/a>\n\t\t\t\t\t\t\t\t\t\t\t<figcaption class=\"widget-image-caption wp-caption-text\">Les poissons d\u00e9j\u00e0 brillent \u00e0 l'horizon<\/figcaption>\n\t\t\t\t\t\t\t\t\t\t<\/figure>\n\t\t\t\t\t\t\t\t\t<\/div>\n\t\t\t\t<\/div>\n\t\t\t\t\t<\/div>\n\t\t<\/div>\n\t\t\t\t\t<\/div>\n\t\t<\/section>\n\t\t\t\t<\/div>\n\t\t","protected":false},"excerpt":{"rendered":"<p>Les poissons d\u00e9j\u00e0 brillent \u00e0 l&rsquo;horizon<\/p>\n","protected":false},"author":1,"featured_media":0,"parent":0,"menu_order":0,"comment_status":"closed","ping_status":"closed","template":"","meta":{"_seopress_robots_primary_cat":"","_seopress_titles_title":"","_seopress_titles_desc":"","_seopress_robots_index":"","footnotes":""},"class_list":["post-7045","page","type-page","status-publish","hentry","entry"],"_links":{"self":[{"href":"https:\/\/broise-art.fr\/journal\/wp-json\/wp\/v2\/pages\/7045","targetHints":{"allow":["GET"]}}],"collection":[{"href":"https:\/\/broise-art.fr\/journal\/wp-json\/wp\/v2\/pages"}],"about":[{"href":"https:\/\/broise-art.fr\/journal\/wp-json\/wp\/v2\/types\/page"}],"author":[{"embeddable":true,"href":"https:\/\/broise-art.fr\/journal\/wp-json\/wp\/v2\/users\/1"}],"replies":[{"embeddable":true,"href":"https:\/\/broise-art.fr\/journal\/wp-json\/wp\/v2\/comments?post=7045"}],"version-history":[{"count":4,"href":"https:\/\/broise-art.fr\/journal\/wp-json\/wp\/v2\/pages\/7045\/revisions"}],"predecessor-version":[{"id":7051,"href":"https:\/\/broise-art.fr\/journal\/wp-json\/wp\/v2\/pages\/7045\/revisions\/7051"}],"wp:attachment":[{"href":"https:\/\/broise-art.fr\/journal\/wp-json\/wp\/v2\/media?parent=7045"}],"curies":[{"name":"wp","href":"https:\/\/api.w.org\/{rel}","templated":true}]}}