{"id":6674,"date":"2023-02-04T08:49:53","date_gmt":"2023-02-04T08:49:53","guid":{"rendered":"https:\/\/broise-art.fr\/journal\/?page_id=6674"},"modified":"2023-02-04T09:03:16","modified_gmt":"2023-02-04T09:03:16","slug":"lettres-de-desamour","status":"publish","type":"page","link":"https:\/\/broise-art.fr\/journal\/materiaux-mots\/lettres-de-desamour\/","title":{"rendered":"Lettres de d\u00e9samour"},"content":{"rendered":"\t\t<div data-elementor-type=\"wp-page\" data-elementor-id=\"6674\" class=\"elementor elementor-6674\" data-elementor-post-type=\"page\">\n\t\t\t\t\t\t<section class=\"elementor-section elementor-top-section elementor-element elementor-element-426158a elementor-section-boxed elementor-section-height-default elementor-section-height-default\" data-id=\"426158a\" data-element_type=\"section\">\n\t\t\t\t\t\t<div class=\"elementor-container elementor-column-gap-default\">\n\t\t\t\t\t<div class=\"elementor-column elementor-col-100 elementor-top-column elementor-element elementor-element-9140421\" data-id=\"9140421\" data-element_type=\"column\">\n\t\t\t<div class=\"elementor-widget-wrap elementor-element-populated\">\n\t\t\t\t\t\t<section class=\"elementor-section elementor-inner-section elementor-element elementor-element-8b6ed5d elementor-section-boxed elementor-section-height-default elementor-section-height-default\" data-id=\"8b6ed5d\" data-element_type=\"section\">\n\t\t\t\t\t\t<div class=\"elementor-container elementor-column-gap-default\">\n\t\t\t\t\t<div class=\"elementor-column elementor-col-50 elementor-inner-column elementor-element elementor-element-5233465\" data-id=\"5233465\" data-element_type=\"column\">\n\t\t\t<div class=\"elementor-widget-wrap elementor-element-populated\">\n\t\t\t\t\t\t<div class=\"elementor-element elementor-element-3080223 elementor-widget elementor-widget-image\" data-id=\"3080223\" data-element_type=\"widget\" data-widget_type=\"image.default\">\n\t\t\t\t<div class=\"elementor-widget-container\">\n\t\t\t\t\t\t\t\t\t\t\t\t\t\t\t<img fetchpriority=\"high\" decoding=\"async\" width=\"212\" height=\"300\" src=\"https:\/\/broise-art.fr\/journal\/wp-content\/uploads\/2021\/06\/Lettres-de-desamours_Couverture-Premiere-212x300.jpg\" class=\"attachment-medium size-medium wp-image-6030\" alt=\"Lettres de d\u00e9samour, couverture d&#039;un recueil de nouvelles de Christian Broise\" srcset=\"https:\/\/broise-art.fr\/journal\/wp-content\/uploads\/2021\/06\/Lettres-de-desamours_Couverture-Premiere-212x300.jpg 212w, https:\/\/broise-art.fr\/journal\/wp-content\/uploads\/2021\/06\/Lettres-de-desamours_Couverture-Premiere.jpg 706w\" sizes=\"(max-width: 212px) 100vw, 212px\" \/>\t\t\t\t\t\t\t\t\t\t\t\t\t\t\t<\/div>\n\t\t\t\t<\/div>\n\t\t\t\t<div class=\"elementor-element elementor-element-d129dd1 elementor-widget elementor-widget-text-editor\" data-id=\"d129dd1\" data-element_type=\"widget\" data-widget_type=\"text-editor.default\">\n\t\t\t\t<div class=\"elementor-widget-container\">\n\t\t\t\t\t\t\t\t\t<p>D\u00e9p\u00f4t l\u00e9gal : juin 2021. <br \/>Auto-edition, 59 pages. <br \/>Sur simple demande<br \/>Prix 10 euros.<br \/>\u00a9 2021. ISBN : 978-2-9565847-1-1<\/p>\t\t\t\t\t\t\t\t<\/div>\n\t\t\t\t<\/div>\n\t\t\t\t\t<\/div>\n\t\t<\/div>\n\t\t\t\t<div class=\"elementor-column elementor-col-50 elementor-inner-column elementor-element elementor-element-125e14a\" data-id=\"125e14a\" data-element_type=\"column\">\n\t\t\t<div class=\"elementor-widget-wrap elementor-element-populated\">\n\t\t\t\t\t\t<div class=\"elementor-element elementor-element-ea5a8cf elementor-widget elementor-widget-heading\" data-id=\"ea5a8cf\" data-element_type=\"widget\" data-widget_type=\"heading.default\">\n\t\t\t\t<div class=\"elementor-widget-container\">\n\t\t\t\t\t<h2 class=\"elementor-heading-title elementor-size-default\">Quatri\u00e8me de couverture<\/h2>\t\t\t\t<\/div>\n\t\t\t\t<\/div>\n\t\t\t\t<div class=\"elementor-element elementor-element-39aa591 elementor-widget elementor-widget-text-editor\" data-id=\"39aa591\" data-element_type=\"widget\" data-widget_type=\"text-editor.default\">\n\t\t\t\t<div class=\"elementor-widget-container\">\n\t\t\t\t\t\t\t\t\t<p>C\u2019est parce que cela a \u00e9t\u00e9 notre mani\u00e8re de communiquer \u00e0 une lointaine \u00e9poque que j\u2019ai choisi de vous \u00e9crire aujourd\u2019hui une lettre. Je suis cependant un peu mal \u00e0 l\u2019aise, ne sachant comment la commencer, apr\u00e8s tant d\u2019ann\u00e9es.<br \/>Ainsi commence la premi\u00e8re des cinq lettres qui composent ce recueil. A ces lettres se m\u00ealeront d\u2019autres textes, d\u2019autres histoires mettant en sc\u00e8ne des personnages qui tentent, chacun \u00e0 leur mani\u00e8re, de conjurer le pass\u00e9.<br \/>Conjurer le pass\u00e9 ?<br \/>l\u2019Acad\u00e9mie\u2002Fran\u00e7aise\u2002pr\u00e9cise\u2002pour\u2002le\u2002terme\u2002\u00ab conjurer \u00bb\u2002que\u2002le\u2002sens d\u2019origine, \u00ab prier instamment, supplier \u00bb s\u2019est enrichi d\u2019un sens nouveau au 12\u00e8me si\u00e8cle, \u00ab user de pri\u00e8res ou de formules magiques pour chasser les d\u00e9mons, exorciser les influences mal\u00e9fiques, \u00e9loigner les calamit\u00e9s \u00bb.<br \/>Conjurer le pass\u00e9 donc.<\/p>\t\t\t\t\t\t\t\t<\/div>\n\t\t\t\t<\/div>\n\t\t\t\t\t<\/div>\n\t\t<\/div>\n\t\t\t\t\t<\/div>\n\t\t<\/section>\n\t\t\t\t<div class=\"elementor-element elementor-element-b93c4dd elementor-widget elementor-widget-heading\" data-id=\"b93c4dd\" data-element_type=\"widget\" data-widget_type=\"heading.default\">\n\t\t\t\t<div class=\"elementor-widget-container\">\n\t\t\t\t\t<h2 class=\"elementor-heading-title elementor-size-default\">Extraits<\/h2>\t\t\t\t<\/div>\n\t\t\t\t<\/div>\n\t\t\t\t<div class=\"elementor-element elementor-element-81da703 elementor-widget elementor-widget-heading\" data-id=\"81da703\" data-element_type=\"widget\" data-widget_type=\"heading.default\">\n\t\t\t\t<div class=\"elementor-widget-container\">\n\t\t\t\t\t<h2 class=\"elementor-heading-title elementor-size-default\">Deuxi\u00e8me Lettre<\/h2>\t\t\t\t<\/div>\n\t\t\t\t<\/div>\n\t\t\t\t<div class=\"elementor-element elementor-element-3eb0df0 elementor-widget elementor-widget-text-editor\" data-id=\"3eb0df0\" data-element_type=\"widget\" data-widget_type=\"text-editor.default\">\n\t\t\t\t<div class=\"elementor-widget-container\">\n\t\t\t\t\t\t\t\t\t<p>Racontons-nous des histoires. Elles seules sans doute nous aident \u00e0 mieux tenter de comprendre ce que nous avons d\u00fb vivre.<br \/>Il se souvenait qu\u2019en ces ann\u00e9es-l\u00e0, ils avaient \u00e9chang\u00e9 des lettres, nombreuses, quotidiennes parfois. Ce tas d\u2019enveloppes \u00e9tait maintenant la derni\u00e8re trace qui restait de leur rencontre. Un jour, il avait cependant d\u00e9cid\u00e9 de les br\u00fbler, finalement persuad\u00e9 qu\u2019il ne les relirait jamais. Ce qu\u2019il aurait redout\u00e9 en les ouvrant, plus encore que d\u2019en \u00eatre \u00e9mu, c\u2019\u00e9tait de les trouver ridicules. Il en aurait \u00e9t\u00e9 d\u00e9\u00e7u. Cette ombre, soudain jet\u00e9e sur son pass\u00e9 disparu, il ne l\u2019aurait pas support\u00e9e. Il pr\u00e9f\u00e9ra alors le cadenasser dans le lieu vide des souvenirs sans preuve, sans \u00eatre vraiment dupe du stratag\u00e8me. Il se doutait bien que la m\u00e9moire, comme les r\u00eaves, n\u2019avait pas besoin de preuves, que cela permettrait bien plus d\u2019all\u00e9ger cartons et tiroirs que sa m\u00e9moire, mais il sut se persuader au moment de craquer l\u2019allumette qu\u2019avec ce geste d\u00e9finitif, c\u2019\u00e9taient bien les regrets et les interrogations qui allaient partir en fum\u00e9e. Il pourrait enfin tirer un trait, couper un fil, vivre plus l\u00e9ger. Et puis, de toute fa\u00e7on, il \u00e9tait pr\u00e9f\u00e9rable que ces lettres ne tombent pas aux mains d\u2019\u00e9trangers \u00e0 leur histoire. <br \/>Il aurait voulu croire aux albums de famille, que son pass\u00e9 leur ressembl\u00e2t. (&#8230;)<\/p>\t\t\t\t\t\t\t\t<\/div>\n\t\t\t\t<\/div>\n\t\t\t\t<div class=\"elementor-element elementor-element-1dcdbae elementor-widget elementor-widget-heading\" data-id=\"1dcdbae\" data-element_type=\"widget\" data-widget_type=\"heading.default\">\n\t\t\t\t<div class=\"elementor-widget-container\">\n\t\t\t\t\t<h2 class=\"elementor-heading-title elementor-size-default\">Instinct maternel<\/h2>\t\t\t\t<\/div>\n\t\t\t\t<\/div>\n\t\t\t\t<div class=\"elementor-element elementor-element-d648f52 elementor-widget elementor-widget-text-editor\" data-id=\"d648f52\" data-element_type=\"widget\" data-widget_type=\"text-editor.default\">\n\t\t\t\t<div class=\"elementor-widget-container\">\n\t\t\t\t\t\t\t\t\t<p><br \/>L\u2019univers est bleu. Le pass\u00e9 n\u2019est que le brouillon de l\u2019avenir.<br \/>Agenouill\u00e9e devant son terrarium, les deux mains pos\u00e9es sur les montants de bois, Marie a l\u2019air d\u2019une p\u00e9nitente. Elle passait ainsi de longs moments \u00e0 observer beno\u00eetement les insectes qu\u2019elle \u00e9levait depuis quelques mois. Parfois elle en attrapait un, le sortait de la bo\u00eete, le tenait entre deux doigts avec pr\u00e9caution et le couvait d\u2019un regard attendri. <br \/>\u201cIl leur faut une nouvelle cage\u201d, dit-elle \u00e0 Rodolphe qu\u2019elle fixe de ses grands yeux verts. <br \/>Rodolphe ne contrariait plus Marie depuis sa d\u00e9pression survenue quelques mois apr\u00e8s leur arriv\u00e9e dans ce village qu\u2019ils avaient d\u00fb rejoindre apr\u00e8s sa derni\u00e8re mutation. A cette \u00e9poque, Marie s\u2019\u00e9tait en effet rapidement retrouv\u00e9e isol\u00e9e. Au d\u00e9but elle rencontrait bien, apr\u00e8s les courses qu\u2019elle faisait toujours de bonne heure, certaines m\u00e8res de famille qui s\u2019attardaient autour du chocolat chaud qu\u2019elles buvaient ensemble au petit caf\u00e9 sur la place du march\u00e9, apr\u00e8s avoir pos\u00e9 leur prog\u00e9niture \u00e0 l\u2019\u00e9cole. Mais petit \u00e0 petit, sans doute parce que Marie n\u2019avait pas d\u2019enfants, elle ne fut plus convi\u00e9e aux discussions sur l\u2019angine du petit dernier, les probl\u00e8mes d\u2019\u00e9rection de certains maris certains samedis soir, les craintes de s\u00e9cheresses vaginales et autres suspicions d\u2019infid\u00e9lit\u00e9s. Elle commen\u00e7a alors \u00e0 \u00e9viter le village \u00e0 l\u2019heure de l\u2019\u00e9cole, se retrouva de plus en plus souvent seule et commen\u00e7a \u00e0 pr\u00e9f\u00e9rer passer ses journ\u00e9es recouverte d\u2019une sorte de mante brune, dans un large fauteuil qui lui venait de son p\u00e8re. (&#8230;)<\/p>\t\t\t\t\t\t\t\t<\/div>\n\t\t\t\t<\/div>\n\t\t\t\t\t<\/div>\n\t\t<\/div>\n\t\t\t\t\t<\/div>\n\t\t<\/section>\n\t\t\t\t<\/div>\n\t\t","protected":false},"excerpt":{"rendered":"<p>D\u00e9p\u00f4t l\u00e9gal : juin 2021. Auto-edition, 59 pages. Sur simple demande Prix 10 euros. \u00a9 2021. ISBN : 978-2-9565847-1-1 Quatri\u00e8me de couverture C\u2019est parce que cela a \u00e9t\u00e9 notre mani\u00e8re de communiquer \u00e0 une lointaine \u00e9poque que j\u2019ai choisi de vous \u00e9crire aujourd\u2019hui une lettre. Je suis cependant un peu mal \u00e0 l\u2019aise, ne sachant [&hellip;]<\/p>\n","protected":false},"author":1,"featured_media":0,"parent":3742,"menu_order":0,"comment_status":"closed","ping_status":"closed","template":"","meta":{"_seopress_robots_primary_cat":"","_seopress_titles_title":"","_seopress_titles_desc":"","_seopress_robots_index":"","footnotes":""},"class_list":["post-6674","page","type-page","status-publish","hentry","entry"],"_links":{"self":[{"href":"https:\/\/broise-art.fr\/journal\/wp-json\/wp\/v2\/pages\/6674","targetHints":{"allow":["GET"]}}],"collection":[{"href":"https:\/\/broise-art.fr\/journal\/wp-json\/wp\/v2\/pages"}],"about":[{"href":"https:\/\/broise-art.fr\/journal\/wp-json\/wp\/v2\/types\/page"}],"author":[{"embeddable":true,"href":"https:\/\/broise-art.fr\/journal\/wp-json\/wp\/v2\/users\/1"}],"replies":[{"embeddable":true,"href":"https:\/\/broise-art.fr\/journal\/wp-json\/wp\/v2\/comments?post=6674"}],"version-history":[{"count":5,"href":"https:\/\/broise-art.fr\/journal\/wp-json\/wp\/v2\/pages\/6674\/revisions"}],"predecessor-version":[{"id":6681,"href":"https:\/\/broise-art.fr\/journal\/wp-json\/wp\/v2\/pages\/6674\/revisions\/6681"}],"up":[{"embeddable":true,"href":"https:\/\/broise-art.fr\/journal\/wp-json\/wp\/v2\/pages\/3742"}],"wp:attachment":[{"href":"https:\/\/broise-art.fr\/journal\/wp-json\/wp\/v2\/media?parent=6674"}],"curies":[{"name":"wp","href":"https:\/\/api.w.org\/{rel}","templated":true}]}}