{"id":666,"date":"2017-07-16T13:06:32","date_gmt":"2017-07-16T13:06:32","guid":{"rendered":"http:\/\/broise-art.fr\/journal\/?page_id=666"},"modified":"2023-08-27T13:29:06","modified_gmt":"2023-08-27T13:29:06","slug":"la-jeune-fille-et-la-mort","status":"publish","type":"page","link":"https:\/\/broise-art.fr\/journal\/enfers\/la-jeune-fille-et-la-mort\/","title":{"rendered":"La jeune fille et la mort"},"content":{"rendered":"\t\t<div data-elementor-type=\"wp-post\" data-elementor-id=\"666\" class=\"elementor elementor-666\" data-elementor-post-type=\"page\">\n\t\t\t\t\t\t<section class=\"elementor-section elementor-top-section elementor-element elementor-element-zquppzm elementor-section-full_width elementor-section-height-default elementor-section-height-default\" data-id=\"zquppzm\" data-element_type=\"section\">\n\t\t\t\t\t\t<div class=\"elementor-container elementor-column-gap-default\">\n\t\t\t\t\t<div class=\"elementor-column elementor-col-100 elementor-top-column elementor-element elementor-element-btbndsd\" data-id=\"btbndsd\" data-element_type=\"column\">\n\t\t\t<div class=\"elementor-widget-wrap elementor-element-populated\">\n\t\t\t\t\t\t<div class=\"elementor-element elementor-element-bqxdrgo elementor-widget elementor-widget-spacer\" data-id=\"bqxdrgo\" data-element_type=\"widget\" data-widget_type=\"spacer.default\">\n\t\t\t\t<div class=\"elementor-widget-container\">\n\t\t\t\t\t\t\t<div class=\"elementor-spacer\">\n\t\t\t<div class=\"elementor-spacer-inner\"><\/div>\n\t\t<\/div>\n\t\t\t\t\t\t<\/div>\n\t\t\t\t<\/div>\n\t\t\t\t<div class=\"elementor-element elementor-element-c6eb772 elementor-position-top elementor-widget elementor-widget-image-box\" data-id=\"c6eb772\" data-element_type=\"widget\" data-widget_type=\"image-box.default\">\n\t\t\t\t<div class=\"elementor-widget-container\">\n\t\t\t\t\t<div class=\"elementor-image-box-wrapper\"><figure class=\"elementor-image-box-img\"><a href=\"https:\/\/broise-art.fr\/journal\/wp-content\/uploads\/2017\/07\/jeune-fille-et-la-mort-2.jpg\" tabindex=\"-1\"><img fetchpriority=\"high\" decoding=\"async\" width=\"667\" height=\"1000\" src=\"https:\/\/broise-art.fr\/journal\/wp-content\/uploads\/2017\/07\/jeune-fille-et-la-mort-2.jpg\" class=\"attachment-full size-full wp-image-670\" alt=\"la jeune fille et la mort. Oeuvre originale\u00a0: tirage Fine Art de l&#039;artiste Christian Broise\" srcset=\"https:\/\/broise-art.fr\/journal\/wp-content\/uploads\/2017\/07\/jeune-fille-et-la-mort-2.jpg 667w, https:\/\/broise-art.fr\/journal\/wp-content\/uploads\/2017\/07\/jeune-fille-et-la-mort-2-200x300.jpg 200w\" sizes=\"(max-width: 667px) 100vw, 667px\" \/><\/a><\/figure><div class=\"elementor-image-box-content\"><h3 class=\"elementor-image-box-title\"><a href=\"https:\/\/broise-art.fr\/journal\/wp-content\/uploads\/2017\/07\/jeune-fille-et-la-mort-2.jpg\">La jeune fille et la mort II<\/a><\/h3><p class=\"elementor-image-box-description\">La jeune fille et la mort, tirage pigmentaire<\/p><\/div><\/div>\t\t\t\t<\/div>\n\t\t\t\t<\/div>\n\t\t\t\t\t<\/div>\n\t\t<\/div>\n\t\t\t\t\t<\/div>\n\t\t<\/section>\n\t\t\t\t<section class=\"elementor-section elementor-top-section elementor-element elementor-element-lsnpplb elementor-section-full_width elementor-section-height-default elementor-section-height-default\" data-id=\"lsnpplb\" data-element_type=\"section\">\n\t\t\t\t\t\t<div class=\"elementor-container elementor-column-gap-default\">\n\t\t\t\t\t<div class=\"elementor-column elementor-col-100 elementor-top-column elementor-element elementor-element-xjleodi\" data-id=\"xjleodi\" data-element_type=\"column\">\n\t\t\t<div class=\"elementor-widget-wrap elementor-element-populated\">\n\t\t\t\t\t\t<div class=\"elementor-element elementor-element-ekwjqgd elementor-widget elementor-widget-text-editor\" data-id=\"ekwjqgd\" data-element_type=\"widget\" data-widget_type=\"text-editor.default\">\n\t\t\t\t<div class=\"elementor-widget-container\">\n\t\t\t\t\t\t\t\t\t<p>(&#8230;)<\/p><p>\u00d4ter l\u2019\u00e9tain du miroir, acc\u00e9der \u00e0 la vitre du monde et au del\u00e0 tenter d\u2019approcher la peau des choses, le voile des nymphes, l\u2019eau, les arbres, et puis pleurer, g\u00e9mir, chanter, danser devant les in\u00e9narrables horizons.<\/p><p style=\"text-align: left;\"><a href=\"https:\/\/broise-art.fr\/journal\/il-faudrait-aussi-pouvoir-parler\/\" target=\"_self\">lire le texte complet<\/a><\/p>\t\t\t\t\t\t\t\t<\/div>\n\t\t\t\t<\/div>\n\t\t\t\t\t<\/div>\n\t\t<\/div>\n\t\t\t\t\t<\/div>\n\t\t<\/section>\n\t\t\t\t<section class=\"elementor-section elementor-top-section elementor-element elementor-element-7mi6dhr elementor-section-full_width elementor-section-height-default elementor-section-height-default\" data-id=\"7mi6dhr\" data-element_type=\"section\">\n\t\t\t\t\t\t<div class=\"elementor-container elementor-column-gap-default\">\n\t\t\t\t\t<div class=\"elementor-column elementor-col-100 elementor-top-column elementor-element elementor-element-vxyw927\" data-id=\"vxyw927\" data-element_type=\"column\">\n\t\t\t<div class=\"elementor-widget-wrap elementor-element-populated\">\n\t\t\t\t\t\t<div class=\"elementor-element elementor-element-vfezlkj elementor-widget elementor-widget-spacer\" data-id=\"vfezlkj\" data-element_type=\"widget\" data-widget_type=\"spacer.default\">\n\t\t\t\t<div class=\"elementor-widget-container\">\n\t\t\t\t\t\t\t<div class=\"elementor-spacer\">\n\t\t\t<div class=\"elementor-spacer-inner\"><\/div>\n\t\t<\/div>\n\t\t\t\t\t\t<\/div>\n\t\t\t\t<\/div>\n\t\t\t\t<div class=\"elementor-element elementor-element-s083bcl elementor-position-top elementor-widget elementor-widget-image-box\" data-id=\"s083bcl\" data-element_type=\"widget\" data-widget_type=\"image-box.default\">\n\t\t\t\t<div class=\"elementor-widget-container\">\n\t\t\t\t\t<div class=\"elementor-image-box-wrapper\"><figure class=\"elementor-image-box-img\"><a href=\"https:\/\/broise-art.fr\/journal\/wp-content\/uploads\/2017\/07\/la-jeune-fille-et-la-mort-5.jpg\" target=\"_blank\" tabindex=\"-1\"><img decoding=\"async\" width=\"668\" height=\"1000\" src=\"https:\/\/broise-art.fr\/journal\/wp-content\/uploads\/2017\/07\/la-jeune-fille-et-la-mort-5.jpg\" class=\"attachment-full size-full wp-image-667\" alt=\"La jeune fille et la mort. Nature morte. Oeuvre originale\u00a0: tirage Fine Art de l&#039;artiste Christian Broise\" srcset=\"https:\/\/broise-art.fr\/journal\/wp-content\/uploads\/2017\/07\/la-jeune-fille-et-la-mort-5.jpg 668w, https:\/\/broise-art.fr\/journal\/wp-content\/uploads\/2017\/07\/la-jeune-fille-et-la-mort-5-200x300.jpg 200w\" sizes=\"(max-width: 668px) 100vw, 668px\" \/><\/a><\/figure><div class=\"elementor-image-box-content\"><h3 class=\"elementor-image-box-title\"><a href=\"https:\/\/broise-art.fr\/journal\/wp-content\/uploads\/2017\/07\/la-jeune-fille-et-la-mort-5.jpg\" target=\"_blank\">La jeune fille et la mort I<\/a><\/h3><p class=\"elementor-image-box-description\">Tirage pigmentaire<\/p><\/div><\/div>\t\t\t\t<\/div>\n\t\t\t\t<\/div>\n\t\t\t\t<div class=\"elementor-element elementor-element-edyq7z1 elementor-widget elementor-widget-spacer\" data-id=\"edyq7z1\" data-element_type=\"widget\" data-widget_type=\"spacer.default\">\n\t\t\t\t<div class=\"elementor-widget-container\">\n\t\t\t\t\t\t\t<div class=\"elementor-spacer\">\n\t\t\t<div class=\"elementor-spacer-inner\"><\/div>\n\t\t<\/div>\n\t\t\t\t\t\t<\/div>\n\t\t\t\t<\/div>\n\t\t\t\t<div class=\"elementor-element elementor-element-ed07719 elementor-widget elementor-widget-video\" data-id=\"ed07719\" data-element_type=\"widget\" data-settings=\"{&quot;youtube_url&quot;:&quot;https:\\\/\\\/www.youtube.com\\\/watch?v=otdayisyIiM&quot;,&quot;video_type&quot;:&quot;youtube&quot;,&quot;controls&quot;:&quot;yes&quot;}\" data-widget_type=\"video.default\">\n\t\t\t\t<div class=\"elementor-widget-container\">\n\t\t\t\t\t\t\t<div class=\"elementor-wrapper elementor-open-inline\">\n\t\t\t<div class=\"elementor-video\"><\/div>\t\t<\/div>\n\t\t\t\t\t\t<\/div>\n\t\t\t\t<\/div>\n\t\t\t\t<div class=\"elementor-element elementor-element-ecee0b6 elementor-widget elementor-widget-text-editor\" data-id=\"ecee0b6\" data-element_type=\"widget\" data-widget_type=\"text-editor.default\">\n\t\t\t\t<div class=\"elementor-widget-container\">\n\t\t\t\t\t\t\t\t\t<p><a href=\"http:\/\/fabienclaude.com\/photographies\/\"><img decoding=\"async\" class=\"aligncenter wp-image-1822 size-thumbnail\" style=\"font-weight: bold;\" src=\"https:\/\/broise-art.fr\/journal\/wp-content\/uploads\/2018\/03\/blue-cruxifiction-150x150.jpg\" alt=\"Travail de Claude Fabien\" width=\"150\" height=\"150\" \/><\/a><\/p><p style=\"text-align: center;\"><span style=\"font-weight: bold; text-align: center;\">Travail\u00a0 de <\/span><a style=\"font-weight: bold; text-align: center;\" href=\"http:\/\/fabienclaude.com\/photographies\/\" target=\"_blank\" rel=\"noopener\">Fabien Claude<\/a><\/p>\t\t\t\t\t\t\t\t<\/div>\n\t\t\t\t<\/div>\n\t\t\t\t\t<\/div>\n\t\t<\/div>\n\t\t\t\t\t<\/div>\n\t\t<\/section>\n\t\t\t\t<\/div>\n\t\t","protected":false},"excerpt":{"rendered":"<p>La jeune fille et la mort II La jeune fille et la mort, tirage pigmentaire (&#8230;) \u00d4ter l\u2019\u00e9tain du miroir, acc\u00e9der \u00e0 la vitre du monde et au del\u00e0 tenter d\u2019approcher la peau des choses, le voile des nymphes, l\u2019eau, les arbres, et puis pleurer, g\u00e9mir, chanter, danser devant les in\u00e9narrables horizons. lire le texte [&hellip;]<\/p>\n","protected":false},"author":1,"featured_media":0,"parent":4617,"menu_order":0,"comment_status":"closed","ping_status":"closed","template":"","meta":{"_seopress_robots_primary_cat":"","_seopress_titles_title":"la jeune fille et la mort. Oeuvre originale: tirage Fine Art de Christian Broise","_seopress_titles_desc":"Impression pigmentaire sur le th\u00e8me \u00ab\u00a0la jeune fille et la mort\u00a0\u00bb par l&#039;artiste Christian Broise. L\u2019\u0153uvre est le r\u00e9sultat d&#039;un travail bas\u00e9 sur l&#039;exploitation du mat\u00e9riau photographique. Le tirage est effectu\u00e9 par l&#039;artiste et donne lieu \u00e0 une s\u00e9rie de 7 exemplaires maximum (tous formats confondus),certifi\u00e9s et sign\u00e9s.","_seopress_robots_index":"","footnotes":""},"class_list":["post-666","page","type-page","status-publish","hentry","entry"],"_links":{"self":[{"href":"https:\/\/broise-art.fr\/journal\/wp-json\/wp\/v2\/pages\/666","targetHints":{"allow":["GET"]}}],"collection":[{"href":"https:\/\/broise-art.fr\/journal\/wp-json\/wp\/v2\/pages"}],"about":[{"href":"https:\/\/broise-art.fr\/journal\/wp-json\/wp\/v2\/types\/page"}],"author":[{"embeddable":true,"href":"https:\/\/broise-art.fr\/journal\/wp-json\/wp\/v2\/users\/1"}],"replies":[{"embeddable":true,"href":"https:\/\/broise-art.fr\/journal\/wp-json\/wp\/v2\/comments?post=666"}],"version-history":[{"count":57,"href":"https:\/\/broise-art.fr\/journal\/wp-json\/wp\/v2\/pages\/666\/revisions"}],"predecessor-version":[{"id":6871,"href":"https:\/\/broise-art.fr\/journal\/wp-json\/wp\/v2\/pages\/666\/revisions\/6871"}],"up":[{"embeddable":true,"href":"https:\/\/broise-art.fr\/journal\/wp-json\/wp\/v2\/pages\/4617"}],"wp:attachment":[{"href":"https:\/\/broise-art.fr\/journal\/wp-json\/wp\/v2\/media?parent=666"}],"curies":[{"name":"wp","href":"https:\/\/api.w.org\/{rel}","templated":true}]}}