{"id":4702,"date":"2020-12-16T11:51:00","date_gmt":"2020-12-16T11:51:00","guid":{"rendered":"https:\/\/broise-art.fr\/journal\/?page_id=4702"},"modified":"2023-02-03T17:39:52","modified_gmt":"2023-02-03T17:39:52","slug":"menu_rivages","status":"publish","type":"page","link":"https:\/\/broise-art.fr\/journal\/menu_rivages\/","title":{"rendered":"S\u00e9ries : Rivages"},"content":{"rendered":"\t\t<div data-elementor-type=\"wp-page\" data-elementor-id=\"4702\" class=\"elementor elementor-4702\" data-elementor-post-type=\"page\">\n\t\t\t\t\t\t<section class=\"elementor-section elementor-top-section elementor-element elementor-element-513b16c6 elementor-section-boxed elementor-section-height-default elementor-section-height-default\" data-id=\"513b16c6\" data-element_type=\"section\">\n\t\t\t\t\t\t<div class=\"elementor-container elementor-column-gap-default\">\n\t\t\t\t\t<div class=\"elementor-column elementor-col-100 elementor-top-column elementor-element elementor-element-34777cd\" data-id=\"34777cd\" data-element_type=\"column\">\n\t\t\t<div class=\"elementor-widget-wrap elementor-element-populated\">\n\t\t\t\t\t\t<section class=\"elementor-section elementor-inner-section elementor-element elementor-element-1e64f90b elementor-section-boxed elementor-section-height-default elementor-section-height-default\" data-id=\"1e64f90b\" data-element_type=\"section\">\n\t\t\t\t\t\t<div class=\"elementor-container elementor-column-gap-default\">\n\t\t\t\t\t<div class=\"elementor-column elementor-col-50 elementor-inner-column elementor-element elementor-element-39d02970\" data-id=\"39d02970\" data-element_type=\"column\">\n\t\t\t<div class=\"elementor-widget-wrap elementor-element-populated\">\n\t\t\t\t\t\t<div class=\"elementor-element elementor-element-145930d6 elementor-nav-menu__align-start elementor-nav-menu--dropdown-none elementor-widget elementor-widget-nav-menu\" data-id=\"145930d6\" data-element_type=\"widget\" data-settings=\"{&quot;layout&quot;:&quot;vertical&quot;,&quot;submenu_icon&quot;:{&quot;value&quot;:&quot;&lt;i class=\\&quot;fas fa-caret-down\\&quot;&gt;&lt;\\\/i&gt;&quot;,&quot;library&quot;:&quot;fa-solid&quot;}}\" data-widget_type=\"nav-menu.default\">\n\t\t\t\t<div class=\"elementor-widget-container\">\n\t\t\t\t\t\t\t\t<nav aria-label=\"Menu\" class=\"elementor-nav-menu--main elementor-nav-menu__container elementor-nav-menu--layout-vertical e--pointer-text e--animation-grow\">\n\t\t\t\t<ul id=\"menu-1-145930d6\" class=\"elementor-nav-menu sm-vertical\"><li class=\"menu-item menu-item-type-post_type menu-item-object-page menu-item-7070\"><a href=\"https:\/\/broise-art.fr\/journal\/silences-affales\/\" title=\"2024\" class=\"elementor-item\">Silences affal\u00e9s. 2024<\/a><\/li>\n<li class=\"menu-item menu-item-type-post_type menu-item-object-page menu-item-7071\"><a href=\"https:\/\/broise-art.fr\/journal\/les-poissons-deja-brillent-a-lhorizon\/\" title=\"2024\" class=\"elementor-item\">Les Poissons d\u00e9j\u00e0 brillent \u00e0 l\u2019horizon. 2024<\/a><\/li>\n<li class=\"menu-item menu-item-type-post_type menu-item-object-page menu-item-6958\"><a href=\"https:\/\/broise-art.fr\/journal\/menu_rivages\/vague-noire\/\" title=\"2019\" class=\"elementor-item\">Vague noire. 2019<\/a><\/li>\n<li class=\"menu-item menu-item-type-post_type menu-item-object-page menu-item-6951\"><a href=\"https:\/\/broise-art.fr\/journal\/menu_rivages\/fresques-fugitives\/\" title=\"2019\" class=\"elementor-item\">Fresques fugitives. 2019<\/a><\/li>\n<li class=\"menu-item menu-item-type-post_type menu-item-object-page menu-item-6955\"><a href=\"https:\/\/broise-art.fr\/journal\/menu_rivages\/rivages\/\" title=\"2016\" class=\"elementor-item\">Rivages. 2016<\/a><\/li>\n<li class=\"menu-item menu-item-type-post_type menu-item-object-page menu-item-6950\"><a href=\"https:\/\/broise-art.fr\/journal\/menu_rivages\/la-femme-de-loth\/\" title=\"2015\" class=\"elementor-item\">La femme de Loth. 2015<\/a><\/li>\n<li class=\"menu-item menu-item-type-post_type menu-item-object-page menu-item-6949\"><a href=\"https:\/\/broise-art.fr\/journal\/menu_rivages\/ulysse\/\" title=\"2014\" class=\"elementor-item\">Ulysse. 2014<\/a><\/li>\n<li class=\"menu-item menu-item-type-post_type menu-item-object-page menu-item-6952\"><a href=\"https:\/\/broise-art.fr\/journal\/menu_rivages\/horizon\/\" title=\"2014\" class=\"elementor-item\">Horizon. 2014<\/a><\/li>\n<li class=\"menu-item menu-item-type-post_type menu-item-object-page menu-item-6957\"><a href=\"https:\/\/broise-art.fr\/journal\/menu_rivages\/tentation\/\" title=\"2014\" class=\"elementor-item\">Tentation. 2014<\/a><\/li>\n<li class=\"menu-item menu-item-type-post_type menu-item-object-page menu-item-6956\"><a href=\"https:\/\/broise-art.fr\/journal\/menu_rivages\/le-sel-noir\/\" title=\"2013\" class=\"elementor-item\">Le sel noir. 2013<\/a><\/li>\n<li class=\"menu-item menu-item-type-post_type menu-item-object-page menu-item-6953\"><a href=\"https:\/\/broise-art.fr\/journal\/menu_rivages\/indigo\/\" title=\"2013\" class=\"elementor-item\">Indigo. 2013<\/a><\/li>\n<li class=\"menu-item menu-item-type-post_type menu-item-object-page menu-item-6954\"><a href=\"https:\/\/broise-art.fr\/journal\/menu_rivages\/pandore\/\" title=\"2007\" class=\"elementor-item\">Pandore. 2007<\/a><\/li>\n<\/ul>\t\t\t<\/nav>\n\t\t\t\t\t\t<nav class=\"elementor-nav-menu--dropdown elementor-nav-menu__container\" aria-hidden=\"true\">\n\t\t\t\t<ul id=\"menu-2-145930d6\" class=\"elementor-nav-menu sm-vertical\"><li class=\"menu-item menu-item-type-post_type menu-item-object-page menu-item-7070\"><a href=\"https:\/\/broise-art.fr\/journal\/silences-affales\/\" title=\"2024\" class=\"elementor-item\" tabindex=\"-1\">Silences affal\u00e9s. 2024<\/a><\/li>\n<li class=\"menu-item menu-item-type-post_type menu-item-object-page menu-item-7071\"><a href=\"https:\/\/broise-art.fr\/journal\/les-poissons-deja-brillent-a-lhorizon\/\" title=\"2024\" class=\"elementor-item\" tabindex=\"-1\">Les Poissons d\u00e9j\u00e0 brillent \u00e0 l\u2019horizon. 2024<\/a><\/li>\n<li class=\"menu-item menu-item-type-post_type menu-item-object-page menu-item-6958\"><a href=\"https:\/\/broise-art.fr\/journal\/menu_rivages\/vague-noire\/\" title=\"2019\" class=\"elementor-item\" tabindex=\"-1\">Vague noire. 2019<\/a><\/li>\n<li class=\"menu-item menu-item-type-post_type menu-item-object-page menu-item-6951\"><a href=\"https:\/\/broise-art.fr\/journal\/menu_rivages\/fresques-fugitives\/\" title=\"2019\" class=\"elementor-item\" tabindex=\"-1\">Fresques fugitives. 2019<\/a><\/li>\n<li class=\"menu-item menu-item-type-post_type menu-item-object-page menu-item-6955\"><a href=\"https:\/\/broise-art.fr\/journal\/menu_rivages\/rivages\/\" title=\"2016\" class=\"elementor-item\" tabindex=\"-1\">Rivages. 2016<\/a><\/li>\n<li class=\"menu-item menu-item-type-post_type menu-item-object-page menu-item-6950\"><a href=\"https:\/\/broise-art.fr\/journal\/menu_rivages\/la-femme-de-loth\/\" title=\"2015\" class=\"elementor-item\" tabindex=\"-1\">La femme de Loth. 2015<\/a><\/li>\n<li class=\"menu-item menu-item-type-post_type menu-item-object-page menu-item-6949\"><a href=\"https:\/\/broise-art.fr\/journal\/menu_rivages\/ulysse\/\" title=\"2014\" class=\"elementor-item\" tabindex=\"-1\">Ulysse. 2014<\/a><\/li>\n<li class=\"menu-item menu-item-type-post_type menu-item-object-page menu-item-6952\"><a href=\"https:\/\/broise-art.fr\/journal\/menu_rivages\/horizon\/\" title=\"2014\" class=\"elementor-item\" tabindex=\"-1\">Horizon. 2014<\/a><\/li>\n<li class=\"menu-item menu-item-type-post_type menu-item-object-page menu-item-6957\"><a href=\"https:\/\/broise-art.fr\/journal\/menu_rivages\/tentation\/\" title=\"2014\" class=\"elementor-item\" tabindex=\"-1\">Tentation. 2014<\/a><\/li>\n<li class=\"menu-item menu-item-type-post_type menu-item-object-page menu-item-6956\"><a href=\"https:\/\/broise-art.fr\/journal\/menu_rivages\/le-sel-noir\/\" title=\"2013\" class=\"elementor-item\" tabindex=\"-1\">Le sel noir. 2013<\/a><\/li>\n<li class=\"menu-item menu-item-type-post_type menu-item-object-page menu-item-6953\"><a href=\"https:\/\/broise-art.fr\/journal\/menu_rivages\/indigo\/\" title=\"2013\" class=\"elementor-item\" tabindex=\"-1\">Indigo. 2013<\/a><\/li>\n<li class=\"menu-item menu-item-type-post_type menu-item-object-page menu-item-6954\"><a href=\"https:\/\/broise-art.fr\/journal\/menu_rivages\/pandore\/\" title=\"2007\" class=\"elementor-item\" tabindex=\"-1\">Pandore. 2007<\/a><\/li>\n<\/ul>\t\t\t<\/nav>\n\t\t\t\t\t\t<\/div>\n\t\t\t\t<\/div>\n\t\t\t\t\t<\/div>\n\t\t<\/div>\n\t\t\t\t<div class=\"elementor-column elementor-col-50 elementor-inner-column elementor-element elementor-element-7953fb26\" data-id=\"7953fb26\" data-element_type=\"column\">\n\t\t\t<div class=\"elementor-widget-wrap elementor-element-populated\">\n\t\t\t\t\t\t<div class=\"elementor-element elementor-element-52eaa9b3 elementor-widget elementor-widget-image\" data-id=\"52eaa9b3\" data-element_type=\"widget\" data-widget_type=\"image.default\">\n\t\t\t\t<div class=\"elementor-widget-container\">\n\t\t\t\t\t\t\t\t\t\t\t\t\t\t\t<img decoding=\"async\" src=\"https:\/\/broise-art.fr\/journal\/wp-content\/uploads\/2017\/07\/Rivages-5-2015.jpg\" title=\"Rivages 5 2015\" alt=\"Rivages. Oeuvre originale\u00a0: tirage Fine Art de l&#039;artiste Christian Broise\" loading=\"lazy\" \/>\t\t\t\t\t\t\t\t\t\t\t\t\t\t\t<\/div>\n\t\t\t\t<\/div>\n\t\t\t\t\t<\/div>\n\t\t<\/div>\n\t\t\t\t\t<\/div>\n\t\t<\/section>\n\t\t\t\t\t<\/div>\n\t\t<\/div>\n\t\t\t\t\t<\/div>\n\t\t<\/section>\n\t\t\t\t<\/div>\n\t\t","protected":false},"excerpt":{"rendered":"","protected":false},"author":1,"featured_media":0,"parent":0,"menu_order":0,"comment_status":"closed","ping_status":"closed","template":"","meta":{"_seopress_robots_primary_cat":"","_seopress_titles_title":"","_seopress_titles_desc":"","_seopress_robots_index":"","footnotes":""},"class_list":["post-4702","page","type-page","status-publish","hentry","entry"],"_links":{"self":[{"href":"https:\/\/broise-art.fr\/journal\/wp-json\/wp\/v2\/pages\/4702","targetHints":{"allow":["GET"]}}],"collection":[{"href":"https:\/\/broise-art.fr\/journal\/wp-json\/wp\/v2\/pages"}],"about":[{"href":"https:\/\/broise-art.fr\/journal\/wp-json\/wp\/v2\/types\/page"}],"author":[{"embeddable":true,"href":"https:\/\/broise-art.fr\/journal\/wp-json\/wp\/v2\/users\/1"}],"replies":[{"embeddable":true,"href":"https:\/\/broise-art.fr\/journal\/wp-json\/wp\/v2\/comments?post=4702"}],"version-history":[{"count":29,"href":"https:\/\/broise-art.fr\/journal\/wp-json\/wp\/v2\/pages\/4702\/revisions"}],"predecessor-version":[{"id":6651,"href":"https:\/\/broise-art.fr\/journal\/wp-json\/wp\/v2\/pages\/4702\/revisions\/6651"}],"wp:attachment":[{"href":"https:\/\/broise-art.fr\/journal\/wp-json\/wp\/v2\/media?parent=4702"}],"curies":[{"name":"wp","href":"https:\/\/api.w.org\/{rel}","templated":true}]}}