{"id":4066,"date":"2020-01-26T16:41:09","date_gmt":"2020-01-26T16:41:09","guid":{"rendered":"https:\/\/broise-art.fr\/journal\/?page_id=4066"},"modified":"2023-02-04T09:08:40","modified_gmt":"2023-02-04T09:08:40","slug":"klaus","status":"publish","type":"page","link":"https:\/\/broise-art.fr\/journal\/materiaux-beton\/klaus\/","title":{"rendered":"Klaus"},"content":{"rendered":"\t\t<div data-elementor-type=\"wp-page\" data-elementor-id=\"4066\" class=\"elementor elementor-4066\" data-elementor-post-type=\"page\">\n\t\t\t\t\t\t<section class=\"elementor-section elementor-top-section elementor-element elementor-element-84a77d1 elementor-section-boxed elementor-section-height-default elementor-section-height-default\" data-id=\"84a77d1\" data-element_type=\"section\">\n\t\t\t\t\t\t<div class=\"elementor-container elementor-column-gap-default\">\n\t\t\t\t\t<div class=\"elementor-column elementor-col-100 elementor-top-column elementor-element elementor-element-3a913e8\" data-id=\"3a913e8\" data-element_type=\"column\">\n\t\t\t<div class=\"elementor-widget-wrap elementor-element-populated\">\n\t\t\t\t\t\t<section class=\"elementor-section elementor-inner-section elementor-element elementor-element-cf5d2ee elementor-section-boxed elementor-section-height-default elementor-section-height-default\" data-id=\"cf5d2ee\" data-element_type=\"section\">\n\t\t\t\t\t\t<div class=\"elementor-container elementor-column-gap-default\">\n\t\t\t\t\t<div class=\"elementor-column elementor-col-50 elementor-inner-column elementor-element elementor-element-92bdbec\" data-id=\"92bdbec\" data-element_type=\"column\">\n\t\t\t<div class=\"elementor-widget-wrap elementor-element-populated\">\n\t\t\t\t\t\t<div class=\"elementor-element elementor-element-5931c82 elementor-widget elementor-widget-image\" data-id=\"5931c82\" data-element_type=\"widget\" data-widget_type=\"image.default\">\n\t\t\t\t<div class=\"elementor-widget-container\">\n\t\t\t\t\t\t\t\t\t\t\t\t<figure class=\"wp-caption\">\n\t\t\t\t\t\t\t\t\t\t<img fetchpriority=\"high\" decoding=\"async\" width=\"1000\" height=\"929\" src=\"https:\/\/broise-art.fr\/journal\/wp-content\/uploads\/2020\/01\/Klaus-1-2.jpg\" class=\"attachment-large size-large wp-image-4070\" alt=\"Portrait 2 (B\u00e9ton) de Christian Broise\" srcset=\"https:\/\/broise-art.fr\/journal\/wp-content\/uploads\/2020\/01\/Klaus-1-2.jpg 1000w, https:\/\/broise-art.fr\/journal\/wp-content\/uploads\/2020\/01\/Klaus-1-2-300x279.jpg 300w, https:\/\/broise-art.fr\/journal\/wp-content\/uploads\/2020\/01\/Klaus-1-2-768x713.jpg 768w\" sizes=\"(max-width: 1000px) 100vw, 1000px\" \/>\t\t\t\t\t\t\t\t\t\t\t<figcaption class=\"widget-image-caption wp-caption-text\">Portrait 2. (B\u00e9ton, H: 35 cm). 1990)<\/figcaption>\n\t\t\t\t\t\t\t\t\t\t<\/figure>\n\t\t\t\t\t\t\t\t\t<\/div>\n\t\t\t\t<\/div>\n\t\t\t\t\t<\/div>\n\t\t<\/div>\n\t\t\t\t<div class=\"elementor-column elementor-col-50 elementor-inner-column elementor-element elementor-element-df81110\" data-id=\"df81110\" data-element_type=\"column\">\n\t\t\t<div class=\"elementor-widget-wrap elementor-element-populated\">\n\t\t\t\t\t\t<div class=\"elementor-element elementor-element-3582956 elementor-widget elementor-widget-image\" data-id=\"3582956\" data-element_type=\"widget\" data-widget_type=\"image.default\">\n\t\t\t\t<div class=\"elementor-widget-container\">\n\t\t\t\t\t\t\t\t\t\t\t\t<figure class=\"wp-caption\">\n\t\t\t\t\t\t\t\t\t\t<img decoding=\"async\" width=\"1000\" height=\"914\" src=\"https:\/\/broise-art.fr\/journal\/wp-content\/uploads\/2020\/01\/Klaus-1-1.jpg\" class=\"attachment-large size-large wp-image-4069\" alt=\"Portrait 2, d\u00e9tails (B\u00e9ton) de Christian Broise\" srcset=\"https:\/\/broise-art.fr\/journal\/wp-content\/uploads\/2020\/01\/Klaus-1-1.jpg 1000w, https:\/\/broise-art.fr\/journal\/wp-content\/uploads\/2020\/01\/Klaus-1-1-300x274.jpg 300w, https:\/\/broise-art.fr\/journal\/wp-content\/uploads\/2020\/01\/Klaus-1-1-768x702.jpg 768w\" sizes=\"(max-width: 1000px) 100vw, 1000px\" \/>\t\t\t\t\t\t\t\t\t\t\t<figcaption class=\"widget-image-caption wp-caption-text\">Portrait 2, d\u00e9tails. (B\u00e9ton, H: 35 cm). 1990))<\/figcaption>\n\t\t\t\t\t\t\t\t\t\t<\/figure>\n\t\t\t\t\t\t\t\t\t<\/div>\n\t\t\t\t<\/div>\n\t\t\t\t\t<\/div>\n\t\t<\/div>\n\t\t\t\t\t<\/div>\n\t\t<\/section>\n\t\t\t\t\t<\/div>\n\t\t<\/div>\n\t\t\t\t\t<\/div>\n\t\t<\/section>\n\t\t\t\t<\/div>\n\t\t","protected":false},"excerpt":{"rendered":"<p>Portrait 2. (B\u00e9ton, H: 35 cm). 1990) Portrait 2, d\u00e9tails. (B\u00e9ton, H: 35 cm). 1990))<\/p>\n","protected":false},"author":1,"featured_media":0,"parent":3756,"menu_order":0,"comment_status":"closed","ping_status":"closed","template":"","meta":{"_seopress_robots_primary_cat":"","_seopress_titles_title":"","_seopress_titles_desc":"","_seopress_robots_index":"","footnotes":""},"class_list":["post-4066","page","type-page","status-publish","hentry","entry"],"_links":{"self":[{"href":"https:\/\/broise-art.fr\/journal\/wp-json\/wp\/v2\/pages\/4066","targetHints":{"allow":["GET"]}}],"collection":[{"href":"https:\/\/broise-art.fr\/journal\/wp-json\/wp\/v2\/pages"}],"about":[{"href":"https:\/\/broise-art.fr\/journal\/wp-json\/wp\/v2\/types\/page"}],"author":[{"embeddable":true,"href":"https:\/\/broise-art.fr\/journal\/wp-json\/wp\/v2\/users\/1"}],"replies":[{"embeddable":true,"href":"https:\/\/broise-art.fr\/journal\/wp-json\/wp\/v2\/comments?post=4066"}],"version-history":[{"count":19,"href":"https:\/\/broise-art.fr\/journal\/wp-json\/wp\/v2\/pages\/4066\/revisions"}],"predecessor-version":[{"id":6479,"href":"https:\/\/broise-art.fr\/journal\/wp-json\/wp\/v2\/pages\/4066\/revisions\/6479"}],"up":[{"embeddable":true,"href":"https:\/\/broise-art.fr\/journal\/wp-json\/wp\/v2\/pages\/3756"}],"wp:attachment":[{"href":"https:\/\/broise-art.fr\/journal\/wp-json\/wp\/v2\/media?parent=4066"}],"curies":[{"name":"wp","href":"https:\/\/api.w.org\/{rel}","templated":true}]}}