{"id":3767,"date":"2020-01-12T10:11:19","date_gmt":"2020-01-12T10:11:19","guid":{"rendered":"https:\/\/broise-art.fr\/journal\/?page_id=3767"},"modified":"2023-02-03T17:49:07","modified_gmt":"2023-02-03T17:49:07","slug":"soudaine-transparence-des-poissons","status":"publish","type":"page","link":"https:\/\/broise-art.fr\/journal\/materiaux-mots\/soudaine-transparence-des-poissons\/","title":{"rendered":"Soudaine transparence des poissons"},"content":{"rendered":"\t\t<div data-elementor-type=\"wp-page\" data-elementor-id=\"3767\" class=\"elementor elementor-3767\" data-elementor-post-type=\"page\">\n\t\t\t\t\t\t<section class=\"elementor-section elementor-top-section elementor-element elementor-element-ea1d16a elementor-section-boxed elementor-section-height-default elementor-section-height-default\" data-id=\"ea1d16a\" data-element_type=\"section\">\n\t\t\t\t\t\t<div class=\"elementor-container elementor-column-gap-default\">\n\t\t\t\t\t<div class=\"elementor-column elementor-col-100 elementor-top-column elementor-element elementor-element-fe114f7\" data-id=\"fe114f7\" data-element_type=\"column\">\n\t\t\t<div class=\"elementor-widget-wrap elementor-element-populated\">\n\t\t\t\t\t\t<section class=\"elementor-section elementor-inner-section elementor-element elementor-element-4733f4a elementor-section-boxed elementor-section-height-default elementor-section-height-default\" data-id=\"4733f4a\" data-element_type=\"section\">\n\t\t\t\t\t\t<div class=\"elementor-container elementor-column-gap-default\">\n\t\t\t\t\t<div class=\"elementor-column elementor-col-50 elementor-inner-column elementor-element elementor-element-7c8c898\" data-id=\"7c8c898\" data-element_type=\"column\">\n\t\t\t<div class=\"elementor-widget-wrap elementor-element-populated\">\n\t\t\t\t\t\t<div class=\"elementor-element elementor-element-2764d1e elementor-widget elementor-widget-image\" data-id=\"2764d1e\" data-element_type=\"widget\" data-widget_type=\"image.default\">\n\t\t\t\t<div class=\"elementor-widget-container\">\n\t\t\t\t\t\t\t\t\t\t\t\t\t\t\t<img fetchpriority=\"high\" decoding=\"async\" width=\"486\" height=\"477\" src=\"https:\/\/broise-art.fr\/journal\/wp-content\/uploads\/2020\/01\/Transparence-des-poissons.jpeg\" class=\"attachment-large size-large wp-image-3763\" alt=\"Livre en cours d&#039;\u00e9dition. Christian Broise.. La soudaine transparence des poissons\" srcset=\"https:\/\/broise-art.fr\/journal\/wp-content\/uploads\/2020\/01\/Transparence-des-poissons.jpeg 486w, https:\/\/broise-art.fr\/journal\/wp-content\/uploads\/2020\/01\/Transparence-des-poissons-300x294.jpeg 300w\" sizes=\"(max-width: 486px) 100vw, 486px\" \/>\t\t\t\t\t\t\t\t\t\t\t\t\t\t\t<\/div>\n\t\t\t\t<\/div>\n\t\t\t\t\t<\/div>\n\t\t<\/div>\n\t\t\t\t<div class=\"elementor-column elementor-col-50 elementor-inner-column elementor-element elementor-element-abe3832\" data-id=\"abe3832\" data-element_type=\"column\">\n\t\t\t<div class=\"elementor-widget-wrap elementor-element-populated\">\n\t\t\t\t\t\t<div class=\"elementor-element elementor-element-9094649 elementor-widget elementor-widget-text-editor\" data-id=\"9094649\" data-element_type=\"widget\" data-widget_type=\"text-editor.default\">\n\t\t\t\t<div class=\"elementor-widget-container\">\n\t\t\t\t\t\t\t\t\t<p style=\"text-align: center;\"><span style=\"text-decoration: underline;\">Projet de texte pour la quatri\u00e8me de couverture.<\/span><\/p><p>\u00a0<\/p><p>Tu as test\u00e9 les flux du ciel, sond\u00e9 la profondeur moyenne des terres et des mers, toutes les grandes oscillations, les combustions du monde.\u00a0Tu sais des formules d\u2019infini. N\u2019embarquerions nous pas ensemble? Au fruit du monde, les \u00e9cailles tomb\u00e9es, nous nous consumerions\u00a0 dans la chair des choses. Face aux horizons born\u00e9s, repus des mar\u00e9es floues du ciel et des embruns d\u2019\u00eeles lestes, nous d\u00e9fierions alors la fixit\u00e9 des sables.<\/p>\t\t\t\t\t\t\t\t<\/div>\n\t\t\t\t<\/div>\n\t\t\t\t\t<\/div>\n\t\t<\/div>\n\t\t\t\t\t<\/div>\n\t\t<\/section>\n\t\t\t\t<div class=\"elementor-element elementor-element-2879b81 elementor-widget elementor-widget-heading\" data-id=\"2879b81\" data-element_type=\"widget\" data-widget_type=\"heading.default\">\n\t\t\t\t<div class=\"elementor-widget-container\">\n\t\t\t\t\t<h2 class=\"elementor-heading-title elementor-size-default\">2019. Recueil non \u00e9dit\u00e9<\/h2>\t\t\t\t<\/div>\n\t\t\t\t<\/div>\n\t\t\t\t<div class=\"elementor-element elementor-element-d275f5f elementor-widget elementor-widget-spacer\" data-id=\"d275f5f\" data-element_type=\"widget\" data-widget_type=\"spacer.default\">\n\t\t\t\t<div class=\"elementor-widget-container\">\n\t\t\t\t\t\t\t<div class=\"elementor-spacer\">\n\t\t\t<div class=\"elementor-spacer-inner\"><\/div>\n\t\t<\/div>\n\t\t\t\t\t\t<\/div>\n\t\t\t\t<\/div>\n\t\t\t\t<div class=\"elementor-element elementor-element-103c5bd elementor-widget elementor-widget-heading\" data-id=\"103c5bd\" data-element_type=\"widget\" data-widget_type=\"heading.default\">\n\t\t\t\t<div class=\"elementor-widget-container\">\n\t\t\t\t\t<h2 class=\"elementor-heading-title elementor-size-default\">Extraits<\/h2>\t\t\t\t<\/div>\n\t\t\t\t<\/div>\n\t\t\t\t<div class=\"elementor-element elementor-element-09c8899 elementor-widget elementor-widget-spacer\" data-id=\"09c8899\" data-element_type=\"widget\" data-widget_type=\"spacer.default\">\n\t\t\t\t<div class=\"elementor-widget-container\">\n\t\t\t\t\t\t\t<div class=\"elementor-spacer\">\n\t\t\t<div class=\"elementor-spacer-inner\"><\/div>\n\t\t<\/div>\n\t\t\t\t\t\t<\/div>\n\t\t\t\t<\/div>\n\t\t\t\t<section class=\"elementor-section elementor-inner-section elementor-element elementor-element-7aeeccc elementor-section-boxed elementor-section-height-default elementor-section-height-default\" data-id=\"7aeeccc\" data-element_type=\"section\">\n\t\t\t\t\t\t<div class=\"elementor-container elementor-column-gap-default\">\n\t\t\t\t\t<div class=\"elementor-column elementor-col-50 elementor-inner-column elementor-element elementor-element-3785468\" data-id=\"3785468\" data-element_type=\"column\">\n\t\t\t<div class=\"elementor-widget-wrap elementor-element-populated\">\n\t\t\t\t\t\t<div class=\"elementor-element elementor-element-88873e7 elementor-widget elementor-widget-image\" data-id=\"88873e7\" data-element_type=\"widget\" data-widget_type=\"image.default\">\n\t\t\t\t<div class=\"elementor-widget-container\">\n\t\t\t\t\t\t\t\t\t\t\t\t\t\t\t<img decoding=\"async\" width=\"1000\" height=\"668\" src=\"https:\/\/broise-art.fr\/journal\/wp-content\/uploads\/2020\/01\/Creation3.jpg\" class=\"attachment-large size-large wp-image-3769\" alt=\"Livre en cours d&#039;\u00e9dition. Christian Broise.. La soudaine transparence des poissons\" srcset=\"https:\/\/broise-art.fr\/journal\/wp-content\/uploads\/2020\/01\/Creation3.jpg 1000w, https:\/\/broise-art.fr\/journal\/wp-content\/uploads\/2020\/01\/Creation3-300x200.jpg 300w, https:\/\/broise-art.fr\/journal\/wp-content\/uploads\/2020\/01\/Creation3-768x513.jpg 768w\" sizes=\"(max-width: 1000px) 100vw, 1000px\" \/>\t\t\t\t\t\t\t\t\t\t\t\t\t\t\t<\/div>\n\t\t\t\t<\/div>\n\t\t\t\t\t<\/div>\n\t\t<\/div>\n\t\t\t\t<div class=\"elementor-column elementor-col-50 elementor-inner-column elementor-element elementor-element-a2ad11d\" data-id=\"a2ad11d\" data-element_type=\"column\">\n\t\t\t<div class=\"elementor-widget-wrap elementor-element-populated\">\n\t\t\t\t\t\t<div class=\"elementor-element elementor-element-b46116d elementor-widget elementor-widget-text-editor\" data-id=\"b46116d\" data-element_type=\"widget\" data-widget_type=\"text-editor.default\">\n\t\t\t\t<div class=\"elementor-widget-container\">\n\t\t\t\t\t\t\t\t\t<p>Ecoute<\/p><p>La f\u00eale des yeux cueille les paysages d&rsquo;ut<\/p><p>L&rsquo;orbe des mots soufflant d&rsquo;\u00e2cres opalescences<br \/>Aux courbures bleut\u00e9es de mondes \u00e9lastiques<br \/>Grave les horizons de pailles et de vent<br \/>En pointill\u00e9 dessus des vo\u00fbtes de cristal<\/p><p>Alourdie des mots tus ou gob\u00e9e par la lune<br \/>Une conque d&rsquo;eau fine enclose d&rsquo;or et de jade<br \/>L\u00e8ve un texte de verre \u00e0 la vitre du monde<\/p><p>Ecoute<\/p>\t\t\t\t\t\t\t\t<\/div>\n\t\t\t\t<\/div>\n\t\t\t\t\t<\/div>\n\t\t<\/div>\n\t\t\t\t\t<\/div>\n\t\t<\/section>\n\t\t\t\t<section class=\"elementor-section elementor-inner-section elementor-element elementor-element-8eaec23 elementor-section-boxed elementor-section-height-default elementor-section-height-default\" data-id=\"8eaec23\" data-element_type=\"section\">\n\t\t\t\t\t\t<div class=\"elementor-container elementor-column-gap-default\">\n\t\t\t\t\t<div class=\"elementor-column elementor-col-50 elementor-inner-column elementor-element elementor-element-c9f04dc\" data-id=\"c9f04dc\" data-element_type=\"column\">\n\t\t\t<div class=\"elementor-widget-wrap elementor-element-populated\">\n\t\t\t\t\t\t<div class=\"elementor-element elementor-element-cc7d9cc elementor-widget elementor-widget-text-editor\" data-id=\"cc7d9cc\" data-element_type=\"widget\" data-widget_type=\"text-editor.default\">\n\t\t\t\t<div class=\"elementor-widget-container\">\n\t\t\t\t\t\t\t\t\t<p>Le monde \u00e9lastique des souvenirs<br \/>D\u00e9rive au hasard insol\u00e9 du temps<br \/>Lavis d\u2019eau sombre \u00e0 l\u2019estompe des sables<br \/>Flux de plages sous des mouvances de mer<\/p><p>Dans la boite \u00e0 grain de la vie le vent<br \/>Encre s\u00e9pia d\u2019un cuivre versatile<br \/>L\u00e8ve un poudrin au visage incertain<br \/>De l\u2019\u00e9quilibriste inquiet de son fil<\/p><p>Laisse l\u2019ami se d\u00e9faire<br \/>Les nuages<\/p>\t\t\t\t\t\t\t\t<\/div>\n\t\t\t\t<\/div>\n\t\t\t\t\t<\/div>\n\t\t<\/div>\n\t\t\t\t<div class=\"elementor-column elementor-col-50 elementor-inner-column elementor-element elementor-element-7d37ea7\" data-id=\"7d37ea7\" data-element_type=\"column\">\n\t\t\t<div class=\"elementor-widget-wrap elementor-element-populated\">\n\t\t\t\t\t\t<div class=\"elementor-element elementor-element-7a97311 elementor-widget elementor-widget-image\" data-id=\"7a97311\" data-element_type=\"widget\" data-widget_type=\"image.default\">\n\t\t\t\t<div class=\"elementor-widget-container\">\n\t\t\t\t\t\t\t\t\t\t\t\t\t\t\t<img decoding=\"async\" width=\"1000\" height=\"668\" src=\"https:\/\/broise-art.fr\/journal\/wp-content\/uploads\/2019\/08\/Transparence-des-poissons-14.jpg\" class=\"attachment-large size-large wp-image-3544\" alt=\"Transparence des poissons 14. Oeuvre originale\u00a0: tirage Fine Art de l&#039;artiste Christian Broise\" srcset=\"https:\/\/broise-art.fr\/journal\/wp-content\/uploads\/2019\/08\/Transparence-des-poissons-14.jpg 1000w, https:\/\/broise-art.fr\/journal\/wp-content\/uploads\/2019\/08\/Transparence-des-poissons-14-300x200.jpg 300w, https:\/\/broise-art.fr\/journal\/wp-content\/uploads\/2019\/08\/Transparence-des-poissons-14-768x513.jpg 768w\" sizes=\"(max-width: 1000px) 100vw, 1000px\" \/>\t\t\t\t\t\t\t\t\t\t\t\t\t\t\t<\/div>\n\t\t\t\t<\/div>\n\t\t\t\t\t<\/div>\n\t\t<\/div>\n\t\t\t\t\t<\/div>\n\t\t<\/section>\n\t\t\t\t\t<\/div>\n\t\t<\/div>\n\t\t\t\t\t<\/div>\n\t\t<\/section>\n\t\t\t\t<\/div>\n\t\t","protected":false},"excerpt":{"rendered":"<p>Projet de texte pour la quatri\u00e8me de couverture. \u00a0 Tu as test\u00e9 les flux du ciel, sond\u00e9 la profondeur moyenne des terres et des mers, toutes les grandes oscillations, les combustions du monde.\u00a0Tu sais des formules d\u2019infini. N\u2019embarquerions nous pas ensemble? Au fruit du monde, les \u00e9cailles tomb\u00e9es, nous nous consumerions\u00a0 dans la chair des [&hellip;]<\/p>\n","protected":false},"author":1,"featured_media":0,"parent":3742,"menu_order":0,"comment_status":"closed","ping_status":"closed","template":"","meta":{"_seopress_robots_primary_cat":"","_seopress_titles_title":"","_seopress_titles_desc":"","_seopress_robots_index":"","footnotes":""},"class_list":["post-3767","page","type-page","status-publish","hentry","entry"],"_links":{"self":[{"href":"https:\/\/broise-art.fr\/journal\/wp-json\/wp\/v2\/pages\/3767","targetHints":{"allow":["GET"]}}],"collection":[{"href":"https:\/\/broise-art.fr\/journal\/wp-json\/wp\/v2\/pages"}],"about":[{"href":"https:\/\/broise-art.fr\/journal\/wp-json\/wp\/v2\/types\/page"}],"author":[{"embeddable":true,"href":"https:\/\/broise-art.fr\/journal\/wp-json\/wp\/v2\/users\/1"}],"replies":[{"embeddable":true,"href":"https:\/\/broise-art.fr\/journal\/wp-json\/wp\/v2\/comments?post=3767"}],"version-history":[{"count":21,"href":"https:\/\/broise-art.fr\/journal\/wp-json\/wp\/v2\/pages\/3767\/revisions"}],"predecessor-version":[{"id":6457,"href":"https:\/\/broise-art.fr\/journal\/wp-json\/wp\/v2\/pages\/3767\/revisions\/6457"}],"up":[{"embeddable":true,"href":"https:\/\/broise-art.fr\/journal\/wp-json\/wp\/v2\/pages\/3742"}],"wp:attachment":[{"href":"https:\/\/broise-art.fr\/journal\/wp-json\/wp\/v2\/media?parent=3767"}],"curies":[{"name":"wp","href":"https:\/\/api.w.org\/{rel}","templated":true}]}}