{"id":3742,"date":"2020-01-11T18:16:08","date_gmt":"2020-01-11T18:16:08","guid":{"rendered":"https:\/\/broise-art.fr\/journal\/?page_id=3742"},"modified":"2023-02-04T09:15:45","modified_gmt":"2023-02-04T09:15:45","slug":"materiaux-mots","status":"publish","type":"page","link":"https:\/\/broise-art.fr\/journal\/materiaux-mots\/","title":{"rendered":"Mat\u00e9riau mots"},"content":{"rendered":"\t\t<div data-elementor-type=\"wp-page\" data-elementor-id=\"3742\" class=\"elementor elementor-3742\" data-elementor-post-type=\"page\">\n\t\t\t\t\t\t<section class=\"elementor-section elementor-top-section elementor-element elementor-element-8a1da5b elementor-section-boxed elementor-section-height-default elementor-section-height-default\" data-id=\"8a1da5b\" data-element_type=\"section\">\n\t\t\t\t\t\t<div class=\"elementor-container elementor-column-gap-default\">\n\t\t\t\t\t<div class=\"elementor-column elementor-col-100 elementor-top-column elementor-element elementor-element-d841acb\" data-id=\"d841acb\" data-element_type=\"column\">\n\t\t\t<div class=\"elementor-widget-wrap elementor-element-populated\">\n\t\t\t\t\t\t<section class=\"elementor-section elementor-inner-section elementor-element elementor-element-c0955b2 elementor-section-boxed elementor-section-height-default elementor-section-height-default\" data-id=\"c0955b2\" data-element_type=\"section\">\n\t\t\t\t\t\t<div class=\"elementor-container elementor-column-gap-default\">\n\t\t\t\t\t<div class=\"elementor-column elementor-col-33 elementor-inner-column elementor-element elementor-element-a173ed7\" data-id=\"a173ed7\" data-element_type=\"column\">\n\t\t\t<div class=\"elementor-widget-wrap elementor-element-populated\">\n\t\t\t\t\t\t<div class=\"elementor-element elementor-element-79ce659 elementor-nav-menu--dropdown-none elementor-widget elementor-widget-nav-menu\" data-id=\"79ce659\" data-element_type=\"widget\" data-settings=\"{&quot;layout&quot;:&quot;vertical&quot;,&quot;submenu_icon&quot;:{&quot;value&quot;:&quot;&lt;i class=\\&quot;fas fa-caret-down\\&quot;&gt;&lt;\\\/i&gt;&quot;,&quot;library&quot;:&quot;fa-solid&quot;}}\" data-widget_type=\"nav-menu.default\">\n\t\t\t\t<div class=\"elementor-widget-container\">\n\t\t\t\t\t\t\t\t<nav aria-label=\"Menu\" class=\"elementor-nav-menu--main elementor-nav-menu__container elementor-nav-menu--layout-vertical e--pointer-underline e--animation-fade\">\n\t\t\t\t<ul id=\"menu-1-79ce659\" class=\"elementor-nav-menu sm-vertical\"><li class=\"menu-item menu-item-type-post_type menu-item-object-page menu-item-4868\"><a href=\"https:\/\/broise-art.fr\/journal\/materiaux-mots\/soudaine-transparence-des-poissons\/\" title=\"A para\u00eetre \" class=\"elementor-item\">Po\u00e9sie. La soudaine transparence des poissons<\/a><\/li>\n<li class=\"menu-item menu-item-type-post_type menu-item-object-page menu-item-4907\"><a href=\"https:\/\/broise-art.fr\/journal\/materiaux-mots\/la-gorge-de-syrinx\/\" title=\"A para\u00eetre \" class=\"elementor-item\">Po\u00e9sie : La gorge de Syrinx<\/a><\/li>\n<li class=\"menu-item menu-item-type-post_type menu-item-object-page menu-item-3942\"><a href=\"https:\/\/broise-art.fr\/journal\/materiaux-mots\/decalques\/\" title=\"Parution 2018\" class=\"elementor-item\">Po\u00e9sie. D\u00e9calques<\/a><\/li>\n<li class=\"menu-item menu-item-type-post_type menu-item-object-page menu-item-6701\"><a href=\"https:\/\/broise-art.fr\/journal\/materiaux-mots\/lettres-de-desamour\/\" class=\"elementor-item\">Nouvelles. Lettres de d\u00e9samour<\/a><\/li>\n<\/ul>\t\t\t<\/nav>\n\t\t\t\t\t\t<nav class=\"elementor-nav-menu--dropdown elementor-nav-menu__container\" aria-hidden=\"true\">\n\t\t\t\t<ul id=\"menu-2-79ce659\" class=\"elementor-nav-menu sm-vertical\"><li class=\"menu-item menu-item-type-post_type menu-item-object-page menu-item-4868\"><a href=\"https:\/\/broise-art.fr\/journal\/materiaux-mots\/soudaine-transparence-des-poissons\/\" title=\"A para\u00eetre \" class=\"elementor-item\" tabindex=\"-1\">Po\u00e9sie. La soudaine transparence des poissons<\/a><\/li>\n<li class=\"menu-item menu-item-type-post_type menu-item-object-page menu-item-4907\"><a href=\"https:\/\/broise-art.fr\/journal\/materiaux-mots\/la-gorge-de-syrinx\/\" title=\"A para\u00eetre \" class=\"elementor-item\" tabindex=\"-1\">Po\u00e9sie : La gorge de Syrinx<\/a><\/li>\n<li class=\"menu-item menu-item-type-post_type menu-item-object-page menu-item-3942\"><a href=\"https:\/\/broise-art.fr\/journal\/materiaux-mots\/decalques\/\" title=\"Parution 2018\" class=\"elementor-item\" tabindex=\"-1\">Po\u00e9sie. D\u00e9calques<\/a><\/li>\n<li class=\"menu-item menu-item-type-post_type menu-item-object-page menu-item-6701\"><a href=\"https:\/\/broise-art.fr\/journal\/materiaux-mots\/lettres-de-desamour\/\" class=\"elementor-item\" tabindex=\"-1\">Nouvelles. Lettres de d\u00e9samour<\/a><\/li>\n<\/ul>\t\t\t<\/nav>\n\t\t\t\t\t\t<\/div>\n\t\t\t\t<\/div>\n\t\t\t\t\t<\/div>\n\t\t<\/div>\n\t\t\t\t<div class=\"elementor-column elementor-col-33 elementor-inner-column elementor-element elementor-element-e006a28\" data-id=\"e006a28\" data-element_type=\"column\">\n\t\t\t<div class=\"elementor-widget-wrap elementor-element-populated\">\n\t\t\t\t\t\t<div class=\"elementor-element elementor-element-5208816 elementor-widget elementor-widget-image\" data-id=\"5208816\" data-element_type=\"widget\" data-widget_type=\"image.default\">\n\t\t\t\t<div class=\"elementor-widget-container\">\n\t\t\t\t\t\t\t\t\t\t\t\t<figure class=\"wp-caption\">\n\t\t\t\t\t\t\t\t\t\t\t<a href=\"https:\/\/broise-art.fr\/journal\/materiaux-mots\/decalques\/\" target=\"_blank\">\n\t\t\t\t\t\t\t<img fetchpriority=\"high\" decoding=\"async\" width=\"998\" height=\"1000\" src=\"https:\/\/broise-art.fr\/journal\/wp-content\/uploads\/2020\/01\/De-calques-couverture.jpg\" class=\"attachment-full size-full wp-image-3776\" alt=\"D\u00e9calques. Recueil, textes et images) de Christian Broise\" srcset=\"https:\/\/broise-art.fr\/journal\/wp-content\/uploads\/2020\/01\/De-calques-couverture.jpg 998w, https:\/\/broise-art.fr\/journal\/wp-content\/uploads\/2020\/01\/De-calques-couverture-300x300.jpg 300w, https:\/\/broise-art.fr\/journal\/wp-content\/uploads\/2020\/01\/De-calques-couverture-150x150.jpg 150w, https:\/\/broise-art.fr\/journal\/wp-content\/uploads\/2020\/01\/De-calques-couverture-768x770.jpg 768w\" sizes=\"(max-width: 998px) 100vw, 998px\" \/>\t\t\t\t\t\t\t\t<\/a>\n\t\t\t\t\t\t\t\t\t\t\t<figcaption class=\"widget-image-caption wp-caption-text\">Publi\u00e9 : Septembre 2018<\/figcaption>\n\t\t\t\t\t\t\t\t\t\t<\/figure>\n\t\t\t\t\t\t\t\t\t<\/div>\n\t\t\t\t<\/div>\n\t\t\t\t<div class=\"elementor-element elementor-element-0d52a68 elementor-widget elementor-widget-image\" data-id=\"0d52a68\" data-element_type=\"widget\" data-widget_type=\"image.default\">\n\t\t\t\t<div class=\"elementor-widget-container\">\n\t\t\t\t\t\t\t\t\t\t\t\t<figure class=\"wp-caption\">\n\t\t\t\t\t\t\t\t\t\t\t<a href=\"https:\/\/broise-art.fr\/journal\/soudaine-transparence-des-poissons\/\">\n\t\t\t\t\t\t\t<img decoding=\"async\" width=\"523\" height=\"489\" src=\"https:\/\/broise-art.fr\/journal\/wp-content\/uploads\/2020\/08\/Couverture.jpg\" class=\"attachment-large size-large wp-image-4342\" alt=\"Premi\u00e8re de couverture. La gorge de Syrinx de Christian Broise\" srcset=\"https:\/\/broise-art.fr\/journal\/wp-content\/uploads\/2020\/08\/Couverture.jpg 523w, https:\/\/broise-art.fr\/journal\/wp-content\/uploads\/2020\/08\/Couverture-300x280.jpg 300w\" sizes=\"(max-width: 523px) 100vw, 523px\" \/>\t\t\t\t\t\t\t\t<\/a>\n\t\t\t\t\t\t\t\t\t\t\t<figcaption class=\"widget-image-caption wp-caption-text\">Non publi\u00e9<\/figcaption>\n\t\t\t\t\t\t\t\t\t\t<\/figure>\n\t\t\t\t\t\t\t\t\t<\/div>\n\t\t\t\t<\/div>\n\t\t\t\t\t<\/div>\n\t\t<\/div>\n\t\t\t\t<div class=\"elementor-column elementor-col-33 elementor-inner-column elementor-element elementor-element-8c0ff5d\" data-id=\"8c0ff5d\" data-element_type=\"column\">\n\t\t\t<div class=\"elementor-widget-wrap elementor-element-populated\">\n\t\t\t\t\t\t<div class=\"elementor-element elementor-element-e93d3af elementor-widget elementor-widget-image\" data-id=\"e93d3af\" data-element_type=\"widget\" data-widget_type=\"image.default\">\n\t\t\t\t<div class=\"elementor-widget-container\">\n\t\t\t\t\t\t\t\t\t\t\t\t<figure class=\"wp-caption\">\n\t\t\t\t\t\t\t\t\t\t\t<a href=\"https:\/\/broise-art.fr\/journal\/soudaine-transparence-des-poissons\/\">\n\t\t\t\t\t\t\t<img decoding=\"async\" width=\"486\" height=\"477\" src=\"https:\/\/broise-art.fr\/journal\/wp-content\/uploads\/2020\/01\/Transparence-des-poissons.jpeg\" class=\"attachment-full size-full wp-image-3763\" alt=\"Livre en cours d&#039;\u00e9dition. Christian Broise.. La soudaine transparence des poissons\" srcset=\"https:\/\/broise-art.fr\/journal\/wp-content\/uploads\/2020\/01\/Transparence-des-poissons.jpeg 486w, https:\/\/broise-art.fr\/journal\/wp-content\/uploads\/2020\/01\/Transparence-des-poissons-300x294.jpeg 300w\" sizes=\"(max-width: 486px) 100vw, 486px\" \/>\t\t\t\t\t\t\t\t<\/a>\n\t\t\t\t\t\t\t\t\t\t\t<figcaption class=\"widget-image-caption wp-caption-text\">Non publi\u00e9<\/figcaption>\n\t\t\t\t\t\t\t\t\t\t<\/figure>\n\t\t\t\t\t\t\t\t\t<\/div>\n\t\t\t\t<\/div>\n\t\t\t\t<div class=\"elementor-element elementor-element-44860e8 elementor-widget elementor-widget-image\" data-id=\"44860e8\" data-element_type=\"widget\" data-widget_type=\"image.default\">\n\t\t\t\t<div class=\"elementor-widget-container\">\n\t\t\t\t\t\t\t\t\t\t\t\t<figure class=\"wp-caption\">\n\t\t\t\t\t\t\t\t\t\t\t<a href=\"https:\/\/broise-art.fr\/journal\/lettres-de-desamour\/\" target=\"_blank\">\n\t\t\t\t\t\t\t<img loading=\"lazy\" decoding=\"async\" width=\"706\" height=\"1000\" src=\"https:\/\/broise-art.fr\/journal\/wp-content\/uploads\/2021\/06\/Lettres-de-desamours_Couverture-Premiere.jpg\" class=\"attachment-full size-full wp-image-6030\" alt=\"Lettres de d\u00e9samour, couverture d&#039;un recueil de nouvelles de Christian Broise\" srcset=\"https:\/\/broise-art.fr\/journal\/wp-content\/uploads\/2021\/06\/Lettres-de-desamours_Couverture-Premiere.jpg 706w, https:\/\/broise-art.fr\/journal\/wp-content\/uploads\/2021\/06\/Lettres-de-desamours_Couverture-Premiere-212x300.jpg 212w\" sizes=\"(max-width: 706px) 100vw, 706px\" \/>\t\t\t\t\t\t\t\t<\/a>\n\t\t\t\t\t\t\t\t\t\t\t<figcaption class=\"widget-image-caption wp-caption-text\">Publi\u00e9 : Juin 2021<\/figcaption>\n\t\t\t\t\t\t\t\t\t\t<\/figure>\n\t\t\t\t\t\t\t\t\t<\/div>\n\t\t\t\t<\/div>\n\t\t\t\t\t<\/div>\n\t\t<\/div>\n\t\t\t\t\t<\/div>\n\t\t<\/section>\n\t\t\t\t\t<\/div>\n\t\t<\/div>\n\t\t\t\t\t<\/div>\n\t\t<\/section>\n\t\t\t\t<\/div>\n\t\t","protected":false},"excerpt":{"rendered":"<p>Publi\u00e9 : Septembre 2018 Non publi\u00e9 Non publi\u00e9 Publi\u00e9 : Juin 2021<\/p>\n","protected":false},"author":1,"featured_media":0,"parent":0,"menu_order":0,"comment_status":"closed","ping_status":"closed","template":"","meta":{"_seopress_robots_primary_cat":"","_seopress_titles_title":"","_seopress_titles_desc":"","_seopress_robots_index":"","footnotes":""},"class_list":["post-3742","page","type-page","status-publish","hentry","entry"],"_links":{"self":[{"href":"https:\/\/broise-art.fr\/journal\/wp-json\/wp\/v2\/pages\/3742","targetHints":{"allow":["GET"]}}],"collection":[{"href":"https:\/\/broise-art.fr\/journal\/wp-json\/wp\/v2\/pages"}],"about":[{"href":"https:\/\/broise-art.fr\/journal\/wp-json\/wp\/v2\/types\/page"}],"author":[{"embeddable":true,"href":"https:\/\/broise-art.fr\/journal\/wp-json\/wp\/v2\/users\/1"}],"replies":[{"embeddable":true,"href":"https:\/\/broise-art.fr\/journal\/wp-json\/wp\/v2\/comments?post=3742"}],"version-history":[{"count":80,"href":"https:\/\/broise-art.fr\/journal\/wp-json\/wp\/v2\/pages\/3742\/revisions"}],"predecessor-version":[{"id":6706,"href":"https:\/\/broise-art.fr\/journal\/wp-json\/wp\/v2\/pages\/3742\/revisions\/6706"}],"wp:attachment":[{"href":"https:\/\/broise-art.fr\/journal\/wp-json\/wp\/v2\/media?parent=3742"}],"curies":[{"name":"wp","href":"https:\/\/api.w.org\/{rel}","templated":true}]}}