{"id":3663,"date":"2020-01-09T17:29:12","date_gmt":"2020-01-09T17:29:12","guid":{"rendered":"https:\/\/broise-art.fr\/journal\/?page_id=3663"},"modified":"2023-02-03T17:47:55","modified_gmt":"2023-02-03T17:47:55","slug":"decalques","status":"publish","type":"page","link":"https:\/\/broise-art.fr\/journal\/materiaux-mots\/decalques\/","title":{"rendered":"D\u00e9calques"},"content":{"rendered":"\t\t<div data-elementor-type=\"wp-post\" data-elementor-id=\"3663\" class=\"elementor elementor-3663\" data-elementor-post-type=\"page\">\n\t\t\t\t\t\t<section class=\"elementor-section elementor-top-section elementor-element elementor-element-b8c967d elementor-section-boxed elementor-section-height-default elementor-section-height-default\" data-id=\"b8c967d\" data-element_type=\"section\">\n\t\t\t\t\t\t<div class=\"elementor-container elementor-column-gap-default\">\n\t\t\t\t\t<div class=\"elementor-column elementor-col-100 elementor-top-column elementor-element elementor-element-1f427306\" data-id=\"1f427306\" data-element_type=\"column\">\n\t\t\t<div class=\"elementor-widget-wrap elementor-element-populated\">\n\t\t\t\t\t\t<section class=\"elementor-section elementor-inner-section elementor-element elementor-element-3067ca17 elementor-section-boxed elementor-section-height-default elementor-section-height-default\" data-id=\"3067ca17\" data-element_type=\"section\">\n\t\t\t\t\t\t<div class=\"elementor-container elementor-column-gap-default\">\n\t\t\t\t\t<div class=\"elementor-column elementor-col-50 elementor-inner-column elementor-element elementor-element-2766dbb0\" data-id=\"2766dbb0\" data-element_type=\"column\">\n\t\t\t<div class=\"elementor-widget-wrap elementor-element-populated\">\n\t\t\t\t\t\t<div class=\"elementor-element elementor-element-4c7354e4 elementor-widget elementor-widget-image\" data-id=\"4c7354e4\" data-element_type=\"widget\" data-widget_type=\"image.default\">\n\t\t\t\t<div class=\"elementor-widget-container\">\n\t\t\t\t\t\t\t\t\t\t\t\t<figure class=\"wp-caption\">\n\t\t\t\t\t\t\t\t\t\t\t<a href=\"https:\/\/broise-art.fr\/journal\/wp-content\/uploads\/2018\/09\/De-calques-couverture.jpg\" data-elementor-open-lightbox=\"yes\" data-elementor-lightbox-title=\"De-calques-couverture\" data-e-action-hash=\"#elementor-action%3Aaction%3Dlightbox%26settings%3DeyJpZCI6MzAwNSwidXJsIjoiaHR0cHM6XC9cL2Jyb2lzZS1hcnQuZnJcL2pvdXJuYWxcL3dwLWNvbnRlbnRcL3VwbG9hZHNcLzIwMThcLzA5XC9EZS1jYWxxdWVzLWNvdXZlcnR1cmUuanBnIn0%3D\">\n\t\t\t\t\t\t\t<img fetchpriority=\"high\" decoding=\"async\" width=\"300\" height=\"300\" src=\"https:\/\/broise-art.fr\/journal\/wp-content\/uploads\/2018\/09\/De-calques-couverture-300x300.jpg\" class=\"attachment-medium size-medium wp-image-3005\" alt=\"\" srcset=\"https:\/\/broise-art.fr\/journal\/wp-content\/uploads\/2018\/09\/De-calques-couverture-300x300.jpg 300w, https:\/\/broise-art.fr\/journal\/wp-content\/uploads\/2018\/09\/De-calques-couverture-150x150.jpg 150w, https:\/\/broise-art.fr\/journal\/wp-content\/uploads\/2018\/09\/De-calques-couverture-768x770.jpg 768w, https:\/\/broise-art.fr\/journal\/wp-content\/uploads\/2018\/09\/De-calques-couverture.jpg 998w\" sizes=\"(max-width: 300px) 100vw, 300px\" \/>\t\t\t\t\t\t\t\t<\/a>\n\t\t\t\t\t\t\t\t\t\t\t<figcaption class=\"widget-image-caption wp-caption-text\">Couverture cartonn\u00e9e,  pelliculage mat.<\/figcaption>\n\t\t\t\t\t\t\t\t\t\t<\/figure>\n\t\t\t\t\t\t\t\t\t<\/div>\n\t\t\t\t<\/div>\n\t\t\t\t<div class=\"elementor-element elementor-element-2446d8a2 elementor-widget elementor-widget-image\" data-id=\"2446d8a2\" data-element_type=\"widget\" data-widget_type=\"image.default\">\n\t\t\t\t<div class=\"elementor-widget-container\">\n\t\t\t\t\t\t\t\t\t\t\t\t<figure class=\"wp-caption\">\n\t\t\t\t\t\t\t\t\t\t\t<a href=\"https:\/\/broise-art.fr\/journal\/wp-content\/uploads\/2018\/09\/De-calques-interieur.jpg\" data-elementor-open-lightbox=\"yes\" data-elementor-lightbox-title=\"De-calques-interieur\" data-e-action-hash=\"#elementor-action%3Aaction%3Dlightbox%26settings%3DeyJpZCI6MzAwMywidXJsIjoiaHR0cHM6XC9cL2Jyb2lzZS1hcnQuZnJcL2pvdXJuYWxcL3dwLWNvbnRlbnRcL3VwbG9hZHNcLzIwMThcLzA5XC9EZS1jYWxxdWVzLWludGVyaWV1ci5qcGcifQ%3D%3D\">\n\t\t\t\t\t\t\t<img decoding=\"async\" width=\"1000\" height=\"750\" src=\"https:\/\/broise-art.fr\/journal\/wp-content\/uploads\/2018\/09\/De-calques-interieur.jpg\" class=\"attachment-large size-large wp-image-3003\" alt=\"\" srcset=\"https:\/\/broise-art.fr\/journal\/wp-content\/uploads\/2018\/09\/De-calques-interieur.jpg 1000w, https:\/\/broise-art.fr\/journal\/wp-content\/uploads\/2018\/09\/De-calques-interieur-300x225.jpg 300w, https:\/\/broise-art.fr\/journal\/wp-content\/uploads\/2018\/09\/De-calques-interieur-768x576.jpg 768w\" sizes=\"(max-width: 1000px) 100vw, 1000px\" \/>\t\t\t\t\t\t\t\t<\/a>\n\t\t\t\t\t\t\t\t\t\t\t<figcaption class=\"widget-image-caption wp-caption-text\">Int\u00e9rieur, papier couch\u00e9 135 grammes pour 19 textes accompagn\u00e9s de 19 images en couleur.<\/figcaption>\n\t\t\t\t\t\t\t\t\t\t<\/figure>\n\t\t\t\t\t\t\t\t\t<\/div>\n\t\t\t\t<\/div>\n\t\t\t\t\t<\/div>\n\t\t<\/div>\n\t\t\t\t<div class=\"elementor-column elementor-col-50 elementor-inner-column elementor-element elementor-element-634fadc9\" data-id=\"634fadc9\" data-element_type=\"column\">\n\t\t\t<div class=\"elementor-widget-wrap elementor-element-populated\">\n\t\t\t\t\t\t<div class=\"elementor-element elementor-element-6fdaa316 elementor-widget elementor-widget-text-editor\" data-id=\"6fdaa316\" data-element_type=\"widget\" data-widget_type=\"text-editor.default\">\n\t\t\t\t<div class=\"elementor-widget-container\">\n\t\t\t\t\t\t\t\t\t<p align=\"JUSTIFY\"><span style=\"font-size: medium;\">\u00ab\u00a0Les images et les mots sont la vie, la substance d\u2019un pr\u00e9sent \u00e0 venir.<br \/>D\u00e9cid\u00e9ment, je n\u2019appr\u00e9cie pas la photographie&#8230;\u00a0\u00bb<\/span><\/p><p align=\"JUSTIFY\"><span style=\"font-size: medium;\">Ce livre est une tentative de faire de l\u2019\u00e9criture un calque suppl\u00e9mentaire aux montages photographiques: la polys\u00e9mie de l\u2019\u00e9criture po\u00e9tique comme transparence suppl\u00e9mentaire.<\/span><\/p>\t\t\t\t\t\t\t\t<\/div>\n\t\t\t\t<\/div>\n\t\t\t\t<div class=\"elementor-element elementor-element-5eb2bac elementor-widget elementor-widget-text-editor\" data-id=\"5eb2bac\" data-element_type=\"widget\" data-widget_type=\"text-editor.default\">\n\t\t\t\t<div class=\"elementor-widget-container\">\n\t\t\t\t\t\t\t\t\t<p><em>ISBN 978-2-9565847-0-4<\/em><\/p><p><em>D\u00e9p\u00f4t l\u00e9gal: Septembre 2018<\/em><\/p><p><em>PAGES: 54<\/em><\/p><p><em>FORMAT: 210 x 210<\/em><\/p><p><em>PARUTION: 09\/2018<\/em><\/p><p><em>PRIX TTC: 15 \u20ac (+\u00a0participation au frais de port en lettre suivie: 4,50 \u20ac)<\/em><\/p>\t\t\t\t\t\t\t\t<\/div>\n\t\t\t\t<\/div>\n\t\t\t\t<div class=\"elementor-element elementor-element-51e89a6e elementor-widget elementor-widget-text-editor\" data-id=\"51e89a6e\" data-element_type=\"widget\" data-widget_type=\"text-editor.default\">\n\t\t\t\t<div class=\"elementor-widget-container\">\n\t\t\t\t\t\t\t\t\t<p>Int\u00e9ress\u00e9? Une question? <a href=\"https:\/\/broise-art.fr\/journal\/contact\/\" target=\"_blank\" rel=\"noopener\">Contactez-moi.<\/a><\/p>\t\t\t\t\t\t\t\t<\/div>\n\t\t\t\t<\/div>\n\t\t\t\t\t<\/div>\n\t\t<\/div>\n\t\t\t\t\t<\/div>\n\t\t<\/section>\n\t\t\t\t<div class=\"elementor-element elementor-element-419f032 elementor-widget elementor-widget-spacer\" data-id=\"419f032\" data-element_type=\"widget\" data-widget_type=\"spacer.default\">\n\t\t\t\t<div class=\"elementor-widget-container\">\n\t\t\t\t\t\t\t<div class=\"elementor-spacer\">\n\t\t\t<div class=\"elementor-spacer-inner\"><\/div>\n\t\t<\/div>\n\t\t\t\t\t\t<\/div>\n\t\t\t\t<\/div>\n\t\t\t\t<div class=\"elementor-element elementor-element-96c3fb6 elementor-widget elementor-widget-heading\" data-id=\"96c3fb6\" data-element_type=\"widget\" data-widget_type=\"heading.default\">\n\t\t\t\t<div class=\"elementor-widget-container\">\n\t\t\t\t\t<h2 class=\"elementor-heading-title elementor-size-default\">Extraits<\/h2>\t\t\t\t<\/div>\n\t\t\t\t<\/div>\n\t\t\t\t<section class=\"elementor-section elementor-inner-section elementor-element elementor-element-78679f7 elementor-section-boxed elementor-section-height-default elementor-section-height-default\" data-id=\"78679f7\" data-element_type=\"section\">\n\t\t\t\t\t\t<div class=\"elementor-container elementor-column-gap-default\">\n\t\t\t\t\t<div class=\"elementor-column elementor-col-50 elementor-inner-column elementor-element elementor-element-4c58cb4\" data-id=\"4c58cb4\" data-element_type=\"column\">\n\t\t\t<div class=\"elementor-widget-wrap elementor-element-populated\">\n\t\t\t\t\t\t<div class=\"elementor-element elementor-element-6799f9c elementor-widget elementor-widget-image\" data-id=\"6799f9c\" data-element_type=\"widget\" data-widget_type=\"image.default\">\n\t\t\t\t<div class=\"elementor-widget-container\">\n\t\t\t\t\t\t\t\t\t\t\t\t\t\t\t<img decoding=\"async\" width=\"668\" height=\"1000\" src=\"https:\/\/broise-art.fr\/journal\/wp-content\/uploads\/2017\/07\/la-jeune-fille-et-la-mort-5.jpg\" class=\"attachment-full size-full wp-image-667\" alt=\"La jeune fille et la mort. Nature morte. Oeuvre originale\u00a0: tirage Fine Art de l&#039;artiste Christian Broise\" srcset=\"https:\/\/broise-art.fr\/journal\/wp-content\/uploads\/2017\/07\/la-jeune-fille-et-la-mort-5.jpg 668w, https:\/\/broise-art.fr\/journal\/wp-content\/uploads\/2017\/07\/la-jeune-fille-et-la-mort-5-200x300.jpg 200w\" sizes=\"(max-width: 668px) 100vw, 668px\" \/>\t\t\t\t\t\t\t\t\t\t\t\t\t\t\t<\/div>\n\t\t\t\t<\/div>\n\t\t\t\t\t<\/div>\n\t\t<\/div>\n\t\t\t\t<div class=\"elementor-column elementor-col-50 elementor-inner-column elementor-element elementor-element-1e0ba65\" data-id=\"1e0ba65\" data-element_type=\"column\">\n\t\t\t<div class=\"elementor-widget-wrap elementor-element-populated\">\n\t\t\t\t\t\t<div class=\"elementor-element elementor-element-7eadb5d elementor-widget elementor-widget-text-editor\" data-id=\"7eadb5d\" data-element_type=\"widget\" data-widget_type=\"text-editor.default\">\n\t\t\t\t<div class=\"elementor-widget-container\">\n\t\t\t\t\t\t\t\t\t<p>J\u2019irai<br \/>de guerre las<\/p><p>Danser<br \/>au c\u0153ur forg\u00e9 des nasses<br \/>soleil de nuit<br \/>laves alambics<\/p><p>Caresser la peau des vagues <br \/>aux creux<br \/>des squelettes d\u2019\u00e9cume<\/p><p>R\u00e9colter nu<br \/>sous le clapotis des feuilles d\u2019un gommier oc\u00e9an<br \/>aux fleurs m\u00e9dus\u00e9es<br \/>le corps de r\u00e9sine de la femme blanche<\/p>\t\t\t\t\t\t\t\t<\/div>\n\t\t\t\t<\/div>\n\t\t\t\t\t<\/div>\n\t\t<\/div>\n\t\t\t\t\t<\/div>\n\t\t<\/section>\n\t\t\t\t<section class=\"elementor-section elementor-inner-section elementor-element elementor-element-e7bf4f6 elementor-section-boxed elementor-section-height-default elementor-section-height-default\" data-id=\"e7bf4f6\" data-element_type=\"section\">\n\t\t\t\t\t\t<div class=\"elementor-container elementor-column-gap-default\">\n\t\t\t\t\t<div class=\"elementor-column elementor-col-50 elementor-inner-column elementor-element elementor-element-fc7e280\" data-id=\"fc7e280\" data-element_type=\"column\">\n\t\t\t<div class=\"elementor-widget-wrap elementor-element-populated\">\n\t\t\t\t\t\t<div class=\"elementor-element elementor-element-27b363d elementor-widget elementor-widget-text-editor\" data-id=\"27b363d\" data-element_type=\"widget\" data-widget_type=\"text-editor.default\">\n\t\t\t\t<div class=\"elementor-widget-container\">\n\t\t\t\t\t\t\t\t\t<p>L\u2019horizon porte la faille<\/p><p>Sentir le regard du paysage<br \/>sous l\u2019ultime \u00e9olienne<\/p><p>Au milieu du gu\u00e9, toujours<\/p><p>Point d\u2019horizon aux noues des berges<\/p><p>Belle la charni\u00e8re des eaux<\/p>\t\t\t\t\t\t\t\t<\/div>\n\t\t\t\t<\/div>\n\t\t\t\t\t<\/div>\n\t\t<\/div>\n\t\t\t\t<div class=\"elementor-column elementor-col-50 elementor-inner-column elementor-element elementor-element-798876c\" data-id=\"798876c\" data-element_type=\"column\">\n\t\t\t<div class=\"elementor-widget-wrap elementor-element-populated\">\n\t\t\t\t\t\t<div class=\"elementor-element elementor-element-6d7982e elementor-widget elementor-widget-image\" data-id=\"6d7982e\" data-element_type=\"widget\" data-widget_type=\"image.default\">\n\t\t\t\t<div class=\"elementor-widget-container\">\n\t\t\t\t\t\t\t\t\t\t\t\t\t\t\t<img loading=\"lazy\" decoding=\"async\" width=\"1000\" height=\"640\" src=\"https:\/\/broise-art.fr\/journal\/wp-content\/uploads\/2017\/07\/Horizons-5-sur-5.jpg\" class=\"attachment-large size-large wp-image-715\" alt=\"Horizon. Tirage Fine Art original de l&#039;artiste Christian Broise\" srcset=\"https:\/\/broise-art.fr\/journal\/wp-content\/uploads\/2017\/07\/Horizons-5-sur-5.jpg 1000w, https:\/\/broise-art.fr\/journal\/wp-content\/uploads\/2017\/07\/Horizons-5-sur-5-300x192.jpg 300w, https:\/\/broise-art.fr\/journal\/wp-content\/uploads\/2017\/07\/Horizons-5-sur-5-768x492.jpg 768w\" sizes=\"(max-width: 1000px) 100vw, 1000px\" \/>\t\t\t\t\t\t\t\t\t\t\t\t\t\t\t<\/div>\n\t\t\t\t<\/div>\n\t\t\t\t\t<\/div>\n\t\t<\/div>\n\t\t\t\t\t<\/div>\n\t\t<\/section>\n\t\t\t\t\t<\/div>\n\t\t<\/div>\n\t\t\t\t\t<\/div>\n\t\t<\/section>\n\t\t\t\t<\/div>\n\t\t","protected":false},"excerpt":{"rendered":"<p>Couverture cartonn\u00e9e, pelliculage mat. Int\u00e9rieur, papier couch\u00e9 135 grammes pour 19 textes accompagn\u00e9s de 19 images en couleur. \u00ab\u00a0Les images et les mots sont la vie, la substance d\u2019un pr\u00e9sent \u00e0 venir.D\u00e9cid\u00e9ment, je n\u2019appr\u00e9cie pas la photographie&#8230;\u00a0\u00bb Ce livre est une tentative de faire de l\u2019\u00e9criture un calque suppl\u00e9mentaire aux montages photographiques: la polys\u00e9mie de [&hellip;]<\/p>\n","protected":false},"author":1,"featured_media":0,"parent":3742,"menu_order":0,"comment_status":"closed","ping_status":"closed","template":"","meta":{"_seopress_robots_primary_cat":"","_seopress_titles_title":"Epreuves pigmentaires. Tirages d&#039;art de Christian Broise","_seopress_titles_desc":"Epreuves pigmentaires de Christian Broise, artiste r\u00e9alisant des impressions pigmentaires num\u00e9riques \u00e0 partir du mat\u00e9riau photographique. Le tirage de chaque \u00e9preuve pigmentaire est effectu\u00e9 par l&#039;artiste lui-m\u00eame et donne lieu \u00e0 une s\u00e9rie de 7 exemplaires maximum (tous formats confondus), certifi\u00e9s et sign\u00e9s.","_seopress_robots_index":"","footnotes":""},"class_list":["post-3663","page","type-page","status-publish","hentry","entry"],"_links":{"self":[{"href":"https:\/\/broise-art.fr\/journal\/wp-json\/wp\/v2\/pages\/3663","targetHints":{"allow":["GET"]}}],"collection":[{"href":"https:\/\/broise-art.fr\/journal\/wp-json\/wp\/v2\/pages"}],"about":[{"href":"https:\/\/broise-art.fr\/journal\/wp-json\/wp\/v2\/types\/page"}],"author":[{"embeddable":true,"href":"https:\/\/broise-art.fr\/journal\/wp-json\/wp\/v2\/users\/1"}],"replies":[{"embeddable":true,"href":"https:\/\/broise-art.fr\/journal\/wp-json\/wp\/v2\/comments?post=3663"}],"version-history":[{"count":40,"href":"https:\/\/broise-art.fr\/journal\/wp-json\/wp\/v2\/pages\/3663\/revisions"}],"predecessor-version":[{"id":6454,"href":"https:\/\/broise-art.fr\/journal\/wp-json\/wp\/v2\/pages\/3663\/revisions\/6454"}],"up":[{"embeddable":true,"href":"https:\/\/broise-art.fr\/journal\/wp-json\/wp\/v2\/pages\/3742"}],"wp:attachment":[{"href":"https:\/\/broise-art.fr\/journal\/wp-json\/wp\/v2\/media?parent=3663"}],"curies":[{"name":"wp","href":"https:\/\/api.w.org\/{rel}","templated":true}]}}