{"id":3571,"date":"2019-11-17T17:56:01","date_gmt":"2019-11-17T17:56:01","guid":{"rendered":"https:\/\/broise-art.fr\/journal\/?page_id=3571"},"modified":"2023-09-18T08:13:39","modified_gmt":"2023-09-18T08:13:39","slug":"la-gorge-de-syrinx","status":"publish","type":"page","link":"https:\/\/broise-art.fr\/journal\/materiaux-mots\/la-gorge-de-syrinx\/","title":{"rendered":"Po\u00e9sie : La gorge de Syrinx"},"content":{"rendered":"\t\t<div data-elementor-type=\"wp-page\" data-elementor-id=\"3571\" class=\"elementor elementor-3571\" data-elementor-post-type=\"page\">\n\t\t\t\t\t\t<section class=\"elementor-section elementor-top-section elementor-element elementor-element-108181c elementor-section-boxed elementor-section-height-default elementor-section-height-default\" data-id=\"108181c\" data-element_type=\"section\">\n\t\t\t\t\t\t<div class=\"elementor-container elementor-column-gap-default\">\n\t\t\t\t\t<div class=\"elementor-column elementor-col-100 elementor-top-column elementor-element elementor-element-aa86d26\" data-id=\"aa86d26\" data-element_type=\"column\">\n\t\t\t<div class=\"elementor-widget-wrap elementor-element-populated\">\n\t\t\t\t\t\t<section class=\"elementor-section elementor-inner-section elementor-element elementor-element-8f4d65f elementor-section-boxed elementor-section-height-default elementor-section-height-default\" data-id=\"8f4d65f\" data-element_type=\"section\">\n\t\t\t\t\t\t<div class=\"elementor-container elementor-column-gap-default\">\n\t\t\t\t\t<div class=\"elementor-column elementor-col-50 elementor-inner-column elementor-element elementor-element-f947f79\" data-id=\"f947f79\" data-element_type=\"column\">\n\t\t\t<div class=\"elementor-widget-wrap elementor-element-populated\">\n\t\t\t\t\t\t<div class=\"elementor-element elementor-element-b831eed elementor-widget elementor-widget-image\" data-id=\"b831eed\" data-element_type=\"widget\" data-widget_type=\"image.default\">\n\t\t\t\t<div class=\"elementor-widget-container\">\n\t\t\t\t\t\t\t\t\t\t\t\t\t\t\t\t<a href=\"https:\/\/broise-art.fr\/journal\/3d-flip-book\/la-gorge-de-syrinx\/\">\n\t\t\t\t\t\t\t<img fetchpriority=\"high\" decoding=\"async\" width=\"523\" height=\"489\" src=\"https:\/\/broise-art.fr\/journal\/wp-content\/uploads\/2020\/08\/Couverture.jpg\" class=\"attachment-large size-large wp-image-4342\" alt=\"Premi\u00e8re de couverture. La gorge de Syrinx de Christian Broise\" srcset=\"https:\/\/broise-art.fr\/journal\/wp-content\/uploads\/2020\/08\/Couverture.jpg 523w, https:\/\/broise-art.fr\/journal\/wp-content\/uploads\/2020\/08\/Couverture-300x280.jpg 300w\" sizes=\"(max-width: 523px) 100vw, 523px\" \/>\t\t\t\t\t\t\t\t<\/a>\n\t\t\t\t\t\t\t\t\t\t\t\t\t\t\t<\/div>\n\t\t\t\t<\/div>\n\t\t\t\t\t<\/div>\n\t\t<\/div>\n\t\t\t\t<div class=\"elementor-column elementor-col-50 elementor-inner-column elementor-element elementor-element-bd9415e\" data-id=\"bd9415e\" data-element_type=\"column\">\n\t\t\t<div class=\"elementor-widget-wrap elementor-element-populated\">\n\t\t\t\t\t\t<div class=\"elementor-element elementor-element-1367479 elementor-widget elementor-widget-text-editor\" data-id=\"1367479\" data-element_type=\"widget\" data-widget_type=\"text-editor.default\">\n\t\t\t\t<div class=\"elementor-widget-container\">\n\t\t\t\t\t\t\t\t\t<p><span style=\"text-decoration: underline;\">Extrait 1<\/span><\/p><p>Il n\u2019a pas entendu la voix d\u00e9serte lui crier la nouvelle. Debout \u00e0 la poupe du navire, assourdi par le claquement des voiles, il surveille le vent.<\/p><p>Il n\u2019a pas entendu la nouvelle. Il l\u00e8ve les yeux vers le ciel \u00e0 la recherche d\u2019un signe. Il ne voit pas le regard effray\u00e9 des compagnons.<\/p><p>Il n\u2019a rien entendu de l\u2019ondulation des poissons, du vol des oiseaux, du soupir des \u00eeles.<\/p><p>Dans le grand balancement des eaux, mues disertes de mouvance infinies o\u00f9 l\u2019ondoiement du sillage roule d\u2019incessantes vagues, il n\u2019a rien vu.<\/p><p>Une bourrasque s\u2019\u00e9trangle au pied du<\/p>\t\t\t\t\t\t\t\t<\/div>\n\t\t\t\t<\/div>\n\t\t\t\t\t<\/div>\n\t\t<\/div>\n\t\t\t\t\t<\/div>\n\t\t<\/section>\n\t\t\t\t<section class=\"elementor-section elementor-inner-section elementor-element elementor-element-3eeae5e elementor-section-boxed elementor-section-height-default elementor-section-height-default\" data-id=\"3eeae5e\" data-element_type=\"section\">\n\t\t\t\t\t\t<div class=\"elementor-container elementor-column-gap-default\">\n\t\t\t\t\t<div class=\"elementor-column elementor-col-50 elementor-inner-column elementor-element elementor-element-24ad6d9\" data-id=\"24ad6d9\" data-element_type=\"column\">\n\t\t\t<div class=\"elementor-widget-wrap elementor-element-populated\">\n\t\t\t\t\t\t<div class=\"elementor-element elementor-element-ecb86db elementor-widget elementor-widget-text-editor\" data-id=\"ecb86db\" data-element_type=\"widget\" data-widget_type=\"text-editor.default\">\n\t\t\t\t<div class=\"elementor-widget-container\">\n\t\t\t\t\t\t\t\t\t<p><span style=\"text-decoration: underline;\">Extrait 2<\/span><\/p><p>Il suffit<br \/>R\u00e9p\u00e8te l\u2019\u00e9cho<br \/>Invite Narcisse<br \/>De ses mains fatigu\u00e9es<br \/>A la grande danse des m\u00e9tamorphoses<\/p><p>Un tamis de lumi\u00e8re<br \/>Soubresaut d&rsquo;ombre \u00e0 la clairi\u00e8re du visage<br \/>Tisonne la cendre des rides<\/p><p>L\u2019arabesque alourdie<br \/>Des seins envo\u00fbte l\u2019arche pesante du ventre<br \/>Dessus la soie rare du sexe<\/p><p>Danse de vieille femme sur la moire des eaux<br \/>Aux flamm\u00e8ches brunes des roussettes<br \/>L\u2019aile des mains cueille le battement d\u2019air<br \/>L\u2019exact tressaillement du mot juste<\/p><p>Chant de vieille femme au-del\u00e0 du miroir<\/p><p>Des l\u00e8vres fl\u00e9tries \u00e0 l\u2019effigie des sources<br \/>Fleurit le nom p\u00e2le de l\u2019amant<\/p><p>Il suffit<br \/>Dit-elle<\/p>\t\t\t\t\t\t\t\t<\/div>\n\t\t\t\t<\/div>\n\t\t\t\t\t<\/div>\n\t\t<\/div>\n\t\t\t\t<div class=\"elementor-column elementor-col-50 elementor-inner-column elementor-element elementor-element-1737aa1\" data-id=\"1737aa1\" data-element_type=\"column\">\n\t\t\t<div class=\"elementor-widget-wrap elementor-element-populated\">\n\t\t\t\t\t\t<div class=\"elementor-element elementor-element-5a96fd4 elementor-widget elementor-widget-image\" data-id=\"5a96fd4\" data-element_type=\"widget\" data-widget_type=\"image.default\">\n\t\t\t\t<div class=\"elementor-widget-container\">\n\t\t\t\t\t\t\t\t\t\t\t\t\t\t\t<img decoding=\"async\" width=\"749\" height=\"1000\" src=\"https:\/\/broise-art.fr\/journal\/wp-content\/uploads\/2017\/10\/danae-3.jpg\" class=\"attachment-medium_large size-medium_large wp-image-1289\" alt=\"Dana\u00e9. Oeuvre originale\u00a0: tirage Fine Art de l&#039;artiste Christian Broise\" srcset=\"https:\/\/broise-art.fr\/journal\/wp-content\/uploads\/2017\/10\/danae-3.jpg 749w, https:\/\/broise-art.fr\/journal\/wp-content\/uploads\/2017\/10\/danae-3-225x300.jpg 225w\" sizes=\"(max-width: 749px) 100vw, 749px\" \/>\t\t\t\t\t\t\t\t\t\t\t\t\t\t\t<\/div>\n\t\t\t\t<\/div>\n\t\t\t\t\t<\/div>\n\t\t<\/div>\n\t\t\t\t\t<\/div>\n\t\t<\/section>\n\t\t\t\t\t<\/div>\n\t\t<\/div>\n\t\t\t\t\t<\/div>\n\t\t<\/section>\n\t\t\t\t<section class=\"elementor-section elementor-top-section elementor-element elementor-element-832d7e4 elementor-section-boxed elementor-section-height-default elementor-section-height-default\" data-id=\"832d7e4\" data-element_type=\"section\">\n\t\t\t\t\t\t<div class=\"elementor-container elementor-column-gap-default\">\n\t\t\t\t\t<div class=\"elementor-column elementor-col-100 elementor-top-column elementor-element elementor-element-2860298\" data-id=\"2860298\" data-element_type=\"column\">\n\t\t\t<div class=\"elementor-widget-wrap elementor-element-populated\">\n\t\t\t\t\t\t<div class=\"elementor-element elementor-element-2891256 elementor-widget elementor-widget-heading\" data-id=\"2891256\" data-element_type=\"widget\" data-widget_type=\"heading.default\">\n\t\t\t\t<div class=\"elementor-widget-container\">\n\t\t\t\t\t<h2 class=\"elementor-heading-title elementor-size-default\">Autres illustrations du projet<\/h2>\t\t\t\t<\/div>\n\t\t\t\t<\/div>\n\t\t\t\t<div class=\"elementor-element elementor-element-09ca4a3 elementor-widget elementor-widget-image\" data-id=\"09ca4a3\" data-element_type=\"widget\" data-widget_type=\"image.default\">\n\t\t\t\t<div class=\"elementor-widget-container\">\n\t\t\t\t\t\t\t\t\t\t\t\t<figure class=\"wp-caption\">\n\t\t\t\t\t\t\t\t\t\t<img decoding=\"async\" width=\"768\" height=\"512\" src=\"https:\/\/broise-art.fr\/journal\/wp-content\/uploads\/2019\/12\/Projet_4-bis-\u00e9crit-768x512.jpg\" class=\"attachment-medium_large size-medium_large wp-image-3615\" alt=\"D\u00e9dale. Oeuvre originale: tirage Fine Art de l&#039;artiste Christian Broise\" srcset=\"https:\/\/broise-art.fr\/journal\/wp-content\/uploads\/2019\/12\/Projet_4-bis-\u00e9crit-768x512.jpg 768w, https:\/\/broise-art.fr\/journal\/wp-content\/uploads\/2019\/12\/Projet_4-bis-\u00e9crit-300x200.jpg 300w, https:\/\/broise-art.fr\/journal\/wp-content\/uploads\/2019\/12\/Projet_4-bis-\u00e9crit.jpg 1000w\" sizes=\"(max-width: 768px) 100vw, 768px\" \/>\t\t\t\t\t\t\t\t\t\t\t<figcaption class=\"widget-image-caption wp-caption-text\">Version 4<\/figcaption>\n\t\t\t\t\t\t\t\t\t\t<\/figure>\n\t\t\t\t\t\t\t\t\t<\/div>\n\t\t\t\t<\/div>\n\t\t\t\t<div class=\"elementor-element elementor-element-a2a90b7 elementor-widget elementor-widget-image\" data-id=\"a2a90b7\" data-element_type=\"widget\" data-widget_type=\"image.default\">\n\t\t\t\t<div class=\"elementor-widget-container\">\n\t\t\t\t\t\t\t\t\t\t\t\t<figure class=\"wp-caption\">\n\t\t\t\t\t\t\t\t\t\t<img loading=\"lazy\" decoding=\"async\" width=\"768\" height=\"513\" src=\"https:\/\/broise-art.fr\/journal\/wp-content\/uploads\/2019\/12\/Projet_3-768x513.jpg\" class=\"attachment-medium_large size-medium_large wp-image-3608\" alt=\"D\u00e9dale. Oeuvre originale: tirage Fine Art de l&#039;artiste Christian Broise\" srcset=\"https:\/\/broise-art.fr\/journal\/wp-content\/uploads\/2019\/12\/Projet_3-768x513.jpg 768w, https:\/\/broise-art.fr\/journal\/wp-content\/uploads\/2019\/12\/Projet_3-300x200.jpg 300w, https:\/\/broise-art.fr\/journal\/wp-content\/uploads\/2019\/12\/Projet_3.jpg 1000w\" sizes=\"(max-width: 768px) 100vw, 768px\" \/>\t\t\t\t\t\t\t\t\t\t\t<figcaption class=\"widget-image-caption wp-caption-text\">Version 3<\/figcaption>\n\t\t\t\t\t\t\t\t\t\t<\/figure>\n\t\t\t\t\t\t\t\t\t<\/div>\n\t\t\t\t<\/div>\n\t\t\t\t<div class=\"elementor-element elementor-element-5510c27 elementor-widget elementor-widget-image\" data-id=\"5510c27\" data-element_type=\"widget\" data-widget_type=\"image.default\">\n\t\t\t\t<div class=\"elementor-widget-container\">\n\t\t\t\t\t\t\t\t\t\t\t\t<figure class=\"wp-caption\">\n\t\t\t\t\t\t\t\t\t\t<img loading=\"lazy\" decoding=\"async\" width=\"768\" height=\"513\" src=\"https:\/\/broise-art.fr\/journal\/wp-content\/uploads\/2019\/12\/Projet_2retravail-C-One-768x513.jpg\" class=\"attachment-medium_large size-medium_large wp-image-3598\" alt=\"D\u00e9dale. Oeuvre originale: tirage Fine Art de l&#039;artiste Christian Broise\" srcset=\"https:\/\/broise-art.fr\/journal\/wp-content\/uploads\/2019\/12\/Projet_2retravail-C-One-768x513.jpg 768w, https:\/\/broise-art.fr\/journal\/wp-content\/uploads\/2019\/12\/Projet_2retravail-C-One-300x200.jpg 300w, https:\/\/broise-art.fr\/journal\/wp-content\/uploads\/2019\/12\/Projet_2retravail-C-One.jpg 1000w\" sizes=\"(max-width: 768px) 100vw, 768px\" \/>\t\t\t\t\t\t\t\t\t\t\t<figcaption class=\"widget-image-caption wp-caption-text\">Version 1 Noir et Blanc<\/figcaption>\n\t\t\t\t\t\t\t\t\t\t<\/figure>\n\t\t\t\t\t\t\t\t\t<\/div>\n\t\t\t\t<\/div>\n\t\t\t\t\t<\/div>\n\t\t<\/div>\n\t\t\t\t\t<\/div>\n\t\t<\/section>\n\t\t\t\t<section class=\"elementor-section elementor-top-section elementor-element elementor-element-8bc7411 elementor-section-boxed elementor-section-height-default elementor-section-height-default\" data-id=\"8bc7411\" data-element_type=\"section\">\n\t\t\t\t\t\t<div class=\"elementor-container elementor-column-gap-default\">\n\t\t\t\t\t<div class=\"elementor-column elementor-col-100 elementor-top-column elementor-element elementor-element-2d768df\" data-id=\"2d768df\" data-element_type=\"column\">\n\t\t\t<div class=\"elementor-widget-wrap elementor-element-populated\">\n\t\t\t\t\t\t<div class=\"elementor-element elementor-element-87f4300 elementor-widget elementor-widget-image\" data-id=\"87f4300\" data-element_type=\"widget\" data-widget_type=\"image.default\">\n\t\t\t\t<div class=\"elementor-widget-container\">\n\t\t\t\t\t\t\t\t\t\t\t\t<figure class=\"wp-caption\">\n\t\t\t\t\t\t\t\t\t\t<img loading=\"lazy\" decoding=\"async\" width=\"768\" height=\"513\" src=\"https:\/\/broise-art.fr\/journal\/wp-content\/uploads\/2019\/12\/Projet_1_Dedale2019-768x513.jpg\" class=\"attachment-medium_large size-medium_large wp-image-3587\" alt=\"D\u00e9dale. Oeuvre originale: tirage Fine Art de l&#039;artiste Christian Broise\" srcset=\"https:\/\/broise-art.fr\/journal\/wp-content\/uploads\/2019\/12\/Projet_1_Dedale2019-768x513.jpg 768w, https:\/\/broise-art.fr\/journal\/wp-content\/uploads\/2019\/12\/Projet_1_Dedale2019-300x200.jpg 300w, https:\/\/broise-art.fr\/journal\/wp-content\/uploads\/2019\/12\/Projet_1_Dedale2019.jpg 1000w\" sizes=\"(max-width: 768px) 100vw, 768px\" \/>\t\t\t\t\t\t\t\t\t\t\t<figcaption class=\"widget-image-caption wp-caption-text\">Version 1 couleur<\/figcaption>\n\t\t\t\t\t\t\t\t\t\t<\/figure>\n\t\t\t\t\t\t\t\t\t<\/div>\n\t\t\t\t<\/div>\n\t\t\t\t\t<\/div>\n\t\t<\/div>\n\t\t\t\t\t<\/div>\n\t\t<\/section>\n\t\t\t\t<section class=\"elementor-section elementor-top-section elementor-element elementor-element-b7027a6 elementor-section-boxed elementor-section-height-default elementor-section-height-default\" data-id=\"b7027a6\" data-element_type=\"section\">\n\t\t\t\t\t\t<div class=\"elementor-container elementor-column-gap-default\">\n\t\t\t\t\t<div class=\"elementor-column elementor-col-100 elementor-top-column elementor-element elementor-element-7ac35e8\" data-id=\"7ac35e8\" data-element_type=\"column\">\n\t\t\t<div class=\"elementor-widget-wrap elementor-element-populated\">\n\t\t\t\t\t\t<div class=\"elementor-element elementor-element-8af589b elementor-widget elementor-widget-image\" data-id=\"8af589b\" data-element_type=\"widget\" data-widget_type=\"image.default\">\n\t\t\t\t<div class=\"elementor-widget-container\">\n\t\t\t\t\t\t\t\t\t\t\t\t<figure class=\"wp-caption\">\n\t\t\t\t\t\t\t\t\t\t<img loading=\"lazy\" decoding=\"async\" width=\"768\" height=\"515\" src=\"https:\/\/broise-art.fr\/journal\/wp-content\/uploads\/2019\/11\/Dedale-10-1-768x515.jpg\" class=\"attachment-medium_large size-medium_large wp-image-3584\" alt=\"D\u00e9dale. Oeuvre originale: tirage Fine Art de l&#039;artiste Christian Broise\" srcset=\"https:\/\/broise-art.fr\/journal\/wp-content\/uploads\/2019\/11\/Dedale-10-1-768x515.jpg 768w, https:\/\/broise-art.fr\/journal\/wp-content\/uploads\/2019\/11\/Dedale-10-1-300x201.jpg 300w, https:\/\/broise-art.fr\/journal\/wp-content\/uploads\/2019\/11\/Dedale-10-1.jpg 1000w\" sizes=\"(max-width: 768px) 100vw, 768px\" \/>\t\t\t\t\t\t\t\t\t\t\t<figcaption class=\"widget-image-caption wp-caption-text\">Version 6<\/figcaption>\n\t\t\t\t\t\t\t\t\t\t<\/figure>\n\t\t\t\t\t\t\t\t\t<\/div>\n\t\t\t\t<\/div>\n\t\t\t\t\t<\/div>\n\t\t<\/div>\n\t\t\t\t\t<\/div>\n\t\t<\/section>\n\t\t\t\t<section class=\"elementor-section elementor-top-section elementor-element elementor-element-3b816e1 elementor-section-boxed elementor-section-height-default elementor-section-height-default\" data-id=\"3b816e1\" data-element_type=\"section\">\n\t\t\t\t\t\t<div class=\"elementor-container elementor-column-gap-default\">\n\t\t\t\t\t<div class=\"elementor-column elementor-col-100 elementor-top-column elementor-element elementor-element-dedddae\" data-id=\"dedddae\" data-element_type=\"column\">\n\t\t\t<div class=\"elementor-widget-wrap\">\n\t\t\t\t\t\t\t<\/div>\n\t\t<\/div>\n\t\t\t\t\t<\/div>\n\t\t<\/section>\n\t\t\t\t<\/div>\n\t\t","protected":false},"excerpt":{"rendered":"<p>Extrait 1 Il n\u2019a pas entendu la voix d\u00e9serte lui crier la nouvelle. Debout \u00e0 la poupe du navire, assourdi par le claquement des voiles, il surveille le vent. Il n\u2019a pas entendu la nouvelle. Il l\u00e8ve les yeux vers le ciel \u00e0 la recherche d\u2019un signe. Il ne voit pas le regard effray\u00e9 des [&hellip;]<\/p>\n","protected":false},"author":1,"featured_media":0,"parent":3742,"menu_order":0,"comment_status":"closed","ping_status":"closed","template":"","meta":{"_seopress_robots_primary_cat":"","_seopress_titles_title":"","_seopress_titles_desc":"","_seopress_robots_index":"","footnotes":""},"class_list":["post-3571","page","type-page","status-publish","hentry","entry"],"_links":{"self":[{"href":"https:\/\/broise-art.fr\/journal\/wp-json\/wp\/v2\/pages\/3571","targetHints":{"allow":["GET"]}}],"collection":[{"href":"https:\/\/broise-art.fr\/journal\/wp-json\/wp\/v2\/pages"}],"about":[{"href":"https:\/\/broise-art.fr\/journal\/wp-json\/wp\/v2\/types\/page"}],"author":[{"embeddable":true,"href":"https:\/\/broise-art.fr\/journal\/wp-json\/wp\/v2\/users\/1"}],"replies":[{"embeddable":true,"href":"https:\/\/broise-art.fr\/journal\/wp-json\/wp\/v2\/comments?post=3571"}],"version-history":[{"count":147,"href":"https:\/\/broise-art.fr\/journal\/wp-json\/wp\/v2\/pages\/3571\/revisions"}],"predecessor-version":[{"id":6992,"href":"https:\/\/broise-art.fr\/journal\/wp-json\/wp\/v2\/pages\/3571\/revisions\/6992"}],"up":[{"embeddable":true,"href":"https:\/\/broise-art.fr\/journal\/wp-json\/wp\/v2\/pages\/3742"}],"wp:attachment":[{"href":"https:\/\/broise-art.fr\/journal\/wp-json\/wp\/v2\/media?parent=3571"}],"curies":[{"name":"wp","href":"https:\/\/api.w.org\/{rel}","templated":true}]}}