{"id":2654,"date":"2018-06-16T17:55:53","date_gmt":"2018-06-16T17:55:53","guid":{"rendered":"http:\/\/broise-art.fr\/journal\/?page_id=2654"},"modified":"2023-02-04T09:04:52","modified_gmt":"2023-02-04T09:04:52","slug":"hommage","status":"publish","type":"page","link":"https:\/\/broise-art.fr\/journal\/materiaux-beton\/hommage\/","title":{"rendered":"Hommage"},"content":{"rendered":"\t\t<div data-elementor-type=\"wp-post\" data-elementor-id=\"2654\" class=\"elementor elementor-2654\" data-elementor-post-type=\"page\">\n\t\t\t\t\t\t<section class=\"elementor-section elementor-top-section elementor-element elementor-element-3daf61ea elementor-section-boxed elementor-section-height-default elementor-section-height-default\" data-id=\"3daf61ea\" data-element_type=\"section\">\n\t\t\t\t\t\t<div class=\"elementor-container elementor-column-gap-default\">\n\t\t\t\t\t<div class=\"elementor-column elementor-col-100 elementor-top-column elementor-element elementor-element-2de8c8a5\" data-id=\"2de8c8a5\" data-element_type=\"column\">\n\t\t\t<div class=\"elementor-widget-wrap elementor-element-populated\">\n\t\t\t\t\t\t<section class=\"elementor-section elementor-inner-section elementor-element elementor-element-ed0f55c elementor-section-boxed elementor-section-height-default elementor-section-height-default\" data-id=\"ed0f55c\" data-element_type=\"section\">\n\t\t\t\t\t\t<div class=\"elementor-container elementor-column-gap-default\">\n\t\t\t\t\t<div class=\"elementor-column elementor-col-50 elementor-inner-column elementor-element elementor-element-5fd5eb5\" data-id=\"5fd5eb5\" data-element_type=\"column\">\n\t\t\t<div class=\"elementor-widget-wrap elementor-element-populated\">\n\t\t\t\t\t\t<div class=\"elementor-element elementor-element-21635b6 elementor-widget elementor-widget-image\" data-id=\"21635b6\" data-element_type=\"widget\" data-widget_type=\"image.default\">\n\t\t\t\t<div class=\"elementor-widget-container\">\n\t\t\t\t\t\t\t\t\t\t\t\t<figure class=\"wp-caption\">\n\t\t\t\t\t\t\t\t\t\t\t<a href=\"https:\/\/broise-art.fr\/journal\/wp-content\/uploads\/2018\/08\/Hommage-II.jpg\" data-elementor-open-lightbox=\"yes\" data-elementor-lightbox-title=\"Hommage-II\" data-e-action-hash=\"#elementor-action%3Aaction%3Dlightbox%26settings%3DeyJpZCI6MjkzMSwidXJsIjoiaHR0cHM6XC9cL2Jyb2lzZS1hcnQuZnJcL2pvdXJuYWxcL3dwLWNvbnRlbnRcL3VwbG9hZHNcLzIwMThcLzA4XC9ob21tYWdlLWlpLmpwZyJ9\">\n\t\t\t\t\t\t\t<img fetchpriority=\"high\" decoding=\"async\" width=\"729\" height=\"1000\" src=\"https:\/\/broise-art.fr\/journal\/wp-content\/uploads\/2018\/08\/hommage-ii.jpg\" class=\"attachment-full size-full wp-image-2931\" alt=\"\" srcset=\"https:\/\/broise-art.fr\/journal\/wp-content\/uploads\/2018\/08\/hommage-ii.jpg 729w, https:\/\/broise-art.fr\/journal\/wp-content\/uploads\/2018\/08\/hommage-ii-219x300.jpg 219w\" sizes=\"(max-width: 729px) 100vw, 729px\" \/>\t\t\t\t\t\t\t\t<\/a>\n\t\t\t\t\t\t\t\t\t\t\t<figcaption class=\"widget-image-caption wp-caption-text\">B\u00e9ton fondu\u00ae cir\u00e9, Or et bois. Hommage. (Face1). Hauteur: 63 cm <\/figcaption>\n\t\t\t\t\t\t\t\t\t\t<\/figure>\n\t\t\t\t\t\t\t\t\t<\/div>\n\t\t\t\t<\/div>\n\t\t\t\t\t<\/div>\n\t\t<\/div>\n\t\t\t\t<div class=\"elementor-column elementor-col-50 elementor-inner-column elementor-element elementor-element-b32c488\" data-id=\"b32c488\" data-element_type=\"column\">\n\t\t\t<div class=\"elementor-widget-wrap elementor-element-populated\">\n\t\t\t\t\t\t<div class=\"elementor-element elementor-element-1e52809 elementor-widget elementor-widget-image\" data-id=\"1e52809\" data-element_type=\"widget\" data-widget_type=\"image.default\">\n\t\t\t\t<div class=\"elementor-widget-container\">\n\t\t\t\t\t\t\t\t\t\t\t\t<figure class=\"wp-caption\">\n\t\t\t\t\t\t\t\t\t\t\t<a href=\"https:\/\/broise-art.fr\/journal\/wp-content\/uploads\/2018\/08\/Hommage-II-2.jpg\" data-elementor-open-lightbox=\"yes\" data-elementor-lightbox-title=\"Hommage-II-2\" data-elementor-lightbox-description=\"B\u00e9ton fondu\u00ae cir\u00e9, or 24 carats, ch\u00eane et merisier. Hommage, une sulpture de Christian Broise.\" data-e-action-hash=\"#elementor-action%3Aaction%3Dlightbox%26settings%3DeyJpZCI6MjkyNSwidXJsIjoiaHR0cHM6XC9cL2Jyb2lzZS1hcnQuZnJcL2pvdXJuYWxcL3dwLWNvbnRlbnRcL3VwbG9hZHNcLzIwMThcLzA4XC9Ib21tYWdlLUlJLTIuanBnIn0%3D\">\n\t\t\t\t\t\t\t<img decoding=\"async\" width=\"750\" height=\"1000\" src=\"https:\/\/broise-art.fr\/journal\/wp-content\/uploads\/2018\/08\/Hommage-II-2.jpg\" class=\"attachment-full size-full wp-image-2925\" alt=\"B\u00e9ton fondu\u00ae cir\u00e9, or 24 carats, ch\u00eane et merisier. Hommage, une sulpture de Christian Broise.\" srcset=\"https:\/\/broise-art.fr\/journal\/wp-content\/uploads\/2018\/08\/Hommage-II-2.jpg 750w, https:\/\/broise-art.fr\/journal\/wp-content\/uploads\/2018\/08\/Hommage-II-2-225x300.jpg 225w\" sizes=\"(max-width: 750px) 100vw, 750px\" \/>\t\t\t\t\t\t\t\t<\/a>\n\t\t\t\t\t\t\t\t\t\t\t<figcaption class=\"widget-image-caption wp-caption-text\">B\u00e9ton fondu\u00ae cir\u00e9, Or et bois. Hommage. (Face2). Hauteur: 63 cm<\/figcaption>\n\t\t\t\t\t\t\t\t\t\t<\/figure>\n\t\t\t\t\t\t\t\t\t<\/div>\n\t\t\t\t<\/div>\n\t\t\t\t\t<\/div>\n\t\t<\/div>\n\t\t\t\t\t<\/div>\n\t\t<\/section>\n\t\t\t\t<div class=\"elementor-element elementor-element-ccda878 elementor-widget elementor-widget-spacer\" data-id=\"ccda878\" data-element_type=\"widget\" data-widget_type=\"spacer.default\">\n\t\t\t\t<div class=\"elementor-widget-container\">\n\t\t\t\t\t\t\t<div class=\"elementor-spacer\">\n\t\t\t<div class=\"elementor-spacer-inner\"><\/div>\n\t\t<\/div>\n\t\t\t\t\t\t<\/div>\n\t\t\t\t<\/div>\n\t\t\t\t<div class=\"elementor-element elementor-element-67f8122 elementor-widget elementor-widget-image\" data-id=\"67f8122\" data-element_type=\"widget\" data-widget_type=\"image.default\">\n\t\t\t\t<div class=\"elementor-widget-container\">\n\t\t\t\t\t\t\t\t\t\t\t\t<figure class=\"wp-caption\">\n\t\t\t\t\t\t\t\t\t\t\t<a href=\"https:\/\/broise-art.fr\/journal\/wp-content\/uploads\/2018\/08\/Hommage-3-formes.jpg\" data-elementor-open-lightbox=\"yes\" data-elementor-lightbox-title=\"Hommage-3-formes\" data-elementor-lightbox-description=\"Hommage_ les trois formes. Sculpture en b\u00e9ton fondu cir\u00e9 de Christian Broise\" data-e-action-hash=\"#elementor-action%3Aaction%3Dlightbox%26settings%3DeyJpZCI6MjkxNywidXJsIjoiaHR0cHM6XC9cL2Jyb2lzZS1hcnQuZnJcL2pvdXJuYWxcL3dwLWNvbnRlbnRcL3VwbG9hZHNcLzIwMThcLzA4XC9Ib21tYWdlLTMtZm9ybWVzLmpwZyJ9\">\n\t\t\t\t\t\t\t<img decoding=\"async\" width=\"668\" height=\"1000\" src=\"https:\/\/broise-art.fr\/journal\/wp-content\/uploads\/2018\/08\/Hommage-3-formes.jpg\" class=\"attachment-large size-large wp-image-2917\" alt=\"Hommage_ les trois formes. Sculpture en b\u00e9ton fondu cir\u00e9 de Christian Broise\" srcset=\"https:\/\/broise-art.fr\/journal\/wp-content\/uploads\/2018\/08\/Hommage-3-formes.jpg 668w, https:\/\/broise-art.fr\/journal\/wp-content\/uploads\/2018\/08\/Hommage-3-formes-200x300.jpg 200w\" sizes=\"(max-width: 668px) 100vw, 668px\" \/>\t\t\t\t\t\t\t\t<\/a>\n\t\t\t\t\t\t\t\t\t\t\t<figcaption class=\"widget-image-caption wp-caption-text\">Hommage. Les trois formes.  juin-ao\u00fbt 2018. B\u00e9ton fondu\u00ae cir\u00e9. Hauteur 63 cm<\/figcaption>\n\t\t\t\t\t\t\t\t\t\t<\/figure>\n\t\t\t\t\t\t\t\t\t<\/div>\n\t\t\t\t<\/div>\n\t\t\t\t<div class=\"elementor-element elementor-element-d3b8652 elementor-widget elementor-widget-image\" data-id=\"d3b8652\" data-element_type=\"widget\" data-widget_type=\"image.default\">\n\t\t\t\t<div class=\"elementor-widget-container\">\n\t\t\t\t\t\t\t\t\t\t\t\t<figure class=\"wp-caption\">\n\t\t\t\t\t\t\t\t\t\t\t<a href=\"https:\/\/broise-art.fr\/journal\/wp-content\/uploads\/2018\/08\/Hommage-3-formes-2.jpg\" data-elementor-open-lightbox=\"yes\" data-elementor-lightbox-title=\"Hommage-3-formes-2\" data-elementor-lightbox-description=\"Hommage_ les trois formes. Sculpture en b\u00e9ton fondu cir\u00e9 de Christian Broise\" data-e-action-hash=\"#elementor-action%3Aaction%3Dlightbox%26settings%3DeyJpZCI6MjkxOCwidXJsIjoiaHR0cHM6XC9cL2Jyb2lzZS1hcnQuZnJcL2pvdXJuYWxcL3dwLWNvbnRlbnRcL3VwbG9hZHNcLzIwMThcLzA4XC9Ib21tYWdlLTMtZm9ybWVzLTIuanBnIn0%3D\">\n\t\t\t\t\t\t\t<img loading=\"lazy\" decoding=\"async\" width=\"1000\" height=\"752\" src=\"https:\/\/broise-art.fr\/journal\/wp-content\/uploads\/2018\/08\/Hommage-3-formes-2.jpg\" class=\"attachment-large size-large wp-image-2918\" alt=\"Hommage_ les trois formes. Sculpture en b\u00e9ton fondu cir\u00e9 de Christian Broise\" srcset=\"https:\/\/broise-art.fr\/journal\/wp-content\/uploads\/2018\/08\/Hommage-3-formes-2.jpg 1000w, https:\/\/broise-art.fr\/journal\/wp-content\/uploads\/2018\/08\/Hommage-3-formes-2-300x226.jpg 300w, https:\/\/broise-art.fr\/journal\/wp-content\/uploads\/2018\/08\/Hommage-3-formes-2-768x578.jpg 768w\" sizes=\"(max-width: 1000px) 100vw, 1000px\" \/>\t\t\t\t\t\t\t\t<\/a>\n\t\t\t\t\t\t\t\t\t\t\t<figcaption class=\"widget-image-caption wp-caption-text\">Hommage. Les trois formes.  juin-ao\u00fbt 2018 (D\u00e9tails)<\/figcaption>\n\t\t\t\t\t\t\t\t\t\t<\/figure>\n\t\t\t\t\t\t\t\t\t<\/div>\n\t\t\t\t<\/div>\n\t\t\t\t<div class=\"elementor-element elementor-element-95cf1da elementor-widget elementor-widget-spacer\" data-id=\"95cf1da\" data-element_type=\"widget\" data-widget_type=\"spacer.default\">\n\t\t\t\t<div class=\"elementor-widget-container\">\n\t\t\t\t\t\t\t<div class=\"elementor-spacer\">\n\t\t\t<div class=\"elementor-spacer-inner\"><\/div>\n\t\t<\/div>\n\t\t\t\t\t\t<\/div>\n\t\t\t\t<\/div>\n\t\t\t\t<div class=\"elementor-element elementor-element-3f2de449 elementor-widget elementor-widget-image\" data-id=\"3f2de449\" data-element_type=\"widget\" data-widget_type=\"image.default\">\n\t\t\t\t<div class=\"elementor-widget-container\">\n\t\t\t\t\t\t\t\t\t\t\t\t<figure class=\"wp-caption\">\n\t\t\t\t\t\t\t\t\t\t\t<a href=\"https:\/\/broise-art.fr\/journal\/wp-content\/uploads\/2018\/07\/Hommage-II-1-11.jpg\" data-elementor-open-lightbox=\"yes\" data-elementor-lightbox-title=\"Hommage-II-1-11\" data-elementor-lightbox-description=\"B\u00e9ton fondu. &quot;Hommage&quot; de l&#039;artiste Christian Broise .\" data-e-action-hash=\"#elementor-action%3Aaction%3Dlightbox%26settings%3DeyJpZCI6MjcxNSwidXJsIjoiaHR0cHM6XC9cL2Jyb2lzZS1hcnQuZnJcL2pvdXJuYWxcL3dwLWNvbnRlbnRcL3VwbG9hZHNcLzIwMThcLzA3XC9Ib21tYWdlLUlJLTEtMTEuanBnIn0%3D\">\n\t\t\t\t\t\t\t<img loading=\"lazy\" decoding=\"async\" width=\"1000\" height=\"668\" src=\"https:\/\/broise-art.fr\/journal\/wp-content\/uploads\/2018\/07\/Hommage-II-1-11.jpg\" class=\"attachment-large size-large wp-image-2715\" alt=\"B\u00e9ton fondu. &quot;Hommage&quot; de l&#039;artiste Christian Broise .\" srcset=\"https:\/\/broise-art.fr\/journal\/wp-content\/uploads\/2018\/07\/Hommage-II-1-11.jpg 1000w, https:\/\/broise-art.fr\/journal\/wp-content\/uploads\/2018\/07\/Hommage-II-1-11-300x200.jpg 300w, https:\/\/broise-art.fr\/journal\/wp-content\/uploads\/2018\/07\/Hommage-II-1-11-768x513.jpg 768w\" sizes=\"(max-width: 1000px) 100vw, 1000px\" \/>\t\t\t\t\t\t\t\t<\/a>\n\t\t\t\t\t\t\t\t\t\t\t<figcaption class=\"widget-image-caption wp-caption-text\">Hommage. Les trois formes.  juin-ao\u00fbt 2018. (D\u00e9tails)<\/figcaption>\n\t\t\t\t\t\t\t\t\t\t<\/figure>\n\t\t\t\t\t\t\t\t\t<\/div>\n\t\t\t\t<\/div>\n\t\t\t\t\t<\/div>\n\t\t<\/div>\n\t\t\t\t\t<\/div>\n\t\t<\/section>\n\t\t\t\t<section class=\"elementor-section elementor-top-section elementor-element elementor-element-376b242 elementor-section-boxed elementor-section-height-default elementor-section-height-default\" data-id=\"376b242\" data-element_type=\"section\">\n\t\t\t\t\t\t<div class=\"elementor-container elementor-column-gap-default\">\n\t\t\t\t\t<div class=\"elementor-column elementor-col-100 elementor-top-column elementor-element elementor-element-fcd0679\" data-id=\"fcd0679\" data-element_type=\"column\">\n\t\t\t<div class=\"elementor-widget-wrap elementor-element-populated\">\n\t\t\t\t\t\t<div class=\"elementor-element elementor-element-1071268 elementor-widget elementor-widget-image\" data-id=\"1071268\" data-element_type=\"widget\" data-widget_type=\"image.default\">\n\t\t\t\t<div class=\"elementor-widget-container\">\n\t\t\t\t\t\t\t\t\t\t\t\t<figure class=\"wp-caption\">\n\t\t\t\t\t\t\t\t\t\t\t<a href=\"https:\/\/broise-art.fr\/journal\/wp-content\/uploads\/2018\/07\/Hommage-II-1-10.jpg\" data-elementor-open-lightbox=\"yes\" data-elementor-lightbox-title=\"Hommage-II-1-10\" data-elementor-lightbox-description=\"B\u00e9ton fondu. &quot;Hommage&quot; de l&#039;artiste Christian Broise .\" data-e-action-hash=\"#elementor-action%3Aaction%3Dlightbox%26settings%3DeyJpZCI6MjcxNCwidXJsIjoiaHR0cHM6XC9cL2Jyb2lzZS1hcnQuZnJcL2pvdXJuYWxcL3dwLWNvbnRlbnRcL3VwbG9hZHNcLzIwMThcLzA3XC9Ib21tYWdlLUlJLTEtMTAuanBnIn0%3D\">\n\t\t\t\t\t\t\t<img loading=\"lazy\" decoding=\"async\" width=\"1000\" height=\"668\" src=\"https:\/\/broise-art.fr\/journal\/wp-content\/uploads\/2018\/07\/Hommage-II-1-10.jpg\" class=\"attachment-large size-large wp-image-2714\" alt=\"B\u00e9ton fondu. &quot;Hommage&quot; de l&#039;artiste Christian Broise .\" srcset=\"https:\/\/broise-art.fr\/journal\/wp-content\/uploads\/2018\/07\/Hommage-II-1-10.jpg 1000w, https:\/\/broise-art.fr\/journal\/wp-content\/uploads\/2018\/07\/Hommage-II-1-10-300x200.jpg 300w, https:\/\/broise-art.fr\/journal\/wp-content\/uploads\/2018\/07\/Hommage-II-1-10-768x513.jpg 768w\" sizes=\"(max-width: 1000px) 100vw, 1000px\" \/>\t\t\t\t\t\t\t\t<\/a>\n\t\t\t\t\t\t\t\t\t\t\t<figcaption class=\"widget-image-caption wp-caption-text\">Hommage. Les trois formes.  juin-ao\u00fbt 2018. (D\u00e9tails)<\/figcaption>\n\t\t\t\t\t\t\t\t\t\t<\/figure>\n\t\t\t\t\t\t\t\t\t<\/div>\n\t\t\t\t<\/div>\n\t\t\t\t\t<\/div>\n\t\t<\/div>\n\t\t\t\t\t<\/div>\n\t\t<\/section>\n\t\t\t\t<section class=\"elementor-section elementor-top-section elementor-element elementor-element-bac7331 elementor-section-boxed elementor-section-height-default elementor-section-height-default\" data-id=\"bac7331\" data-element_type=\"section\">\n\t\t\t\t\t\t<div class=\"elementor-container elementor-column-gap-default\">\n\t\t\t\t\t<div class=\"elementor-column elementor-col-50 elementor-top-column elementor-element elementor-element-7bdc63a9\" data-id=\"7bdc63a9\" data-element_type=\"column\">\n\t\t\t<div class=\"elementor-widget-wrap elementor-element-populated\">\n\t\t\t\t\t\t<div class=\"elementor-element elementor-element-28663e14 elementor-widget elementor-widget-image\" data-id=\"28663e14\" data-element_type=\"widget\" data-widget_type=\"image.default\">\n\t\t\t\t<div class=\"elementor-widget-container\">\n\t\t\t\t\t\t\t\t\t\t\t\t<figure class=\"wp-caption\">\n\t\t\t\t\t\t\t\t\t\t\t<a href=\"https:\/\/broise-art.fr\/journal\/wp-content\/uploads\/2018\/07\/Hommage-I-et-II-3.jpg\" data-elementor-open-lightbox=\"yes\" data-elementor-lightbox-title=\"Hommage I\" data-elementor-lightbox-description=\"B\u00e9ton fondu. &quot;Hommage&quot; de l&#039;artiste Christian Broise .\" data-e-action-hash=\"#elementor-action%3Aaction%3Dlightbox%26settings%3DeyJpZCI6Mjc1NCwidXJsIjoiaHR0cHM6XC9cL2Jyb2lzZS1hcnQuZnJcL2pvdXJuYWxcL3dwLWNvbnRlbnRcL3VwbG9hZHNcLzIwMThcLzA3XC9Ib21tYWdlLUktZXQtSUktMy5qcGcifQ%3D%3D\">\n\t\t\t\t\t\t\t<img loading=\"lazy\" decoding=\"async\" width=\"541\" height=\"1000\" src=\"https:\/\/broise-art.fr\/journal\/wp-content\/uploads\/2018\/07\/Hommage-I-et-II-3.jpg\" class=\"attachment-large size-large wp-image-2754\" alt=\"B\u00e9ton fondu. &quot;Hommage&quot; de l&#039;artiste Christian Broise .\" srcset=\"https:\/\/broise-art.fr\/journal\/wp-content\/uploads\/2018\/07\/Hommage-I-et-II-3.jpg 541w, https:\/\/broise-art.fr\/journal\/wp-content\/uploads\/2018\/07\/Hommage-I-et-II-3-162x300.jpg 162w\" sizes=\"(max-width: 541px) 100vw, 541px\" \/>\t\t\t\t\t\t\t\t<\/a>\n\t\t\t\t\t\t\t\t\t\t\t<figcaption class=\"widget-image-caption wp-caption-text\">Hommage. Les trois formes.  juin-ao\u00fbt 2018. (D\u00e9tails)<\/figcaption>\n\t\t\t\t\t\t\t\t\t\t<\/figure>\n\t\t\t\t\t\t\t\t\t<\/div>\n\t\t\t\t<\/div>\n\t\t\t\t\t<\/div>\n\t\t<\/div>\n\t\t\t\t<div class=\"elementor-column elementor-col-50 elementor-top-column elementor-element elementor-element-3dba518e\" data-id=\"3dba518e\" data-element_type=\"column\">\n\t\t\t<div class=\"elementor-widget-wrap elementor-element-populated\">\n\t\t\t\t\t\t<div class=\"elementor-element elementor-element-6ebb5b2d elementor-widget elementor-widget-image\" data-id=\"6ebb5b2d\" data-element_type=\"widget\" data-widget_type=\"image.default\">\n\t\t\t\t<div class=\"elementor-widget-container\">\n\t\t\t\t\t\t\t\t\t\t\t\t<figure class=\"wp-caption\">\n\t\t\t\t\t\t\t\t\t\t\t<a href=\"https:\/\/broise-art.fr\/journal\/wp-content\/uploads\/2018\/07\/Hommage-I-et-II-2.jpg\" data-elementor-open-lightbox=\"yes\" data-elementor-lightbox-title=\"Hommage I\" data-elementor-lightbox-description=\"B\u00e9ton fondu. &quot;Hommage&quot; de l&#039;artiste Christian Broise .\" data-e-action-hash=\"#elementor-action%3Aaction%3Dlightbox%26settings%3DeyJpZCI6Mjc1MywidXJsIjoiaHR0cHM6XC9cL2Jyb2lzZS1hcnQuZnJcL2pvdXJuYWxcL3dwLWNvbnRlbnRcL3VwbG9hZHNcLzIwMThcLzA3XC9Ib21tYWdlLUktZXQtSUktMi5qcGcifQ%3D%3D\">\n\t\t\t\t\t\t\t<img loading=\"lazy\" decoding=\"async\" width=\"541\" height=\"1000\" src=\"https:\/\/broise-art.fr\/journal\/wp-content\/uploads\/2018\/07\/Hommage-I-et-II-2.jpg\" class=\"attachment-large size-large wp-image-2753\" alt=\"B\u00e9ton fondu. &quot;Hommage&quot; de l&#039;artiste Christian Broise .\" srcset=\"https:\/\/broise-art.fr\/journal\/wp-content\/uploads\/2018\/07\/Hommage-I-et-II-2.jpg 541w, https:\/\/broise-art.fr\/journal\/wp-content\/uploads\/2018\/07\/Hommage-I-et-II-2-162x300.jpg 162w\" sizes=\"(max-width: 541px) 100vw, 541px\" \/>\t\t\t\t\t\t\t\t<\/a>\n\t\t\t\t\t\t\t\t\t\t\t<figcaption class=\"widget-image-caption wp-caption-text\">Hommage. Les trois formes.  juin-ao\u00fbt 2018. (D\u00e9tails)<\/figcaption>\n\t\t\t\t\t\t\t\t\t\t<\/figure>\n\t\t\t\t\t\t\t\t\t<\/div>\n\t\t\t\t<\/div>\n\t\t\t\t\t<\/div>\n\t\t<\/div>\n\t\t\t\t\t<\/div>\n\t\t<\/section>\n\t\t\t\t<section class=\"elementor-section elementor-top-section elementor-element elementor-element-b4425ae elementor-section-boxed elementor-section-height-default elementor-section-height-default\" data-id=\"b4425ae\" data-element_type=\"section\">\n\t\t\t\t\t\t<div class=\"elementor-container elementor-column-gap-default\">\n\t\t\t\t\t<div class=\"elementor-column elementor-col-50 elementor-top-column elementor-element elementor-element-ab2295f\" data-id=\"ab2295f\" data-element_type=\"column\">\n\t\t\t<div class=\"elementor-widget-wrap elementor-element-populated\">\n\t\t\t\t\t\t<div class=\"elementor-element elementor-element-dd0a8bb elementor-widget elementor-widget-image\" data-id=\"dd0a8bb\" data-element_type=\"widget\" data-widget_type=\"image.default\">\n\t\t\t\t<div class=\"elementor-widget-container\">\n\t\t\t\t\t\t\t\t\t\t\t\t<figure class=\"wp-caption\">\n\t\t\t\t\t\t\t\t\t\t\t<a href=\"https:\/\/broise-art.fr\/journal\/wp-content\/uploads\/2018\/07\/Hommage-I-et-II-5.jpg\" data-elementor-open-lightbox=\"yes\" data-elementor-lightbox-title=\"Hommage I\" data-elementor-lightbox-description=\"B\u00e9ton fondu. &quot;Hommage&quot; de l&#039;artiste Christian Broise .\" data-e-action-hash=\"#elementor-action%3Aaction%3Dlightbox%26settings%3DeyJpZCI6Mjc1NiwidXJsIjoiaHR0cHM6XC9cL2Jyb2lzZS1hcnQuZnJcL2pvdXJuYWxcL3dwLWNvbnRlbnRcL3VwbG9hZHNcLzIwMThcLzA3XC9Ib21tYWdlLUktZXQtSUktNS5qcGcifQ%3D%3D\">\n\t\t\t\t\t\t\t<img loading=\"lazy\" decoding=\"async\" width=\"541\" height=\"1000\" src=\"https:\/\/broise-art.fr\/journal\/wp-content\/uploads\/2018\/07\/Hommage-I-et-II-5.jpg\" class=\"attachment-large size-large wp-image-2756\" alt=\"B\u00e9ton fondu. &quot;Hommage&quot; de l&#039;artiste Christian Broise .\" srcset=\"https:\/\/broise-art.fr\/journal\/wp-content\/uploads\/2018\/07\/Hommage-I-et-II-5.jpg 541w, https:\/\/broise-art.fr\/journal\/wp-content\/uploads\/2018\/07\/Hommage-I-et-II-5-162x300.jpg 162w\" sizes=\"(max-width: 541px) 100vw, 541px\" \/>\t\t\t\t\t\t\t\t<\/a>\n\t\t\t\t\t\t\t\t\t\t\t<figcaption class=\"widget-image-caption wp-caption-text\">Hommage. Les trois formes.  juin-ao\u00fbt 2018. (D\u00e9tails)<\/figcaption>\n\t\t\t\t\t\t\t\t\t\t<\/figure>\n\t\t\t\t\t\t\t\t\t<\/div>\n\t\t\t\t<\/div>\n\t\t\t\t\t<\/div>\n\t\t<\/div>\n\t\t\t\t<div class=\"elementor-column elementor-col-50 elementor-top-column elementor-element elementor-element-6a83931\" data-id=\"6a83931\" data-element_type=\"column\">\n\t\t\t<div class=\"elementor-widget-wrap elementor-element-populated\">\n\t\t\t\t\t\t<div class=\"elementor-element elementor-element-3eef5e1 elementor-widget elementor-widget-image\" data-id=\"3eef5e1\" data-element_type=\"widget\" data-widget_type=\"image.default\">\n\t\t\t\t<div class=\"elementor-widget-container\">\n\t\t\t\t\t\t\t\t\t\t\t\t<figure class=\"wp-caption\">\n\t\t\t\t\t\t\t\t\t\t\t<a href=\"https:\/\/broise-art.fr\/journal\/wp-content\/uploads\/2018\/07\/Hommage-I-et-II-4.jpg\" data-elementor-open-lightbox=\"yes\" data-elementor-lightbox-title=\"Hommage I\" data-elementor-lightbox-description=\"B\u00e9ton fondu. &quot;Hommage&quot; de l&#039;artiste Christian Broise .\" data-e-action-hash=\"#elementor-action%3Aaction%3Dlightbox%26settings%3DeyJpZCI6Mjc1NSwidXJsIjoiaHR0cHM6XC9cL2Jyb2lzZS1hcnQuZnJcL2pvdXJuYWxcL3dwLWNvbnRlbnRcL3VwbG9hZHNcLzIwMThcLzA3XC9Ib21tYWdlLUktZXQtSUktNC5qcGcifQ%3D%3D\">\n\t\t\t\t\t\t\t<img loading=\"lazy\" decoding=\"async\" width=\"541\" height=\"1000\" src=\"https:\/\/broise-art.fr\/journal\/wp-content\/uploads\/2018\/07\/Hommage-I-et-II-4.jpg\" class=\"attachment-large size-large wp-image-2755\" alt=\"B\u00e9ton fondu. &quot;Hommage&quot; de l&#039;artiste Christian Broise .\" srcset=\"https:\/\/broise-art.fr\/journal\/wp-content\/uploads\/2018\/07\/Hommage-I-et-II-4.jpg 541w, https:\/\/broise-art.fr\/journal\/wp-content\/uploads\/2018\/07\/Hommage-I-et-II-4-162x300.jpg 162w\" sizes=\"(max-width: 541px) 100vw, 541px\" \/>\t\t\t\t\t\t\t\t<\/a>\n\t\t\t\t\t\t\t\t\t\t\t<figcaption class=\"widget-image-caption wp-caption-text\">Hommage. Les trois formes.  juin-ao\u00fbt 2018. (D\u00e9tails)<\/figcaption>\n\t\t\t\t\t\t\t\t\t\t<\/figure>\n\t\t\t\t\t\t\t\t\t<\/div>\n\t\t\t\t<\/div>\n\t\t\t\t\t<\/div>\n\t\t<\/div>\n\t\t\t\t\t<\/div>\n\t\t<\/section>\n\t\t\t\t<\/div>\n\t\t","protected":false},"excerpt":{"rendered":"<p>B\u00e9ton fondu\u00ae cir\u00e9, Or et bois. Hommage. (Face1). Hauteur: 63 cm B\u00e9ton fondu\u00ae cir\u00e9, Or et bois. Hommage. (Face2). Hauteur: 63 cm Hommage. Les trois formes. juin-ao\u00fbt 2018. B\u00e9ton fondu\u00ae cir\u00e9. Hauteur 63 cm Hommage. Les trois formes. juin-ao\u00fbt 2018 (D\u00e9tails) Hommage. Les trois formes. juin-ao\u00fbt 2018. (D\u00e9tails) Hommage. Les trois formes. juin-ao\u00fbt 2018. (D\u00e9tails) [&hellip;]<\/p>\n","protected":false},"author":1,"featured_media":0,"parent":3756,"menu_order":0,"comment_status":"closed","ping_status":"closed","template":"","meta":{"_seopress_robots_primary_cat":"","_seopress_titles_title":"Hommage est un travail de Christian Broise en b\u00e9ton fondu\u00ae.","_seopress_titles_desc":"Hommage est un travail de Christian Broise. Empreinte de cendres, moulage en b\u00e9ton fondu\u00ae, impression sur terre , modelage, puis coulage en b\u00e9ton fondu\u00ae","_seopress_robots_index":"","footnotes":""},"class_list":["post-2654","page","type-page","status-publish","hentry","entry"],"_links":{"self":[{"href":"https:\/\/broise-art.fr\/journal\/wp-json\/wp\/v2\/pages\/2654","targetHints":{"allow":["GET"]}}],"collection":[{"href":"https:\/\/broise-art.fr\/journal\/wp-json\/wp\/v2\/pages"}],"about":[{"href":"https:\/\/broise-art.fr\/journal\/wp-json\/wp\/v2\/types\/page"}],"author":[{"embeddable":true,"href":"https:\/\/broise-art.fr\/journal\/wp-json\/wp\/v2\/users\/1"}],"replies":[{"embeddable":true,"href":"https:\/\/broise-art.fr\/journal\/wp-json\/wp\/v2\/comments?post=2654"}],"version-history":[{"count":39,"href":"https:\/\/broise-art.fr\/journal\/wp-json\/wp\/v2\/pages\/2654\/revisions"}],"predecessor-version":[{"id":6464,"href":"https:\/\/broise-art.fr\/journal\/wp-json\/wp\/v2\/pages\/2654\/revisions\/6464"}],"up":[{"embeddable":true,"href":"https:\/\/broise-art.fr\/journal\/wp-json\/wp\/v2\/pages\/3756"}],"wp:attachment":[{"href":"https:\/\/broise-art.fr\/journal\/wp-json\/wp\/v2\/media?parent=2654"}],"curies":[{"name":"wp","href":"https:\/\/api.w.org\/{rel}","templated":true}]}}