{"id":1256,"date":"2017-09-14T13:38:09","date_gmt":"2017-09-14T13:38:09","guid":{"rendered":"http:\/\/broise-art.fr\/journal\/?page_id=1256"},"modified":"2021-02-14T17:40:32","modified_gmt":"2021-02-14T17:40:32","slug":"poesie","status":"publish","type":"page","link":"https:\/\/broise-art.fr\/journal\/galeries-2017-2019-christian-broise\/poesie\/","title":{"rendered":"Objet livre"},"content":{"rendered":"\t\t<div data-elementor-type=\"wp-post\" data-elementor-id=\"1256\" class=\"elementor elementor-1256\" data-elementor-post-type=\"page\">\n\t\t\t\t\t\t<section class=\"elementor-section elementor-top-section elementor-element elementor-element-7659oax elementor-section-boxed elementor-section-height-default elementor-section-height-default\" data-id=\"7659oax\" data-element_type=\"section\">\n\t\t\t\t\t\t<div class=\"elementor-container elementor-column-gap-default\">\n\t\t\t\t\t<div class=\"elementor-column elementor-col-100 elementor-top-column elementor-element elementor-element-u678mep\" data-id=\"u678mep\" data-element_type=\"column\">\n\t\t\t<div class=\"elementor-widget-wrap elementor-element-populated\">\n\t\t\t\t\t\t<div class=\"elementor-element elementor-element-05sslu2 elementor-widget elementor-widget-text-editor\" data-id=\"05sslu2\" data-element_type=\"widget\" data-widget_type=\"text-editor.default\">\n\t\t\t\t<div class=\"elementor-widget-container\">\n\t\t\t\t\t\t\t\t\t<p>R\u00e9alisation d&rsquo;un objet-livre fabriqu\u00e9 de fa\u00e7on artisanale \u00a0regroupant un ensemble de 19 feuillets compos\u00e9s d&rsquo;une image et d&rsquo;un texte.\u00a0Chaque feuillet est imprim\u00e9 au recto seulement \u00a0sur papier Kozo de 34 g.\u00a0Couverture: Torchon pour aquarelle 275 g. de Hahnem\u00fchle recouvert d&rsquo;une feuille de papier kozo.<\/p><p><span style=\"text-decoration: underline;\">Contenu et d\u00e9marche, forme et contenu<\/span>:\u00a0<em>\u00ab\u00a0Les images r\u00e9ussies \u00e9chouent leurs calques aux bancs du silence: les po\u00e8mes leur rendent une parole diaphane qu&rsquo;elles ne r\u00e9clamaient pas.<\/em> <em>Mais l&rsquo;\u00e9tincelle d&rsquo;un \u00e9change,\u00a0la connivence entre leurs communes transparences.\u00a0\u00bb<\/em><\/p>\t\t\t\t\t\t\t\t<\/div>\n\t\t\t\t<\/div>\n\t\t\t\t<div class=\"elementor-element elementor-element-xss3c8e elementor-widget elementor-widget-image-gallery\" data-id=\"xss3c8e\" data-element_type=\"widget\" data-widget_type=\"image-gallery.default\">\n\t\t\t\t<div class=\"elementor-widget-container\">\n\t\t\t\t\t\t\t<div class=\"elementor-image-gallery\">\n\t\t\t<div id='gallery-1' class='gallery galleryid-1256 gallery-columns-4 gallery-size-medium'><figure class='gallery-item'>\n\t\t\t<div class='gallery-icon landscape'>\n\t\t\t\t<a data-elementor-open-lightbox=\"yes\" data-elementor-lightbox-slideshow=\"xss3c8e\" data-elementor-lightbox-title=\"Po\u00e9sies Christian Broise 1\" data-e-action-hash=\"#elementor-action%3Aaction%3Dlightbox%26settings%3DeyJpZCI6MTI1MiwidXJsIjoiaHR0cHM6XC9cL2Jyb2lzZS1hcnQuZnJcL2pvdXJuYWxcL3dwLWNvbnRlbnRcL3VwbG9hZHNcLzIwMTdcLzA5XC9wb2VzaWVzLWNocmlzdGlhbi1icm9pc2UtMS5wbmciLCJzbGlkZXNob3ciOiJ4c3MzYzhlIn0%3D\" href='https:\/\/broise-art.fr\/journal\/wp-content\/uploads\/2017\/09\/poesies-christian-broise-1.png'><img fetchpriority=\"high\" decoding=\"async\" width=\"300\" height=\"200\" src=\"https:\/\/broise-art.fr\/journal\/wp-content\/uploads\/2017\/09\/poesies-christian-broise-1-300x200.png\" class=\"attachment-medium size-medium\" alt=\"\" aria-describedby=\"gallery-1-1252\" srcset=\"https:\/\/broise-art.fr\/journal\/wp-content\/uploads\/2017\/09\/poesies-christian-broise-1-300x200.png 300w, https:\/\/broise-art.fr\/journal\/wp-content\/uploads\/2017\/09\/poesies-christian-broise-1.png 500w\" sizes=\"(max-width: 300px) 100vw, 300px\" \/><\/a>\n\t\t\t<\/div>\n\t\t\t\t<figcaption class='wp-caption-text gallery-caption' id='gallery-1-1252'>\n\t\t\t\tTitres\n\t\t\t\t<\/figcaption><\/figure><figure class='gallery-item'>\n\t\t\t<div class='gallery-icon landscape'>\n\t\t\t\t<a data-elementor-open-lightbox=\"yes\" data-elementor-lightbox-slideshow=\"xss3c8e\" data-elementor-lightbox-title=\"Po\u00e9sies Christian Broise 2\" data-e-action-hash=\"#elementor-action%3Aaction%3Dlightbox%26settings%3DeyJpZCI6MTI1MSwidXJsIjoiaHR0cHM6XC9cL2Jyb2lzZS1hcnQuZnJcL2pvdXJuYWxcL3dwLWNvbnRlbnRcL3VwbG9hZHNcLzIwMTdcLzA5XC9wb2VzaWVzLWNocmlzdGlhbi1icm9pc2UtMi5wbmciLCJzbGlkZXNob3ciOiJ4c3MzYzhlIn0%3D\" href='https:\/\/broise-art.fr\/journal\/wp-content\/uploads\/2017\/09\/poesies-christian-broise-2.png'><img decoding=\"async\" width=\"300\" height=\"200\" src=\"https:\/\/broise-art.fr\/journal\/wp-content\/uploads\/2017\/09\/poesies-christian-broise-2-300x200.png\" class=\"attachment-medium size-medium\" alt=\"\" aria-describedby=\"gallery-1-1251\" srcset=\"https:\/\/broise-art.fr\/journal\/wp-content\/uploads\/2017\/09\/poesies-christian-broise-2-300x200.png 300w, https:\/\/broise-art.fr\/journal\/wp-content\/uploads\/2017\/09\/poesies-christian-broise-2.png 500w\" sizes=\"(max-width: 300px) 100vw, 300px\" \/><\/a>\n\t\t\t<\/div>\n\t\t\t\t<figcaption class='wp-caption-text gallery-caption' id='gallery-1-1251'>\n\t\t\t\tTable des mati\u00e8res\n\t\t\t\t<\/figcaption><\/figure><figure class='gallery-item'>\n\t\t\t<div class='gallery-icon landscape'>\n\t\t\t\t<a data-elementor-open-lightbox=\"yes\" data-elementor-lightbox-slideshow=\"xss3c8e\" data-elementor-lightbox-title=\"Po\u00e9sies Christian Broise 3\" data-e-action-hash=\"#elementor-action%3Aaction%3Dlightbox%26settings%3DeyJpZCI6MTI1MCwidXJsIjoiaHR0cHM6XC9cL2Jyb2lzZS1hcnQuZnJcL2pvdXJuYWxcL3dwLWNvbnRlbnRcL3VwbG9hZHNcLzIwMTdcLzA5XC9wb2VzaWVzLWNocmlzdGlhbi1icm9pc2UtMy5wbmciLCJzbGlkZXNob3ciOiJ4c3MzYzhlIn0%3D\" href='https:\/\/broise-art.fr\/journal\/wp-content\/uploads\/2017\/09\/poesies-christian-broise-3.png'><img decoding=\"async\" width=\"300\" height=\"200\" src=\"https:\/\/broise-art.fr\/journal\/wp-content\/uploads\/2017\/09\/poesies-christian-broise-3-300x200.png\" class=\"attachment-medium size-medium\" alt=\"\" aria-describedby=\"gallery-1-1250\" srcset=\"https:\/\/broise-art.fr\/journal\/wp-content\/uploads\/2017\/09\/poesies-christian-broise-3-300x200.png 300w, https:\/\/broise-art.fr\/journal\/wp-content\/uploads\/2017\/09\/poesies-christian-broise-3.png 500w\" sizes=\"(max-width: 300px) 100vw, 300px\" \/><\/a>\n\t\t\t<\/div>\n\t\t\t\t<figcaption class='wp-caption-text gallery-caption' id='gallery-1-1250'>\n\t\t\t\tpr\u00e9lude\n\t\t\t\t<\/figcaption><\/figure><figure class='gallery-item'>\n\t\t\t<div class='gallery-icon landscape'>\n\t\t\t\t<a data-elementor-open-lightbox=\"yes\" data-elementor-lightbox-slideshow=\"xss3c8e\" data-elementor-lightbox-title=\"Po\u00e9sies Christian Broise 4\" data-e-action-hash=\"#elementor-action%3Aaction%3Dlightbox%26settings%3DeyJpZCI6MTI0OSwidXJsIjoiaHR0cHM6XC9cL2Jyb2lzZS1hcnQuZnJcL2pvdXJuYWxcL3dwLWNvbnRlbnRcL3VwbG9hZHNcLzIwMTdcLzA5XC9wb2VzaWVzLWNocmlzdGlhbi1icm9pc2UtNC5wbmciLCJzbGlkZXNob3ciOiJ4c3MzYzhlIn0%3D\" data-elementor-lightbox-description=\"D\u00e9calques. Recueil, textes et images) de Christian Broise\" href='https:\/\/broise-art.fr\/journal\/wp-content\/uploads\/2017\/09\/poesies-christian-broise-4.png'><img loading=\"lazy\" decoding=\"async\" width=\"300\" height=\"200\" src=\"https:\/\/broise-art.fr\/journal\/wp-content\/uploads\/2017\/09\/poesies-christian-broise-4-300x200.png\" class=\"attachment-medium size-medium\" alt=\"D\u00e9calques. Recueil, textes et images) de Christian Broise\" aria-describedby=\"gallery-1-1249\" srcset=\"https:\/\/broise-art.fr\/journal\/wp-content\/uploads\/2017\/09\/poesies-christian-broise-4-300x200.png 300w, https:\/\/broise-art.fr\/journal\/wp-content\/uploads\/2017\/09\/poesies-christian-broise-4.png 500w\" sizes=\"(max-width: 300px) 100vw, 300px\" \/><\/a>\n\t\t\t<\/div>\n\t\t\t\t<figcaption class='wp-caption-text gallery-caption' id='gallery-1-1249'>\n\t\t\t\tD\u00e9calques. Recueil, textes et images) de Christian Broise\n\t\t\t\t<\/figcaption><\/figure><figure class='gallery-item'>\n\t\t\t<div class='gallery-icon landscape'>\n\t\t\t\t<a data-elementor-open-lightbox=\"yes\" data-elementor-lightbox-slideshow=\"xss3c8e\" data-elementor-lightbox-title=\"Po\u00e9sies Christian Broise 5\" data-e-action-hash=\"#elementor-action%3Aaction%3Dlightbox%26settings%3DeyJpZCI6MTI0OCwidXJsIjoiaHR0cHM6XC9cL2Jyb2lzZS1hcnQuZnJcL2pvdXJuYWxcL3dwLWNvbnRlbnRcL3VwbG9hZHNcLzIwMTdcLzA5XC9wb2VzaWVzLWNocmlzdGlhbi1icm9pc2UtNS5wbmciLCJzbGlkZXNob3ciOiJ4c3MzYzhlIn0%3D\" data-elementor-lightbox-description=\"D\u00e9calques. Recueil, textes et images) de Christian Broise\" href='https:\/\/broise-art.fr\/journal\/wp-content\/uploads\/2017\/09\/poesies-christian-broise-5.png'><img loading=\"lazy\" decoding=\"async\" width=\"300\" height=\"200\" src=\"https:\/\/broise-art.fr\/journal\/wp-content\/uploads\/2017\/09\/poesies-christian-broise-5-300x200.png\" class=\"attachment-medium size-medium\" alt=\"\" aria-describedby=\"gallery-1-1248\" srcset=\"https:\/\/broise-art.fr\/journal\/wp-content\/uploads\/2017\/09\/poesies-christian-broise-5-300x200.png 300w, https:\/\/broise-art.fr\/journal\/wp-content\/uploads\/2017\/09\/poesies-christian-broise-5.png 500w\" sizes=\"(max-width: 300px) 100vw, 300px\" \/><\/a>\n\t\t\t<\/div>\n\t\t\t\t<figcaption class='wp-caption-text gallery-caption' id='gallery-1-1248'>\n\t\t\t\tQuatri\u00e8me de couverture\n\t\t\t\t<\/figcaption><\/figure><figure class='gallery-item'>\n\t\t\t<div class='gallery-icon landscape'>\n\t\t\t\t<a data-elementor-open-lightbox=\"yes\" data-elementor-lightbox-slideshow=\"xss3c8e\" data-elementor-lightbox-title=\"Po\u00e9sies Christian Broise 6 cayounage\" data-e-action-hash=\"#elementor-action%3Aaction%3Dlightbox%26settings%3DeyJpZCI6MTI0NywidXJsIjoiaHR0cHM6XC9cL2Jyb2lzZS1hcnQuZnJcL2pvdXJuYWxcL3dwLWNvbnRlbnRcL3VwbG9hZHNcLzIwMTdcLzA5XC9wb2VzaWVzLWNocmlzdGlhbi1icm9pc2UtNi1jYXlvdW5hZ2UucG5nIiwic2xpZGVzaG93IjoieHNzM2M4ZSJ9\" data-elementor-lightbox-description=\"D\u00e9calques. Recueil, textes et images) de Christian Broise\" href='https:\/\/broise-art.fr\/journal\/wp-content\/uploads\/2017\/09\/poesies-christian-broise-6-cayounage.png'><img loading=\"lazy\" decoding=\"async\" width=\"300\" height=\"200\" src=\"https:\/\/broise-art.fr\/journal\/wp-content\/uploads\/2017\/09\/poesies-christian-broise-6-cayounage-300x200.png\" class=\"attachment-medium size-medium\" alt=\"\" aria-describedby=\"gallery-1-1247\" srcset=\"https:\/\/broise-art.fr\/journal\/wp-content\/uploads\/2017\/09\/poesies-christian-broise-6-cayounage-300x200.png 300w, https:\/\/broise-art.fr\/journal\/wp-content\/uploads\/2017\/09\/poesies-christian-broise-6-cayounage.png 500w\" sizes=\"(max-width: 300px) 100vw, 300px\" \/><\/a>\n\t\t\t<\/div>\n\t\t\t\t<figcaption class='wp-caption-text gallery-caption' id='gallery-1-1247'>\n\t\t\t\tUn exemple de page int\u00e9rieure: cayounage\n\t\t\t\t<\/figcaption><\/figure>\n\t\t<\/div>\n\t\t<\/div>\n\t\t\t\t\t\t<\/div>\n\t\t\t\t<\/div>\n\t\t\t\t\t<\/div>\n\t\t<\/div>\n\t\t\t\t\t<\/div>\n\t\t<\/section>\n\t\t\t\t<section class=\"elementor-section elementor-top-section elementor-element elementor-element-3d25060b elementor-section-boxed elementor-section-height-default elementor-section-height-default\" data-id=\"3d25060b\" data-element_type=\"section\">\n\t\t\t\t\t\t<div class=\"elementor-container elementor-column-gap-default\">\n\t\t\t\t\t<div class=\"elementor-column elementor-col-100 elementor-top-column elementor-element elementor-element-78d5d167\" data-id=\"78d5d167\" data-element_type=\"column\">\n\t\t\t<div class=\"elementor-widget-wrap elementor-element-populated\">\n\t\t\t\t\t\t<div class=\"elementor-element elementor-element-447580ab elementor-align-center elementor-widget elementor-widget-button\" data-id=\"447580ab\" data-element_type=\"widget\" data-widget_type=\"button.default\">\n\t\t\t\t<div class=\"elementor-widget-container\">\n\t\t\t\t\t\t\t\t\t<div class=\"elementor-button-wrapper\">\n\t\t\t\t\t<a class=\"elementor-button elementor-button-link elementor-size-sm\" href=\"https:\/\/broise-art.fr\/journal\/galeries-2017-2019-christian-broise\/\">\n\t\t\t\t\t\t<span class=\"elementor-button-content-wrapper\">\n\t\t\t\t\t\t\t\t\t<span class=\"elementor-button-text\">Retour au menu 2017-2018<\/span>\n\t\t\t\t\t<\/span>\n\t\t\t\t\t<\/a>\n\t\t\t\t<\/div>\n\t\t\t\t\t\t\t\t<\/div>\n\t\t\t\t<\/div>\n\t\t\t\t\t<\/div>\n\t\t<\/div>\n\t\t\t\t\t<\/div>\n\t\t<\/section>\n\t\t\t\t<\/div>\n\t\t","protected":false},"excerpt":{"rendered":"<p>R\u00e9alisation d&rsquo;un objet-livre fabriqu\u00e9 de fa\u00e7on artisanale \u00a0regroupant un ensemble de 19 feuillets compos\u00e9s d&rsquo;une image et d&rsquo;un texte.\u00a0Chaque feuillet est imprim\u00e9 au recto seulement \u00a0sur papier Kozo de 34 g.\u00a0Couverture: Torchon pour aquarelle 275 g. de Hahnem\u00fchle recouvert d&rsquo;une feuille de papier kozo. Contenu et d\u00e9marche, forme et contenu:\u00a0\u00ab\u00a0Les images r\u00e9ussies \u00e9chouent leurs calques [&hellip;]<\/p>\n","protected":false},"author":2,"featured_media":0,"parent":459,"menu_order":0,"comment_status":"closed","ping_status":"closed","template":"","meta":{"_seopress_robots_primary_cat":"","_seopress_titles_title":"Po\u00e9sie et images. D\u00e9-calques, de l'artiste Christian Broise","_seopress_titles_desc":"Po\u00e9sie. Livre d'artiste par Christian Broise. Le tirages a \u00e9t\u00e9 effectu\u00e9 par l'artiste lui m\u00eame. Il s'agissait dans ce projet d'une tentative de donner un prolongement aux images d\u00e9j\u00e0 r\u00e9alis\u00e9es sous la forme de textes po\u00e9tiques.","_seopress_robots_index":"","footnotes":""},"class_list":["post-1256","page","type-page","status-publish","hentry","entry"],"_links":{"self":[{"href":"https:\/\/broise-art.fr\/journal\/wp-json\/wp\/v2\/pages\/1256","targetHints":{"allow":["GET"]}}],"collection":[{"href":"https:\/\/broise-art.fr\/journal\/wp-json\/wp\/v2\/pages"}],"about":[{"href":"https:\/\/broise-art.fr\/journal\/wp-json\/wp\/v2\/types\/page"}],"author":[{"embeddable":true,"href":"https:\/\/broise-art.fr\/journal\/wp-json\/wp\/v2\/users\/2"}],"replies":[{"embeddable":true,"href":"https:\/\/broise-art.fr\/journal\/wp-json\/wp\/v2\/comments?post=1256"}],"version-history":[{"count":15,"href":"https:\/\/broise-art.fr\/journal\/wp-json\/wp\/v2\/pages\/1256\/revisions"}],"predecessor-version":[{"id":5629,"href":"https:\/\/broise-art.fr\/journal\/wp-json\/wp\/v2\/pages\/1256\/revisions\/5629"}],"up":[{"embeddable":true,"href":"https:\/\/broise-art.fr\/journal\/wp-json\/wp\/v2\/pages\/459"}],"wp:attachment":[{"href":"https:\/\/broise-art.fr\/journal\/wp-json\/wp\/v2\/media?parent=1256"}],"curies":[{"name":"wp","href":"https:\/\/api.w.org\/{rel}","templated":true}]}}