{"id":1233,"date":"2017-08-29T17:41:37","date_gmt":"2017-08-29T17:41:37","guid":{"rendered":"http:\/\/broise-art.fr\/journal\/?page_id=1233"},"modified":"2023-08-25T14:50:24","modified_gmt":"2023-08-25T14:50:24","slug":"danae","status":"publish","type":"page","link":"https:\/\/broise-art.fr\/journal\/enfers\/danae\/","title":{"rendered":"Dana\u00e9"},"content":{"rendered":"\t\t<div data-elementor-type=\"wp-post\" data-elementor-id=\"1233\" class=\"elementor elementor-1233\" data-elementor-post-type=\"page\">\n\t\t\t\t\t\t<section class=\"elementor-section elementor-top-section elementor-element elementor-element-d6znzzp elementor-section-boxed elementor-section-height-default elementor-section-height-default\" data-id=\"d6znzzp\" data-element_type=\"section\">\n\t\t\t\t\t\t<div class=\"elementor-container elementor-column-gap-default\">\n\t\t\t\t\t<div class=\"elementor-column elementor-col-100 elementor-top-column elementor-element elementor-element-ea4xuev\" data-id=\"ea4xuev\" data-element_type=\"column\">\n\t\t\t<div class=\"elementor-widget-wrap elementor-element-populated\">\n\t\t\t\t\t\t<div class=\"elementor-element elementor-element-13bfc30 elementor-position-top elementor-widget elementor-widget-image-box\" data-id=\"13bfc30\" data-element_type=\"widget\" data-widget_type=\"image-box.default\">\n\t\t\t\t<div class=\"elementor-widget-container\">\n\t\t\t\t\t<div class=\"elementor-image-box-wrapper\"><figure class=\"elementor-image-box-img\"><a href=\"https:\/\/broise-art.fr\/journal\/wp-content\/uploads\/2018\/02\/danae-2.jpg\" tabindex=\"-1\"><img fetchpriority=\"high\" decoding=\"async\" width=\"1000\" height=\"800\" src=\"https:\/\/broise-art.fr\/journal\/wp-content\/uploads\/2018\/02\/danae-2.jpg\" class=\"attachment-full size-full wp-image-1410\" alt=\"Dana\u00e9. Oeuvre originale\u00a0: tirage Fine Art de l&#039;artiste Christian Broise\" srcset=\"https:\/\/broise-art.fr\/journal\/wp-content\/uploads\/2018\/02\/danae-2.jpg 1000w, https:\/\/broise-art.fr\/journal\/wp-content\/uploads\/2018\/02\/danae-2-300x240.jpg 300w, https:\/\/broise-art.fr\/journal\/wp-content\/uploads\/2018\/02\/danae-2-768x614.jpg 768w\" sizes=\"(max-width: 1000px) 100vw, 1000px\" \/><\/a><\/figure><div class=\"elementor-image-box-content\"><h3 class=\"elementor-image-box-title\"><a href=\"https:\/\/broise-art.fr\/journal\/wp-content\/uploads\/2018\/02\/danae-2.jpg\">Dana\u00e9 2<\/a><\/h3><p class=\"elementor-image-box-description\">Dana\u00e9, Tirage pigmentaire<\/p><\/div><\/div>\t\t\t\t<\/div>\n\t\t\t\t<\/div>\n\t\t\t\t<div class=\"elementor-element elementor-element-fedb5f0 elementor-widget elementor-widget-text-editor\" data-id=\"fedb5f0\" data-element_type=\"widget\" data-widget_type=\"text-editor.default\">\n\t\t\t\t<div class=\"elementor-widget-container\">\n\t\t\t\t\t\t\t\t\t<h4 style=\"text-align: center;\">A propos de mon travail sur le mat\u00e9riau photographique<\/h4><p><span style=\"font-size: 16px;\">Edouard, qui donnerait tout le \u00ab\u00a0bien rendu\u00a0photographique \u00bb du travail de Gerhard Richter et les discours explicatifs des critiques autour de sa d\u00e9marche pour une seule peinture \u00ab\u00a0mal peinte\u00a0\u00bb d\u2019Anselm Kiefer (Pour paraphraser G. Richter \u00ab\u00a0Textes, 1962-1993\u00a0\u00bb, entretien dans lequel il affirme \u00e0 propos d\u2019A. Kiefer \u00ab\u00a0la seule chose que je redoute est de peindre aussi mal), se fait souvent cette r\u00e9flexion qu\u2019il ressent la m\u00eame profonde indiff\u00e9rence devant toute la photographie imprudemment appel\u00e9e \u00ab\u00a0objective\u00a0\u00bb qui ne lui semble n\u2019\u00eatre jamais autre chose qu\u2019un document, c\u2019est-\u00e0-dire de nouveau la trace d\u2019un sens qui reste obstin\u00e9ment \u00e0 pr\u00e9ciser, donc ailleurs.<\/span><\/p><p><span style=\"font-size: 16px;\">Pour lui donc, \u00e9ternellement trace, t\u00e9moignage, la photographie semble bien incapable de s\u2019\u00e9loigner de la position r\u00e9aliste qu\u2019elle occupe naturellement<\/span><\/p><div id=\"sdendnote1\"><p>D&rsquo;apr\u00e8s un extrait d&rsquo;une nouvelle de Christian Broise , <em>le discours de la mati\u00e8re.<\/em><\/p><\/div>\t\t\t\t\t\t\t\t<\/div>\n\t\t\t\t<\/div>\n\t\t\t\t\t<\/div>\n\t\t<\/div>\n\t\t\t\t\t<\/div>\n\t\t<\/section>\n\t\t\t\t<\/div>\n\t\t","protected":false},"excerpt":{"rendered":"<p>Dana\u00e9 2 Dana\u00e9, Tirage pigmentaire A propos de mon travail sur le mat\u00e9riau photographique Edouard, qui donnerait tout le \u00ab\u00a0bien rendu\u00a0photographique \u00bb du travail de Gerhard Richter et les discours explicatifs des critiques autour de sa d\u00e9marche pour une seule peinture \u00ab\u00a0mal peinte\u00a0\u00bb d\u2019Anselm Kiefer (Pour paraphraser G. Richter \u00ab\u00a0Textes, 1962-1993\u00a0\u00bb, entretien dans lequel il [&hellip;]<\/p>\n","protected":false},"author":2,"featured_media":0,"parent":4617,"menu_order":0,"comment_status":"closed","ping_status":"closed","template":"","meta":{"_seopress_robots_primary_cat":"","_seopress_titles_title":"Dana\u00e9.Oeuvre originale\u00a0: tirage Fine Art de l&#039;artiste Christian Broise","_seopress_titles_desc":"Impression pigmentaire sur le th\u00e8me \u00ab Dana\u00e9 \u00bb par l&#039;artiste Christian Broise. L\u2019\u0153uvre est le r\u00e9sultat d&#039;un travail bas\u00e9 sur l&#039;exploitation du mat\u00e9riau photographique. Le tirage est effectu\u00e9 par l&#039;artiste lui-m\u00eame et donne lieu \u00e0 une s\u00e9rie de 7 exemplaires maximum (tous formats confondus), certifi\u00e9s et sign\u00e9s.","_seopress_robots_index":"","footnotes":""},"class_list":["post-1233","page","type-page","status-publish","hentry","entry"],"_links":{"self":[{"href":"https:\/\/broise-art.fr\/journal\/wp-json\/wp\/v2\/pages\/1233","targetHints":{"allow":["GET"]}}],"collection":[{"href":"https:\/\/broise-art.fr\/journal\/wp-json\/wp\/v2\/pages"}],"about":[{"href":"https:\/\/broise-art.fr\/journal\/wp-json\/wp\/v2\/types\/page"}],"author":[{"embeddable":true,"href":"https:\/\/broise-art.fr\/journal\/wp-json\/wp\/v2\/users\/2"}],"replies":[{"embeddable":true,"href":"https:\/\/broise-art.fr\/journal\/wp-json\/wp\/v2\/comments?post=1233"}],"version-history":[{"count":140,"href":"https:\/\/broise-art.fr\/journal\/wp-json\/wp\/v2\/pages\/1233\/revisions"}],"predecessor-version":[{"id":6854,"href":"https:\/\/broise-art.fr\/journal\/wp-json\/wp\/v2\/pages\/1233\/revisions\/6854"}],"up":[{"embeddable":true,"href":"https:\/\/broise-art.fr\/journal\/wp-json\/wp\/v2\/pages\/4617"}],"wp:attachment":[{"href":"https:\/\/broise-art.fr\/journal\/wp-json\/wp\/v2\/media?parent=1233"}],"curies":[{"name":"wp","href":"https:\/\/api.w.org\/{rel}","templated":true}]}}