{"id":1116,"date":"2017-07-23T08:34:43","date_gmt":"2017-07-23T08:34:43","guid":{"rendered":"http:\/\/broise-art.fr\/journal\/?page_id=1116"},"modified":"2023-02-03T17:08:04","modified_gmt":"2023-02-03T17:08:04","slug":"peinture-deau","status":"publish","type":"page","link":"https:\/\/broise-art.fr\/journal\/immobiles\/peinture-deau\/","title":{"rendered":"Peinture d&rsquo;eau"},"content":{"rendered":"\t\t<div data-elementor-type=\"wp-post\" data-elementor-id=\"1116\" class=\"elementor elementor-1116\" data-elementor-post-type=\"page\">\n\t\t\t\t\t\t<section class=\"elementor-section elementor-top-section elementor-element elementor-element-ozohxdo elementor-section-full_width elementor-section-height-default elementor-section-height-default\" data-id=\"ozohxdo\" data-element_type=\"section\">\n\t\t\t\t\t\t<div class=\"elementor-container elementor-column-gap-default\">\n\t\t\t\t\t<div class=\"elementor-column elementor-col-100 elementor-top-column elementor-element elementor-element-wkxerch\" data-id=\"wkxerch\" data-element_type=\"column\">\n\t\t\t<div class=\"elementor-widget-wrap elementor-element-populated\">\n\t\t\t\t\t\t<div class=\"elementor-element elementor-element-irjwaxz elementor-position-top elementor-widget elementor-widget-image-box\" data-id=\"irjwaxz\" data-element_type=\"widget\" data-widget_type=\"image-box.default\">\n\t\t\t\t<div class=\"elementor-widget-container\">\n\t\t\t\t\t<div class=\"elementor-image-box-wrapper\"><figure class=\"elementor-image-box-img\"><a href=\"https:\/\/broise-art.fr\/journal\/wp-content\/uploads\/2017\/07\/Peintures-deau-2-sur-2.jpg\" target=\"_blank\" tabindex=\"-1\"><img fetchpriority=\"high\" decoding=\"async\" width=\"1000\" height=\"669\" src=\"https:\/\/broise-art.fr\/journal\/wp-content\/uploads\/2017\/07\/Peintures-deau-2-sur-2.jpg\" class=\"attachment-full size-full wp-image-1119\" alt=\"Peinture d&#039;eau. Oeuvre originale: tirage Fine Art de l&#039;artiste Christian Broise\" srcset=\"https:\/\/broise-art.fr\/journal\/wp-content\/uploads\/2017\/07\/Peintures-deau-2-sur-2.jpg 1000w, https:\/\/broise-art.fr\/journal\/wp-content\/uploads\/2017\/07\/Peintures-deau-2-sur-2-300x201.jpg 300w, https:\/\/broise-art.fr\/journal\/wp-content\/uploads\/2017\/07\/Peintures-deau-2-sur-2-768x514.jpg 768w\" sizes=\"(max-width: 1000px) 100vw, 1000px\" \/><\/a><\/figure><div class=\"elementor-image-box-content\"><h3 class=\"elementor-image-box-title\"><a href=\"https:\/\/broise-art.fr\/journal\/wp-content\/uploads\/2017\/07\/Peintures-deau-2-sur-2.jpg\" target=\"_blank\">Peinture d'eau 1<\/a><\/h3><\/div><\/div>\t\t\t\t<\/div>\n\t\t\t\t<\/div>\n\t\t\t\t<div class=\"elementor-element elementor-element-j49x88i elementor-position-top elementor-widget elementor-widget-image-box\" data-id=\"j49x88i\" data-element_type=\"widget\" data-widget_type=\"image-box.default\">\n\t\t\t\t<div class=\"elementor-widget-container\">\n\t\t\t\t\t<div class=\"elementor-image-box-wrapper\"><figure class=\"elementor-image-box-img\"><a href=\"https:\/\/broise-art.fr\/journal\/wp-content\/uploads\/2017\/07\/Peintures-deau-1-sur-2.jpg\" target=\"_blank\" tabindex=\"-1\"><img decoding=\"async\" width=\"667\" height=\"1000\" src=\"https:\/\/broise-art.fr\/journal\/wp-content\/uploads\/2017\/07\/Peintures-deau-1-sur-2.jpg\" class=\"attachment-full size-full wp-image-1118\" alt=\"Peinture d&#039;eau. Oeuvre originale: tirage Fine Art de l&#039;artiste Christian Broise\" srcset=\"https:\/\/broise-art.fr\/journal\/wp-content\/uploads\/2017\/07\/Peintures-deau-1-sur-2.jpg 667w, https:\/\/broise-art.fr\/journal\/wp-content\/uploads\/2017\/07\/Peintures-deau-1-sur-2-200x300.jpg 200w\" sizes=\"(max-width: 667px) 100vw, 667px\" \/><\/a><\/figure><div class=\"elementor-image-box-content\"><h3 class=\"elementor-image-box-title\"><a href=\"https:\/\/broise-art.fr\/journal\/wp-content\/uploads\/2017\/07\/Peintures-deau-1-sur-2.jpg\" target=\"_blank\">Peinture d'eau 2<\/a><\/h3><\/div><\/div>\t\t\t\t<\/div>\n\t\t\t\t<\/div>\n\t\t\t\t<div class=\"elementor-element elementor-element-0yt0zb1 elementor-widget elementor-widget-video\" data-id=\"0yt0zb1\" data-element_type=\"widget\" data-settings=\"{&quot;video_type&quot;:&quot;vimeo&quot;}\" data-widget_type=\"video.default\">\n\t\t\t\t<div class=\"elementor-widget-container\">\n\t\t\t\t\t\t\t<div class=\"elementor-wrapper elementor-open-inline\">\n\t\t\t<iframe class=\"elementor-video-iframe\" allowfullscreen allow=\"clipboard-write\" title=\"Lecteur vid\u00e9o vimeo\" src=\"https:\/\/player.vimeo.com\/video\/44259575?color&amp;autopause=0&amp;loop=0&amp;muted=0&amp;title=1&amp;portrait=1&amp;byline=1#t=\"><\/iframe>\t\t<\/div>\n\t\t\t\t\t\t<\/div>\n\t\t\t\t<\/div>\n\t\t\t\t<section class=\"elementor-section elementor-inner-section elementor-element elementor-element-p75wo3k elementor-section-boxed elementor-section-height-default elementor-section-height-default\" data-id=\"p75wo3k\" data-element_type=\"section\">\n\t\t\t\t\t\t<div class=\"elementor-container elementor-column-gap-default\">\n\t\t\t\t\t<div class=\"elementor-column elementor-col-100 elementor-inner-column elementor-element elementor-element-h9t94ew\" data-id=\"h9t94ew\" data-element_type=\"column\">\n\t\t\t<div class=\"elementor-widget-wrap elementor-element-populated\">\n\t\t\t\t\t\t<div class=\"elementor-element elementor-element-44yn4e8 elementor-widget elementor-widget-text-editor\" data-id=\"44yn4e8\" data-element_type=\"widget\" data-widget_type=\"text-editor.default\">\n\t\t\t\t<div class=\"elementor-widget-container\">\n\t\t\t\t\t\t\t\t\t<p style=\"text-align: justify;\">\u00ab\u00a0Les gens croient que la peinture et l&rsquo;\u00e9criture consistent \u00e0 reproduire les formes et la ressemblance. Non, le pinceau sert \u00e0 faire sortir les choses du chaos (&#8230;) \u00ab\u00a0Je pense que tous les peintres sont r\u00e9alistes pour eux-m\u00eames. Ils ne sont abstraits que pour les autres.\u00a0\u00bb<br \/>(&#8230;)\u00a0\u00bbPeindre, peindre, toujours peindre, encore peindre, le mieux possible, le vide et le plein, le l\u00e9ger et le dense, le vivant et le souffle.\u00a0\u00bb<\/p><p style=\"text-align: justify;\">Zao Wou-Ki,<em> Zao Wou-Ki, autoportrait<\/em>, Fayard, 1988<\/p>\t\t\t\t\t\t\t\t<\/div>\n\t\t\t\t<\/div>\n\t\t\t\t\t<\/div>\n\t\t<\/div>\n\t\t\t\t\t<\/div>\n\t\t<\/section>\n\t\t\t\t\t<\/div>\n\t\t<\/div>\n\t\t\t\t\t<\/div>\n\t\t<\/section>\n\t\t\t\t<\/div>\n\t\t","protected":false},"excerpt":{"rendered":"<p>Peinture d&rsquo;eau 1 Peinture d&rsquo;eau 2 https:\/\/vimeo.com\/44259575 \u00ab\u00a0Les gens croient que la peinture et l&rsquo;\u00e9criture consistent \u00e0 reproduire les formes et la ressemblance. Non, le pinceau sert \u00e0 faire sortir les choses du chaos (&#8230;) \u00ab\u00a0Je pense que tous les peintres sont r\u00e9alistes pour eux-m\u00eames. Ils ne sont abstraits que pour les autres.\u00a0\u00bb(&#8230;)\u00a0\u00bbPeindre, peindre, toujours [&hellip;]<\/p>\n","protected":false},"author":1,"featured_media":0,"parent":4605,"menu_order":0,"comment_status":"closed","ping_status":"closed","template":"","meta":{"_seopress_robots_primary_cat":"","_seopress_titles_title":"Peinture d&#039;eau. Oeuvre originale: tirage Fine Art de l&#039;artiste Christian Broise","_seopress_titles_desc":"Impression pigmentaire sur le th\u00e8me \u00ab Peinture d&#039;eau \u00bb par l&#039;artiste Christian Broise. L\u2019\u0153uvre est le r\u00e9sultat d&#039;un travail bas\u00e9 sur l&#039;exploitation du mat\u00e9riau photographique. Le tirage est effectu\u00e9 par l&#039;artiste lui-m\u00eame et donne lieu \u00e0 une s\u00e9rie de 7 exemplaires maximum (tous formats confondus), certifi\u00e9s et sign\u00e9s.","_seopress_robots_index":"","footnotes":""},"class_list":["post-1116","page","type-page","status-publish","hentry","entry"],"_links":{"self":[{"href":"https:\/\/broise-art.fr\/journal\/wp-json\/wp\/v2\/pages\/1116","targetHints":{"allow":["GET"]}}],"collection":[{"href":"https:\/\/broise-art.fr\/journal\/wp-json\/wp\/v2\/pages"}],"about":[{"href":"https:\/\/broise-art.fr\/journal\/wp-json\/wp\/v2\/types\/page"}],"author":[{"embeddable":true,"href":"https:\/\/broise-art.fr\/journal\/wp-json\/wp\/v2\/users\/1"}],"replies":[{"embeddable":true,"href":"https:\/\/broise-art.fr\/journal\/wp-json\/wp\/v2\/comments?post=1116"}],"version-history":[{"count":38,"href":"https:\/\/broise-art.fr\/journal\/wp-json\/wp\/v2\/pages\/1116\/revisions"}],"predecessor-version":[{"id":6541,"href":"https:\/\/broise-art.fr\/journal\/wp-json\/wp\/v2\/pages\/1116\/revisions\/6541"}],"up":[{"embeddable":true,"href":"https:\/\/broise-art.fr\/journal\/wp-json\/wp\/v2\/pages\/4605"}],"wp:attachment":[{"href":"https:\/\/broise-art.fr\/journal\/wp-json\/wp\/v2\/media?parent=1116"}],"curies":[{"name":"wp","href":"https:\/\/api.w.org\/{rel}","templated":true}]}}