{"id":1034,"date":"2017-07-22T08:27:07","date_gmt":"2017-07-22T08:27:07","guid":{"rendered":"http:\/\/broise-art.fr\/journal\/?page_id=1034"},"modified":"2023-09-14T09:44:56","modified_gmt":"2023-09-14T09:44:56","slug":"mythologiques","status":"publish","type":"page","link":"https:\/\/broise-art.fr\/journal\/enfers\/mythologiques\/","title":{"rendered":"Mythologiques"},"content":{"rendered":"\t\t<div data-elementor-type=\"wp-post\" data-elementor-id=\"1034\" class=\"elementor elementor-1034\" data-elementor-post-type=\"page\">\n\t\t\t\t\t\t<section class=\"elementor-section elementor-top-section elementor-element elementor-element-ozohxdo elementor-section-full_width elementor-section-height-default elementor-section-height-default\" data-id=\"ozohxdo\" data-element_type=\"section\">\n\t\t\t\t\t\t<div class=\"elementor-container elementor-column-gap-default\">\n\t\t\t\t\t<div class=\"elementor-column elementor-col-100 elementor-top-column elementor-element elementor-element-wkxerch\" data-id=\"wkxerch\" data-element_type=\"column\">\n\t\t\t<div class=\"elementor-widget-wrap elementor-element-populated\">\n\t\t\t\t\t\t<div class=\"elementor-element elementor-element-irjwaxz elementor-position-top elementor-widget elementor-widget-image-box\" data-id=\"irjwaxz\" data-element_type=\"widget\" data-widget_type=\"image-box.default\">\n\t\t\t\t<div class=\"elementor-widget-container\">\n\t\t\t\t\t<div class=\"elementor-image-box-wrapper\"><figure class=\"elementor-image-box-img\"><a href=\"https:\/\/broise-art.fr\/journal\/wp-content\/uploads\/2017\/07\/Mythologiques-6-sur-6.jpg\" target=\"_blank\" tabindex=\"-1\"><img fetchpriority=\"high\" decoding=\"async\" width=\"1000\" height=\"1000\" src=\"https:\/\/broise-art.fr\/journal\/wp-content\/uploads\/2017\/07\/Mythologiques-6-sur-6.jpg\" class=\"attachment-full size-full wp-image-1040\" alt=\"Mythologiques. Oeuvre originale: tirage Fine Art de l&#039;artiste Christian Broise\" srcset=\"https:\/\/broise-art.fr\/journal\/wp-content\/uploads\/2017\/07\/Mythologiques-6-sur-6.jpg 1000w, https:\/\/broise-art.fr\/journal\/wp-content\/uploads\/2017\/07\/Mythologiques-6-sur-6-150x150.jpg 150w, https:\/\/broise-art.fr\/journal\/wp-content\/uploads\/2017\/07\/Mythologiques-6-sur-6-300x300.jpg 300w, https:\/\/broise-art.fr\/journal\/wp-content\/uploads\/2017\/07\/Mythologiques-6-sur-6-768x768.jpg 768w\" sizes=\"(max-width: 1000px) 100vw, 1000px\" \/><\/a><\/figure><div class=\"elementor-image-box-content\"><h3 class=\"elementor-image-box-title\"><a href=\"https:\/\/broise-art.fr\/journal\/wp-content\/uploads\/2017\/07\/Mythologiques-6-sur-6.jpg\" target=\"_blank\">Mythologiques  1<\/a><\/h3><p class=\"elementor-image-box-description\">Mythologiques. Tirage pigmentaire<\/p><\/div><\/div>\t\t\t\t<\/div>\n\t\t\t\t<\/div>\n\t\t\t\t<div class=\"elementor-element elementor-element-j49x88i elementor-position-top elementor-widget elementor-widget-image-box\" data-id=\"j49x88i\" data-element_type=\"widget\" data-widget_type=\"image-box.default\">\n\t\t\t\t<div class=\"elementor-widget-container\">\n\t\t\t\t\t<div class=\"elementor-image-box-wrapper\"><figure class=\"elementor-image-box-img\"><a href=\"https:\/\/broise-art.fr\/journal\/wp-content\/uploads\/2017\/07\/Mythologiques-5-sur-6.jpg\" target=\"_blank\" tabindex=\"-1\"><img decoding=\"async\" width=\"1000\" height=\"1000\" src=\"https:\/\/broise-art.fr\/journal\/wp-content\/uploads\/2017\/07\/Mythologiques-5-sur-6.jpg\" class=\"attachment-full size-full wp-image-1039\" alt=\"Mythologiques. Oeuvre originale: tirage Fine Art de l&#039;artiste Christian Broise\" srcset=\"https:\/\/broise-art.fr\/journal\/wp-content\/uploads\/2017\/07\/Mythologiques-5-sur-6.jpg 1000w, https:\/\/broise-art.fr\/journal\/wp-content\/uploads\/2017\/07\/Mythologiques-5-sur-6-150x150.jpg 150w, https:\/\/broise-art.fr\/journal\/wp-content\/uploads\/2017\/07\/Mythologiques-5-sur-6-300x300.jpg 300w, https:\/\/broise-art.fr\/journal\/wp-content\/uploads\/2017\/07\/Mythologiques-5-sur-6-768x768.jpg 768w\" sizes=\"(max-width: 1000px) 100vw, 1000px\" \/><\/a><\/figure><div class=\"elementor-image-box-content\"><h3 class=\"elementor-image-box-title\"><a href=\"https:\/\/broise-art.fr\/journal\/wp-content\/uploads\/2017\/07\/Mythologiques-5-sur-6.jpg\" target=\"_blank\">Mythologiques  2<\/a><\/h3><p class=\"elementor-image-box-description\">Tirage pigmentaire<\/p><\/div><\/div>\t\t\t\t<\/div>\n\t\t\t\t<\/div>\n\t\t\t\t<div class=\"elementor-element elementor-element-ucv2rc2 elementor-position-top elementor-widget elementor-widget-image-box\" data-id=\"ucv2rc2\" data-element_type=\"widget\" data-widget_type=\"image-box.default\">\n\t\t\t\t<div class=\"elementor-widget-container\">\n\t\t\t\t\t<div class=\"elementor-image-box-wrapper\"><figure class=\"elementor-image-box-img\"><a href=\"https:\/\/broise-art.fr\/journal\/wp-content\/uploads\/2017\/07\/Mythologiques-4-sur-6.jpg\" target=\"_blank\" tabindex=\"-1\"><img decoding=\"async\" width=\"1000\" height=\"1000\" src=\"https:\/\/broise-art.fr\/journal\/wp-content\/uploads\/2017\/07\/Mythologiques-4-sur-6.jpg\" class=\"attachment-full size-full wp-image-1038\" alt=\"Mythologiques. Oeuvre originale: tirage Fine Art de l&#039;artiste Christian Broise\" srcset=\"https:\/\/broise-art.fr\/journal\/wp-content\/uploads\/2017\/07\/Mythologiques-4-sur-6.jpg 1000w, https:\/\/broise-art.fr\/journal\/wp-content\/uploads\/2017\/07\/Mythologiques-4-sur-6-150x150.jpg 150w, https:\/\/broise-art.fr\/journal\/wp-content\/uploads\/2017\/07\/Mythologiques-4-sur-6-300x300.jpg 300w, https:\/\/broise-art.fr\/journal\/wp-content\/uploads\/2017\/07\/Mythologiques-4-sur-6-768x768.jpg 768w\" sizes=\"(max-width: 1000px) 100vw, 1000px\" \/><\/a><\/figure><div class=\"elementor-image-box-content\"><h3 class=\"elementor-image-box-title\"><a href=\"https:\/\/broise-art.fr\/journal\/wp-content\/uploads\/2017\/07\/Mythologiques-4-sur-6.jpg\" target=\"_blank\">Mythologiques 3<\/a><\/h3><p class=\"elementor-image-box-description\">Tirage pigmentaire<\/p><\/div><\/div>\t\t\t\t<\/div>\n\t\t\t\t<\/div>\n\t\t\t\t<div class=\"elementor-element elementor-element-7my833p elementor-position-top elementor-widget elementor-widget-image-box\" data-id=\"7my833p\" data-element_type=\"widget\" data-widget_type=\"image-box.default\">\n\t\t\t\t<div class=\"elementor-widget-container\">\n\t\t\t\t\t<div class=\"elementor-image-box-wrapper\"><figure class=\"elementor-image-box-img\"><a href=\"https:\/\/broise-art.fr\/journal\/wp-content\/uploads\/2017\/07\/Mythologiques-3-sur-6.jpg\" target=\"_blank\" tabindex=\"-1\"><img loading=\"lazy\" decoding=\"async\" width=\"1000\" height=\"1000\" src=\"https:\/\/broise-art.fr\/journal\/wp-content\/uploads\/2017\/07\/Mythologiques-3-sur-6.jpg\" class=\"attachment-full size-full wp-image-1037\" alt=\"Mythologiques. Oeuvre originale: tirage Fine Art de l&#039;artiste Christian Broise\" srcset=\"https:\/\/broise-art.fr\/journal\/wp-content\/uploads\/2017\/07\/Mythologiques-3-sur-6.jpg 1000w, https:\/\/broise-art.fr\/journal\/wp-content\/uploads\/2017\/07\/Mythologiques-3-sur-6-150x150.jpg 150w, https:\/\/broise-art.fr\/journal\/wp-content\/uploads\/2017\/07\/Mythologiques-3-sur-6-300x300.jpg 300w, https:\/\/broise-art.fr\/journal\/wp-content\/uploads\/2017\/07\/Mythologiques-3-sur-6-768x768.jpg 768w\" sizes=\"(max-width: 1000px) 100vw, 1000px\" \/><\/a><\/figure><div class=\"elementor-image-box-content\"><h3 class=\"elementor-image-box-title\"><a href=\"https:\/\/broise-art.fr\/journal\/wp-content\/uploads\/2017\/07\/Mythologiques-3-sur-6.jpg\" target=\"_blank\">Mythologiques 4<\/a><\/h3><p class=\"elementor-image-box-description\">Tirage pigmentaire<\/p><\/div><\/div>\t\t\t\t<\/div>\n\t\t\t\t<\/div>\n\t\t\t\t<div class=\"elementor-element elementor-element-ltn8jya elementor-position-top elementor-widget elementor-widget-image-box\" data-id=\"ltn8jya\" data-element_type=\"widget\" data-widget_type=\"image-box.default\">\n\t\t\t\t<div class=\"elementor-widget-container\">\n\t\t\t\t\t<div class=\"elementor-image-box-wrapper\"><figure class=\"elementor-image-box-img\"><a href=\"https:\/\/broise-art.fr\/journal\/wp-content\/uploads\/2017\/07\/Mythologiques-2-sur-6.jpg\" target=\"_blank\" tabindex=\"-1\"><img loading=\"lazy\" decoding=\"async\" width=\"1000\" height=\"1000\" src=\"https:\/\/broise-art.fr\/journal\/wp-content\/uploads\/2017\/07\/Mythologiques-2-sur-6.jpg\" class=\"attachment-full size-full wp-image-1036\" alt=\"Mythologiques. Oeuvre originale: tirage Fine Art de l&#039;artiste Christian Broise\" srcset=\"https:\/\/broise-art.fr\/journal\/wp-content\/uploads\/2017\/07\/Mythologiques-2-sur-6.jpg 1000w, https:\/\/broise-art.fr\/journal\/wp-content\/uploads\/2017\/07\/Mythologiques-2-sur-6-150x150.jpg 150w, https:\/\/broise-art.fr\/journal\/wp-content\/uploads\/2017\/07\/Mythologiques-2-sur-6-300x300.jpg 300w, https:\/\/broise-art.fr\/journal\/wp-content\/uploads\/2017\/07\/Mythologiques-2-sur-6-768x768.jpg 768w\" sizes=\"(max-width: 1000px) 100vw, 1000px\" \/><\/a><\/figure><div class=\"elementor-image-box-content\"><h3 class=\"elementor-image-box-title\"><a href=\"https:\/\/broise-art.fr\/journal\/wp-content\/uploads\/2017\/07\/Mythologiques-2-sur-6.jpg\" target=\"_blank\">Mythologiques 5<\/a><\/h3><p class=\"elementor-image-box-description\">Tirage pigmentaire<\/p><\/div><\/div>\t\t\t\t<\/div>\n\t\t\t\t<\/div>\n\t\t\t\t<div class=\"elementor-element elementor-element-g861ckq elementor-position-top elementor-widget elementor-widget-image-box\" data-id=\"g861ckq\" data-element_type=\"widget\" data-widget_type=\"image-box.default\">\n\t\t\t\t<div class=\"elementor-widget-container\">\n\t\t\t\t\t<div class=\"elementor-image-box-wrapper\"><figure class=\"elementor-image-box-img\"><a href=\"https:\/\/broise-art.fr\/journal\/wp-content\/uploads\/2017\/07\/Mythologiques-1-sur-6.jpg\" target=\"_blank\" tabindex=\"-1\"><img loading=\"lazy\" decoding=\"async\" width=\"1000\" height=\"1000\" src=\"https:\/\/broise-art.fr\/journal\/wp-content\/uploads\/2017\/07\/Mythologiques-1-sur-6.jpg\" class=\"attachment-full size-full wp-image-1035\" alt=\"Mythologiques. Oeuvre originale: tirage Fine Art de l&#039;artiste Christian Broise\" srcset=\"https:\/\/broise-art.fr\/journal\/wp-content\/uploads\/2017\/07\/Mythologiques-1-sur-6.jpg 1000w, https:\/\/broise-art.fr\/journal\/wp-content\/uploads\/2017\/07\/Mythologiques-1-sur-6-150x150.jpg 150w, https:\/\/broise-art.fr\/journal\/wp-content\/uploads\/2017\/07\/Mythologiques-1-sur-6-300x300.jpg 300w, https:\/\/broise-art.fr\/journal\/wp-content\/uploads\/2017\/07\/Mythologiques-1-sur-6-768x768.jpg 768w\" sizes=\"(max-width: 1000px) 100vw, 1000px\" \/><\/a><\/figure><div class=\"elementor-image-box-content\"><h3 class=\"elementor-image-box-title\"><a href=\"https:\/\/broise-art.fr\/journal\/wp-content\/uploads\/2017\/07\/Mythologiques-1-sur-6.jpg\" target=\"_blank\">Mythologiques 6<\/a><\/h3><p class=\"elementor-image-box-description\">Tirage pigmentaire<\/p><\/div><\/div>\t\t\t\t<\/div>\n\t\t\t\t<\/div>\n\t\t\t\t\t<\/div>\n\t\t<\/div>\n\t\t\t\t\t<\/div>\n\t\t<\/section>\n\t\t\t\t<section class=\"elementor-section elementor-top-section elementor-element elementor-element-ytpopcd elementor-section-full_width elementor-section-height-default elementor-section-height-default\" data-id=\"ytpopcd\" data-element_type=\"section\">\n\t\t\t\t\t\t<div class=\"elementor-container elementor-column-gap-default\">\n\t\t\t\t\t<div class=\"elementor-column elementor-col-100 elementor-top-column elementor-element elementor-element-dwqelbz\" data-id=\"dwqelbz\" data-element_type=\"column\">\n\t\t\t<div class=\"elementor-widget-wrap elementor-element-populated\">\n\t\t\t\t\t\t<div class=\"elementor-element elementor-element-02gbg7p elementor-widget elementor-widget-text-editor\" data-id=\"02gbg7p\" data-element_type=\"widget\" data-widget_type=\"text-editor.default\">\n\t\t\t\t<div class=\"elementor-widget-container\">\n\t\t\t\t\t\t\t\t\t<p style=\"text-align: justify;\">\u00ab\u00a0L&rsquo;artiste peint ce qu&rsquo;il doit peindre. Il y encore des artistes qui se conforment au cr\u00e9puscule et aux grandes ombres; l&rsquo;aspect m\u00e9lancholique de ces moments de la journ\u00e9e avec les concepts tragiques que l&rsquo;art doit traiter; mais dans tout l&rsquo;art qui secoue, qui va de l&rsquo;avant, vers de nouvelles d\u00e9couvertes, l&rsquo;art d\u00e9forme.\u00a0\u00bb<\/p><p style=\"text-align: justify;\">Mark Rothko, <em>Ecrit sur l&rsquo;art 1934-1969<\/em>, Flammarion 2005, p.68.<\/p>\t\t\t\t\t\t\t\t<\/div>\n\t\t\t\t<\/div>\n\t\t\t\t<div class=\"elementor-element elementor-element-b0db914 elementor-widget elementor-widget-image\" data-id=\"b0db914\" data-element_type=\"widget\" data-widget_type=\"image.default\">\n\t\t\t\t<div class=\"elementor-widget-container\">\n\t\t\t\t\t\t\t\t\t\t\t\t<figure class=\"wp-caption\">\n\t\t\t\t\t\t\t\t\t\t\t<a href=\"https:\/\/broise-art.fr\/journal\/wp-content\/uploads\/2023\/09\/mythologiques_7_2009.jpg\" data-elementor-open-lightbox=\"yes\" data-elementor-lightbox-title=\"mythologiques_7_2009\" data-elementor-lightbox-description=\"Mythologiques VII. Oeuvre originale: tirage Fine Art de Christian Broise\" data-e-action-hash=\"#elementor-action%3Aaction%3Dlightbox%26settings%3DeyJpZCI6NjkyNiwidXJsIjoiaHR0cHM6XC9cL2Jyb2lzZS1hcnQuZnJcL2pvdXJuYWxcL3dwLWNvbnRlbnRcL3VwbG9hZHNcLzIwMjNcLzA5XC9teXRob2xvZ2lxdWVzXzdfMjAwOS5qcGcifQ%3D%3D\">\n\t\t\t\t\t\t\t<img loading=\"lazy\" decoding=\"async\" width=\"1000\" height=\"1000\" src=\"https:\/\/broise-art.fr\/journal\/wp-content\/uploads\/2023\/09\/mythologiques_7_2009.jpg\" class=\"attachment-full size-full wp-image-6926\" alt=\"Mythologiques VII. Oeuvre originale: tirage Fine Art de Christian Broise\" srcset=\"https:\/\/broise-art.fr\/journal\/wp-content\/uploads\/2023\/09\/mythologiques_7_2009.jpg 1000w, https:\/\/broise-art.fr\/journal\/wp-content\/uploads\/2023\/09\/mythologiques_7_2009-300x300.jpg 300w, https:\/\/broise-art.fr\/journal\/wp-content\/uploads\/2023\/09\/mythologiques_7_2009-150x150.jpg 150w, https:\/\/broise-art.fr\/journal\/wp-content\/uploads\/2023\/09\/mythologiques_7_2009-768x768.jpg 768w, https:\/\/broise-art.fr\/journal\/wp-content\/uploads\/2023\/09\/mythologiques_7_2009-600x600.jpg 600w\" sizes=\"(max-width: 1000px) 100vw, 1000px\" \/>\t\t\t\t\t\t\t\t<\/a>\n\t\t\t\t\t\t\t\t\t\t\t<figcaption class=\"widget-image-caption wp-caption-text\">Mythologiques VII<\/figcaption>\n\t\t\t\t\t\t\t\t\t\t<\/figure>\n\t\t\t\t\t\t\t\t\t<\/div>\n\t\t\t\t<\/div>\n\t\t\t\t<div class=\"elementor-element elementor-element-e5f8776 elementor-widget elementor-widget-image\" data-id=\"e5f8776\" data-element_type=\"widget\" data-widget_type=\"image.default\">\n\t\t\t\t<div class=\"elementor-widget-container\">\n\t\t\t\t\t\t\t\t\t\t\t\t<figure class=\"wp-caption\">\n\t\t\t\t\t\t\t\t\t\t\t<a href=\"https:\/\/broise-art.fr\/journal\/wp-content\/uploads\/2023\/09\/mythologiques_8_2009.jpg\" data-elementor-open-lightbox=\"yes\" data-elementor-lightbox-title=\"mythologiques_8_2009\" data-elementor-lightbox-description=\"Mythologiques VIII. Oeuvre originale: tirage Fine Art de Christian Broise\" data-e-action-hash=\"#elementor-action%3Aaction%3Dlightbox%26settings%3DeyJpZCI6NjkyNywidXJsIjoiaHR0cHM6XC9cL2Jyb2lzZS1hcnQuZnJcL2pvdXJuYWxcL3dwLWNvbnRlbnRcL3VwbG9hZHNcLzIwMjNcLzA5XC9teXRob2xvZ2lxdWVzXzhfMjAwOS5qcGcifQ%3D%3D\">\n\t\t\t\t\t\t\t<img loading=\"lazy\" decoding=\"async\" width=\"1000\" height=\"1000\" src=\"https:\/\/broise-art.fr\/journal\/wp-content\/uploads\/2023\/09\/mythologiques_8_2009.jpg\" class=\"attachment-full size-full wp-image-6927\" alt=\"Mythologiques VIII. Oeuvre originale: tirage Fine Art de Christian Broise\" srcset=\"https:\/\/broise-art.fr\/journal\/wp-content\/uploads\/2023\/09\/mythologiques_8_2009.jpg 1000w, https:\/\/broise-art.fr\/journal\/wp-content\/uploads\/2023\/09\/mythologiques_8_2009-300x300.jpg 300w, https:\/\/broise-art.fr\/journal\/wp-content\/uploads\/2023\/09\/mythologiques_8_2009-150x150.jpg 150w, https:\/\/broise-art.fr\/journal\/wp-content\/uploads\/2023\/09\/mythologiques_8_2009-768x768.jpg 768w, https:\/\/broise-art.fr\/journal\/wp-content\/uploads\/2023\/09\/mythologiques_8_2009-600x600.jpg 600w\" sizes=\"(max-width: 1000px) 100vw, 1000px\" \/>\t\t\t\t\t\t\t\t<\/a>\n\t\t\t\t\t\t\t\t\t\t\t<figcaption class=\"widget-image-caption wp-caption-text\">Mythologique VIII<\/figcaption>\n\t\t\t\t\t\t\t\t\t\t<\/figure>\n\t\t\t\t\t\t\t\t\t<\/div>\n\t\t\t\t<\/div>\n\t\t\t\t\t<\/div>\n\t\t<\/div>\n\t\t\t\t\t<\/div>\n\t\t<\/section>\n\t\t\t\t<\/div>\n\t\t","protected":false},"excerpt":{"rendered":"<p>Mythologiques 1 Mythologiques. Tirage pigmentaire Mythologiques 2 Tirage pigmentaire Mythologiques 3 Tirage pigmentaire Mythologiques 4 Tirage pigmentaire Mythologiques 5 Tirage pigmentaire Mythologiques 6 Tirage pigmentaire \u00ab\u00a0L&rsquo;artiste peint ce qu&rsquo;il doit peindre. Il y encore des artistes qui se conforment au cr\u00e9puscule et aux grandes ombres; l&rsquo;aspect m\u00e9lancholique de ces moments de la journ\u00e9e avec les [&hellip;]<\/p>\n","protected":false},"author":1,"featured_media":0,"parent":4617,"menu_order":0,"comment_status":"closed","ping_status":"closed","template":"","meta":{"_seopress_robots_primary_cat":"","_seopress_titles_title":"Mythologiques. Oeuvre originale: tirage Fine Art de l&#039;artiste Christian Broise","_seopress_titles_desc":"Impression pigmentaire sur le th\u00e8me \u00ab Mythologiques \u00bb par l&#039;artiste Christian Broise. L\u2019\u0153uvre est le r\u00e9sultat d&#039;un travail bas\u00e9 sur l&#039;exploitation du mat\u00e9riau photographique. Le tirage est effectu\u00e9 par l&#039;artiste lui-m\u00eame et donne lieu \u00e0 une s\u00e9rie de 7 exemplaires maximum (tous formats confondus), certifi\u00e9s et sign\u00e9s.","_seopress_robots_index":"","footnotes":""},"class_list":["post-1034","page","type-page","status-publish","hentry","entry"],"_links":{"self":[{"href":"https:\/\/broise-art.fr\/journal\/wp-json\/wp\/v2\/pages\/1034","targetHints":{"allow":["GET"]}}],"collection":[{"href":"https:\/\/broise-art.fr\/journal\/wp-json\/wp\/v2\/pages"}],"about":[{"href":"https:\/\/broise-art.fr\/journal\/wp-json\/wp\/v2\/types\/page"}],"author":[{"embeddable":true,"href":"https:\/\/broise-art.fr\/journal\/wp-json\/wp\/v2\/users\/1"}],"replies":[{"embeddable":true,"href":"https:\/\/broise-art.fr\/journal\/wp-json\/wp\/v2\/comments?post=1034"}],"version-history":[{"count":34,"href":"https:\/\/broise-art.fr\/journal\/wp-json\/wp\/v2\/pages\/1034\/revisions"}],"predecessor-version":[{"id":6931,"href":"https:\/\/broise-art.fr\/journal\/wp-json\/wp\/v2\/pages\/1034\/revisions\/6931"}],"up":[{"embeddable":true,"href":"https:\/\/broise-art.fr\/journal\/wp-json\/wp\/v2\/pages\/4617"}],"wp:attachment":[{"href":"https:\/\/broise-art.fr\/journal\/wp-json\/wp\/v2\/media?parent=1034"}],"curies":[{"name":"wp","href":"https:\/\/api.w.org\/{rel}","templated":true}]}}