{"id":1026,"date":"2017-07-22T08:09:37","date_gmt":"2017-07-22T08:09:37","guid":{"rendered":"http:\/\/broise-art.fr\/journal\/?page_id=1026"},"modified":"2023-02-03T17:36:51","modified_gmt":"2023-02-03T17:36:51","slug":"fenetres","status":"publish","type":"page","link":"https:\/\/broise-art.fr\/journal\/menu_rivages\/fenetres\/","title":{"rendered":"Fen\u00eatres"},"content":{"rendered":"\t\t<div data-elementor-type=\"wp-post\" data-elementor-id=\"1026\" class=\"elementor elementor-1026\" data-elementor-post-type=\"page\">\n\t\t\t\t\t\t<section class=\"elementor-section elementor-top-section elementor-element elementor-element-ozohxdo elementor-section-full_width elementor-section-height-default elementor-section-height-default\" data-id=\"ozohxdo\" data-element_type=\"section\">\n\t\t\t\t\t\t<div class=\"elementor-container elementor-column-gap-default\">\n\t\t\t\t\t<div class=\"elementor-column elementor-col-100 elementor-top-column elementor-element elementor-element-wkxerch\" data-id=\"wkxerch\" data-element_type=\"column\">\n\t\t\t<div class=\"elementor-widget-wrap elementor-element-populated\">\n\t\t\t\t\t\t<div class=\"elementor-element elementor-element-irjwaxz elementor-position-top elementor-widget elementor-widget-image-box\" data-id=\"irjwaxz\" data-element_type=\"widget\" data-widget_type=\"image-box.default\">\n\t\t\t\t<div class=\"elementor-widget-container\">\n\t\t\t\t\t<div class=\"elementor-image-box-wrapper\"><figure class=\"elementor-image-box-img\"><a href=\"https:\/\/broise-art.fr\/journal\/wp-content\/uploads\/2017\/07\/Fen\u00eatres-2-sur-2.jpg\" target=\"_blank\" tabindex=\"-1\"><img fetchpriority=\"high\" decoding=\"async\" width=\"667\" height=\"1000\" src=\"https:\/\/broise-art.fr\/journal\/wp-content\/uploads\/2017\/07\/Fen\u00eatres-2-sur-2.jpg\" class=\"attachment-full size-full wp-image-1028\" alt=\"Fen\u00eatres. Oeuvre originale: tirage Fine Art de l&#039;artiste Christian Broise\" srcset=\"https:\/\/broise-art.fr\/journal\/wp-content\/uploads\/2017\/07\/Fen\u00eatres-2-sur-2.jpg 667w, https:\/\/broise-art.fr\/journal\/wp-content\/uploads\/2017\/07\/Fen\u00eatres-2-sur-2-200x300.jpg 200w\" sizes=\"(max-width: 667px) 100vw, 667px\" \/><\/a><\/figure><div class=\"elementor-image-box-content\"><h3 class=\"elementor-image-box-title\"><a href=\"https:\/\/broise-art.fr\/journal\/wp-content\/uploads\/2017\/07\/Fen\u00eatres-2-sur-2.jpg\" target=\"_blank\">Fen\u00eatres 1<\/a><\/h3><p class=\"elementor-image-box-description\">Fen\u00eatres. Tirage pigmentaire<\/p><\/div><\/div>\t\t\t\t<\/div>\n\t\t\t\t<\/div>\n\t\t\t\t<div class=\"elementor-element elementor-element-j49x88i elementor-position-top elementor-widget elementor-widget-image-box\" data-id=\"j49x88i\" data-element_type=\"widget\" data-widget_type=\"image-box.default\">\n\t\t\t\t<div class=\"elementor-widget-container\">\n\t\t\t\t\t<div class=\"elementor-image-box-wrapper\"><figure class=\"elementor-image-box-img\"><a href=\"https:\/\/broise-art.fr\/journal\/wp-content\/uploads\/2017\/07\/Fen\u00eatres-1-sur-2.jpg\" target=\"_blank\" tabindex=\"-1\"><img decoding=\"async\" width=\"669\" height=\"1000\" src=\"https:\/\/broise-art.fr\/journal\/wp-content\/uploads\/2017\/07\/Fen\u00eatres-1-sur-2.jpg\" class=\"attachment-full size-full wp-image-1027\" alt=\"Fen\u00eatres. Oeuvre originale: tirage Fine Art de l&#039;artiste Christian Broise\" srcset=\"https:\/\/broise-art.fr\/journal\/wp-content\/uploads\/2017\/07\/Fen\u00eatres-1-sur-2.jpg 669w, https:\/\/broise-art.fr\/journal\/wp-content\/uploads\/2017\/07\/Fen\u00eatres-1-sur-2-201x300.jpg 201w\" sizes=\"(max-width: 669px) 100vw, 669px\" \/><\/a><\/figure><div class=\"elementor-image-box-content\"><h3 class=\"elementor-image-box-title\"><a href=\"https:\/\/broise-art.fr\/journal\/wp-content\/uploads\/2017\/07\/Fen\u00eatres-1-sur-2.jpg\" target=\"_blank\">Fen\u00eatres 2<\/a><\/h3><p class=\"elementor-image-box-description\">Tirage pigmentaire<\/p><\/div><\/div>\t\t\t\t<\/div>\n\t\t\t\t<\/div>\n\t\t\t\t\t<\/div>\n\t\t<\/div>\n\t\t\t\t\t<\/div>\n\t\t<\/section>\n\t\t\t\t<section class=\"elementor-section elementor-top-section elementor-element elementor-element-3f85566 elementor-section-boxed elementor-section-height-default elementor-section-height-default\" data-id=\"3f85566\" data-element_type=\"section\">\n\t\t\t\t\t\t<div class=\"elementor-container elementor-column-gap-default\">\n\t\t\t\t\t<div class=\"elementor-column elementor-col-100 elementor-top-column elementor-element elementor-element-5f98f5e\" data-id=\"5f98f5e\" data-element_type=\"column\">\n\t\t\t<div class=\"elementor-widget-wrap elementor-element-populated\">\n\t\t\t\t\t\t<div class=\"elementor-element elementor-element-cagxz39 elementor-widget elementor-widget-text-editor\" data-id=\"cagxz39\" data-element_type=\"widget\" data-widget_type=\"text-editor.default\">\n\t\t\t\t<div class=\"elementor-widget-container\">\n\t\t\t\t\t\t\t\t\t<p style=\"text-align: left;\">\u00ab\u00a0L&rsquo;art de peindre\u00a0\u00bb<\/p><p style=\"text-align: left;\">Je r\u00eave<br \/>je ne peins pas,<br \/>je r\u00eave<br \/>De traits et de couleurs<br \/>pos\u00e9s sans moi.<br \/>Seule l&rsquo;\u00e9nergie passe<br \/>\u00e9puisant l&rsquo;autre partie<br \/>d&rsquo;un moi que je ne connais pas<\/p><p style=\"text-align: left;\">Bernard Roudet, <em>Id\u00e9es noires<\/em>, Edition Phimag, Grenoble, decembre 2007<\/p>\t\t\t\t\t\t\t\t<\/div>\n\t\t\t\t<\/div>\n\t\t\t\t\t<\/div>\n\t\t<\/div>\n\t\t\t\t\t<\/div>\n\t\t<\/section>\n\t\t\t\t<\/div>\n\t\t","protected":false},"excerpt":{"rendered":"<p>Fen\u00eatres 1 Fen\u00eatres. Tirage pigmentaire Fen\u00eatres 2 Tirage pigmentaire \u00ab\u00a0L&rsquo;art de peindre\u00a0\u00bb Je r\u00eaveje ne peins pas,je r\u00eaveDe traits et de couleurspos\u00e9s sans moi.Seule l&rsquo;\u00e9nergie passe\u00e9puisant l&rsquo;autre partied&rsquo;un moi que je ne connais pas Bernard Roudet, Id\u00e9es noires, Edition Phimag, Grenoble, decembre 2007<\/p>\n","protected":false},"author":1,"featured_media":0,"parent":4702,"menu_order":0,"comment_status":"closed","ping_status":"closed","template":"","meta":{"_seopress_robots_primary_cat":"","_seopress_titles_title":"Fen\u00eatres. Oeuvre originale: tirage Fine Art de l&#039;artiste Christian Broise","_seopress_titles_desc":"Impression pigmentaire sur le th\u00e8me \u00ab Fen\u00eatres \u00bb par l&#039;artiste Christian Broise. L\u2019\u0153uvre est le r\u00e9sultat d&#039;un travail bas\u00e9 sur l&#039;exploitation du mat\u00e9riau photographique. Le tirage est effectu\u00e9 par l&#039;artiste lui-m\u00eame et donne lieu \u00e0 une s\u00e9rie de 7 exemplaires maximum (tous formats confondus), certifi\u00e9s et sign\u00e9s.","_seopress_robots_index":"","footnotes":""},"class_list":["post-1026","page","type-page","status-publish","hentry","entry"],"_links":{"self":[{"href":"https:\/\/broise-art.fr\/journal\/wp-json\/wp\/v2\/pages\/1026","targetHints":{"allow":["GET"]}}],"collection":[{"href":"https:\/\/broise-art.fr\/journal\/wp-json\/wp\/v2\/pages"}],"about":[{"href":"https:\/\/broise-art.fr\/journal\/wp-json\/wp\/v2\/types\/page"}],"author":[{"embeddable":true,"href":"https:\/\/broise-art.fr\/journal\/wp-json\/wp\/v2\/users\/1"}],"replies":[{"embeddable":true,"href":"https:\/\/broise-art.fr\/journal\/wp-json\/wp\/v2\/comments?post=1026"}],"version-history":[{"count":25,"href":"https:\/\/broise-art.fr\/journal\/wp-json\/wp\/v2\/pages\/1026\/revisions"}],"predecessor-version":[{"id":6648,"href":"https:\/\/broise-art.fr\/journal\/wp-json\/wp\/v2\/pages\/1026\/revisions\/6648"}],"up":[{"embeddable":true,"href":"https:\/\/broise-art.fr\/journal\/wp-json\/wp\/v2\/pages\/4702"}],"wp:attachment":[{"href":"https:\/\/broise-art.fr\/journal\/wp-json\/wp\/v2\/media?parent=1026"}],"curies":[{"name":"wp","href":"https:\/\/api.w.org\/{rel}","templated":true}]}}