{"id":1014,"date":"2017-07-22T07:58:34","date_gmt":"2017-07-22T07:58:34","guid":{"rendered":"http:\/\/broise-art.fr\/journal\/?page_id=1014"},"modified":"2023-02-03T17:23:03","modified_gmt":"2023-02-03T17:23:03","slug":"pandore","status":"publish","type":"page","link":"https:\/\/broise-art.fr\/journal\/menu_rivages\/pandore\/","title":{"rendered":"Pandore"},"content":{"rendered":"\t\t<div data-elementor-type=\"wp-post\" data-elementor-id=\"1014\" class=\"elementor elementor-1014\" data-elementor-post-type=\"page\">\n\t\t\t\t\t\t<section class=\"elementor-section elementor-top-section elementor-element elementor-element-edhkthf elementor-section-full_width elementor-section-height-default elementor-section-height-default\" data-id=\"edhkthf\" data-element_type=\"section\">\n\t\t\t\t\t\t<div class=\"elementor-container elementor-column-gap-default\">\n\t\t\t\t\t<div class=\"elementor-column elementor-col-100 elementor-top-column elementor-element elementor-element-jrmwuji\" data-id=\"jrmwuji\" data-element_type=\"column\">\n\t\t\t<div class=\"elementor-widget-wrap elementor-element-populated\">\n\t\t\t\t\t\t<div class=\"elementor-element elementor-element-qfyrolz elementor-position-top elementor-widget elementor-widget-image-box\" data-id=\"qfyrolz\" data-element_type=\"widget\" data-widget_type=\"image-box.default\">\n\t\t\t\t<div class=\"elementor-widget-container\">\n\t\t\t\t\t<div class=\"elementor-image-box-wrapper\"><figure class=\"elementor-image-box-img\"><a href=\"https:\/\/broise-art.fr\/journal\/wp-content\/uploads\/2017\/07\/Pandore-1-sur-2.jpg\" target=\"_blank\" tabindex=\"-1\"><img fetchpriority=\"high\" decoding=\"async\" width=\"1000\" height=\"669\" src=\"https:\/\/broise-art.fr\/journal\/wp-content\/uploads\/2017\/07\/Pandore-1-sur-2.jpg\" class=\"attachment-full size-full wp-image-945\" alt=\"Pandore. Oeuvre originale: tirage Fine Art de l&#039;artiste Christian Broise\" srcset=\"https:\/\/broise-art.fr\/journal\/wp-content\/uploads\/2017\/07\/Pandore-1-sur-2.jpg 1000w, https:\/\/broise-art.fr\/journal\/wp-content\/uploads\/2017\/07\/Pandore-1-sur-2-300x201.jpg 300w, https:\/\/broise-art.fr\/journal\/wp-content\/uploads\/2017\/07\/Pandore-1-sur-2-768x514.jpg 768w\" sizes=\"(max-width: 1000px) 100vw, 1000px\" \/><\/a><\/figure><div class=\"elementor-image-box-content\"><h3 class=\"elementor-image-box-title\"><a href=\"https:\/\/broise-art.fr\/journal\/wp-content\/uploads\/2017\/07\/Pandore-1-sur-2.jpg\" target=\"_blank\">Pandore 1<\/a><\/h3><p class=\"elementor-image-box-description\">Pandore. Impression pigmentaire<\/p><\/div><\/div>\t\t\t\t<\/div>\n\t\t\t\t<\/div>\n\t\t\t\t\t<\/div>\n\t\t<\/div>\n\t\t\t\t\t<\/div>\n\t\t<\/section>\n\t\t\t\t<section class=\"elementor-section elementor-top-section elementor-element elementor-element-cvgivnc elementor-section-full_width elementor-section-height-default elementor-section-height-default\" data-id=\"cvgivnc\" data-element_type=\"section\">\n\t\t\t\t\t\t<div class=\"elementor-container elementor-column-gap-default\">\n\t\t\t\t\t<div class=\"elementor-column elementor-col-100 elementor-top-column elementor-element elementor-element-xvufeob\" data-id=\"xvufeob\" data-element_type=\"column\">\n\t\t\t<div class=\"elementor-widget-wrap elementor-element-populated\">\n\t\t\t\t\t\t<div class=\"elementor-element elementor-element-rfaofga elementor-position-top elementor-widget elementor-widget-image-box\" data-id=\"rfaofga\" data-element_type=\"widget\" data-widget_type=\"image-box.default\">\n\t\t\t\t<div class=\"elementor-widget-container\">\n\t\t\t\t\t<div class=\"elementor-image-box-wrapper\"><figure class=\"elementor-image-box-img\"><a href=\"https:\/\/broise-art.fr\/journal\/wp-content\/uploads\/2017\/07\/Pandore-2-sur-2.jpg\" target=\"_blank\" tabindex=\"-1\"><img decoding=\"async\" width=\"1000\" height=\"669\" src=\"https:\/\/broise-art.fr\/journal\/wp-content\/uploads\/2017\/07\/Pandore-2-sur-2.jpg\" class=\"attachment-full size-full wp-image-946\" alt=\"Pandore. Oeuvre originale: tirage Fine Art de l&#039;artiste Christian Broise\" srcset=\"https:\/\/broise-art.fr\/journal\/wp-content\/uploads\/2017\/07\/Pandore-2-sur-2.jpg 1000w, https:\/\/broise-art.fr\/journal\/wp-content\/uploads\/2017\/07\/Pandore-2-sur-2-300x201.jpg 300w, https:\/\/broise-art.fr\/journal\/wp-content\/uploads\/2017\/07\/Pandore-2-sur-2-768x514.jpg 768w\" sizes=\"(max-width: 1000px) 100vw, 1000px\" \/><\/a><\/figure><div class=\"elementor-image-box-content\"><h3 class=\"elementor-image-box-title\"><a href=\"https:\/\/broise-art.fr\/journal\/wp-content\/uploads\/2017\/07\/Pandore-2-sur-2.jpg\" target=\"_blank\">Pandore 2<\/a><\/h3><p class=\"elementor-image-box-description\">Tirage pigmentaire<\/p><\/div><\/div>\t\t\t\t<\/div>\n\t\t\t\t<\/div>\n\t\t\t\t\t<\/div>\n\t\t<\/div>\n\t\t\t\t\t<\/div>\n\t\t<\/section>\n\t\t\t\t<section class=\"elementor-section elementor-top-section elementor-element elementor-element-iskgsqm elementor-section-height-min-height elementor-section-content-middle elementor-section-boxed elementor-section-height-default elementor-section-items-middle\" data-id=\"iskgsqm\" data-element_type=\"section\">\n\t\t\t\t\t\t<div class=\"elementor-container elementor-column-gap-default\">\n\t\t\t\t\t<div class=\"elementor-column elementor-col-100 elementor-top-column elementor-element elementor-element-ghminhu\" data-id=\"ghminhu\" data-element_type=\"column\">\n\t\t\t<div class=\"elementor-widget-wrap elementor-element-populated\">\n\t\t\t\t\t\t<div class=\"elementor-element elementor-element-mmmyjnc elementor-widget elementor-widget-text-editor\" data-id=\"mmmyjnc\" data-element_type=\"widget\" data-widget_type=\"text-editor.default\">\n\t\t\t\t<div class=\"elementor-widget-container\">\n\t\t\t\t\t\t\t\t\t<p style=\"text-align: justify;\">Et, courrouc\u00e9, Zeus qui assemble les nu\u00e9es lui dit : \u00abFils de Japet, qui en sais plus que tous les autres, tu ris d&rsquo;avoir vol\u00e9 le feu et tromp\u00e9 mon \u00e2me, pour ton plus grand malheur, \u00e0 toi, comme aux hommes \u00e0 na\u00eetre : moi, en place du feu, je leur ferai pr\u00e9sent d&rsquo;un mal en qui, tous, au fond du coeur, se complairont \u00e0 entourer d&rsquo;amour leur propre malheur.\u00bb<\/p><p style=\"text-align: justify;\">H\u00e9siode, <em>Travaux et jours<\/em>, v.50-53<\/p>\t\t\t\t\t\t\t\t<\/div>\n\t\t\t\t<\/div>\n\t\t\t\t<div class=\"elementor-element elementor-element-vo48row elementor-widget elementor-widget-video\" data-id=\"vo48row\" data-element_type=\"widget\" data-settings=\"{&quot;video_type&quot;:&quot;vimeo&quot;}\" data-widget_type=\"video.default\">\n\t\t\t\t<div class=\"elementor-widget-container\">\n\t\t\t\t\t\t\t<div class=\"elementor-wrapper elementor-open-inline\">\n\t\t\t<iframe class=\"elementor-video-iframe\" allowfullscreen allow=\"clipboard-write\" title=\"Lecteur vid\u00e9o vimeo\" src=\"https:\/\/player.vimeo.com\/video\/71636405?color&amp;autopause=0&amp;loop=0&amp;muted=0&amp;title=1&amp;portrait=1&amp;byline=1#t=\"><\/iframe>\t\t<\/div>\n\t\t\t\t\t\t<\/div>\n\t\t\t\t<\/div>\n\t\t\t\t<div class=\"elementor-element elementor-element-80332b9 elementor-widget elementor-widget-text-editor\" data-id=\"80332b9\" data-element_type=\"widget\" data-widget_type=\"text-editor.default\">\n\t\t\t\t<div class=\"elementor-widget-container\">\n\t\t\t\t\t\t\t\t\t<p style=\"text-align: left;\">\u00ab\u00a0Il Vaso di Pandora\u00a0\u00bb is an audiovisual work inspired by the myth of Pandora&rsquo;s box. The work in fact is built on altering the state of purity, or evils-free, and exploits the interconnection between the recorded performance of the \u00ab\u00a0pre-textual\u00a0\u00bb poet Gianni Fontana, the original music of Gabriele Paolozzi, and the original triptych video of Diego Capoccitti.<\/p><p style=\"text-align: left;\">Opera audiovisiva di Gabriele Paolozzi e Diego Capoccitti.<\/p><p style=\"text-align: left;\">Video di Diego Capoccitti Musica di Gabriele PaolozziVoce di Giovanni Fontana<\/p><p><em>Reproduit ici avec l&rsquo;aimable autorisation de l&rsquo;auteur.<\/em><\/p>\t\t\t\t\t\t\t\t<\/div>\n\t\t\t\t<\/div>\n\t\t\t\t\t<\/div>\n\t\t<\/div>\n\t\t\t\t\t<\/div>\n\t\t<\/section>\n\t\t\t\t<\/div>\n\t\t","protected":false},"excerpt":{"rendered":"<p>Pandore 1 Pandore. Impression pigmentaire Pandore 2 Tirage pigmentaire Et, courrouc\u00e9, Zeus qui assemble les nu\u00e9es lui dit : \u00abFils de Japet, qui en sais plus que tous les autres, tu ris d&rsquo;avoir vol\u00e9 le feu et tromp\u00e9 mon \u00e2me, pour ton plus grand malheur, \u00e0 toi, comme aux hommes \u00e0 na\u00eetre : moi, en [&hellip;]<\/p>\n","protected":false},"author":1,"featured_media":0,"parent":4702,"menu_order":0,"comment_status":"closed","ping_status":"closed","template":"","meta":{"_seopress_robots_primary_cat":"","_seopress_titles_title":"Pandore. Oeuvre originale: tirage Fine Art de l&#039;artiste Christian Broise","_seopress_titles_desc":"Impression pigmentaire sur le th\u00e8me \u00ab Pandore \u00bb par l&#039;artiste Christian Broise. L\u2019\u0153uvre est le r\u00e9sultat d&#039;un travail bas\u00e9 sur l&#039;exploitation du mat\u00e9riau photographique. Le tirage est effectu\u00e9 par l&#039;artiste lui-m\u00eame et donne lieu \u00e0 une s\u00e9rie de 7 exemplaires maximum (tous formats confondus), certifi\u00e9s et sign\u00e9s.","_seopress_robots_index":"","footnotes":""},"class_list":["post-1014","page","type-page","status-publish","hentry","entry"],"_links":{"self":[{"href":"https:\/\/broise-art.fr\/journal\/wp-json\/wp\/v2\/pages\/1014","targetHints":{"allow":["GET"]}}],"collection":[{"href":"https:\/\/broise-art.fr\/journal\/wp-json\/wp\/v2\/pages"}],"about":[{"href":"https:\/\/broise-art.fr\/journal\/wp-json\/wp\/v2\/types\/page"}],"author":[{"embeddable":true,"href":"https:\/\/broise-art.fr\/journal\/wp-json\/wp\/v2\/users\/1"}],"replies":[{"embeddable":true,"href":"https:\/\/broise-art.fr\/journal\/wp-json\/wp\/v2\/comments?post=1014"}],"version-history":[{"count":20,"href":"https:\/\/broise-art.fr\/journal\/wp-json\/wp\/v2\/pages\/1014\/revisions"}],"predecessor-version":[{"id":6604,"href":"https:\/\/broise-art.fr\/journal\/wp-json\/wp\/v2\/pages\/1014\/revisions\/6604"}],"up":[{"embeddable":true,"href":"https:\/\/broise-art.fr\/journal\/wp-json\/wp\/v2\/pages\/4702"}],"wp:attachment":[{"href":"https:\/\/broise-art.fr\/journal\/wp-json\/wp\/v2\/media?parent=1014"}],"curies":[{"name":"wp","href":"https:\/\/api.w.org\/{rel}","templated":true}]}}